{"id":16732,"date":"2026-04-20T03:15:24","date_gmt":"2026-04-20T00:15:24","guid":{"rendered":"https:\/\/kasskoer.ee\/product\/brit-veterinary-diet-joint-mobility-erisoot-koertele-12kg-2\/"},"modified":"2026-04-20T03:15:24","modified_gmt":"2026-04-20T00:15:24","slug":"brit-veterinary-diet-joint-mobility-erisoot-koertele-12kg","status":"publish","type":"product","link":"https:\/\/kasskoer.ee\/en\/toode\/brit-veterinary-diet-joint-mobility-erisoot-koertele-12kg\/","title":{"rendered":"Brit Veterinary Diet Joint &#038; Mobility eris\u00f6\u00f6t koertele 12kg"},"content":{"rendered":"<p><b>Brit Joint &#038; Mobility t\u00e4isdieettoit degeneratiivse liigesehaigusega (DJD) koerte liikuvuse toetamiseks ja valu leevendamiseks.<\/b><br \/>&#13;<br \/>\n<br \/>&#13;<br \/>\n<b>N\u00e4idustused<\/b>&#13;<\/p>\n<li>Degeneratiivne liigesehaigus (osteoartroos, osteoartriit).<\/li>\n<p>&#13;<\/p>\n<li>Rasvumine ja \u00fclekaalulisus.<\/li>\n<p>&#13;<\/p>\n<li>Ortopeedilise operatsiooni j\u00e4rel.<\/li>\n<p>&#13;<br \/>\n<br \/><b>Koostis<\/b><br \/>&#13;<br \/>\nDeh\u00fcdreeritud heeringas (28%), kollased herned (24%), h\u00fcdrol\u00fc\u00fcsitud l\u00f5hevalk (10%), tatar, \u00f5una viljaliha, linaseemned (6%), kanarasv (5%), kollageen (3%, t\u00fc\u00fcp I. h\u00fcdrol\u00fc\u00fcsitud), l\u00f5he\u00f5li (3%), h\u00fcdrol\u00fc\u00fcsitud kanamaks (2%), mineraalid, kuivatatud vetikad (0,5%, Ascophyllum nodosum), kuivatatud vetikad (0,4%, Schizochytrium limacinum), h\u00fcdrol\u00fc\u00fcsitud koorikloomade kestad (gl\u00fckoosamiinsulfaadi allikas, 0,15%), h\u00fcdrol\u00fc\u00fcsitud k\u00f5hr (kondroitiinsulfaadi allikas, 0,12%), met\u00fc\u00fclsulfon\u00fc\u00fclmetaan (0,02%), p\u00e4rmiekstrakt (mannaan-oligosahhariidide allikas, 0,02%), beeta-gl\u00fckaanid (0,02%), munakoore membraan (0,015%), astelpaju (0,015%), frukto-oligosahhariidid (0,013%), Boswellia serrata (0,013 mg\/kg), Mohaave t\u00e4\u00e4kliilia (0,012%), Uus-Meremaa rohelise rannakarbi ekstrakt (Perna canaliculus, 0,01%).&#13;<br \/>\n<br \/>&#13;<br \/>\n<br \/><b>Anal\u00fc\u00fctilised koostisosad<\/b><br \/>&#13;<br \/>\nToorvalk 29,0 %, toorrasv 13,0 %, toorkiud 2,5 %, toortuhk 6,0 %, niiskus 10 %, oomega-3 3,3 %, oomega-6 1,9 %, EPA-d (20:5 n-3) 0,40 %, DHA-D (22:6 n-3) 0,55 %, kaltsium 0,8 %, fosfor 0,6 %, naatriumit 0,6 %, magneesium 0,08 %, E-vitamiin 500 mg\/kg.&#13;<br \/>\n<br \/>&#13;<br \/>\n<br \/><b>S\u00f6\u00f6dalisandid<\/b><br \/>&#13;<br \/>\nVitamiin A (3a672a) 22 000 R\u00dc, vitamiin D3 (E671) 1 800 R\u00dc, vitamiin E (3a700) 500 mg, vitamiin C (3a312) 500 mg, koliinkloriid (3a890) 650 mg, biotiin (3a880) 0,8 mg, vitamiin B1 (3a821) 6,5 mg, vitamiin B2 8,4 mg, niatsiinamiid (3a315) 38 mg, kaltsium-D-pantotenaat (3a841) 19 mg, vitamiin B6 (3a831) 6,5 mg, foolhape (3a316) 0,9 mg, vitamiin B12 0,05 mg, tsinkkelaadi aminohapete h\u00fcdraat (3b606) 120 mg, rauakelaadi aminohapete h\u00fcdraat (E1) 90 mg, mangaankelaat aminohapete h\u00fcdraadist (E5) 45 mg, kaaliumjodiid (3b201) 0,8 mg, vaskkelaadi aminohapete h\u00fcdraat (E4) 20 mg, orgaaniline Seleen, mis on toodetud Saccaromyces cerevisiae CNCM I-3060 poolt (seleenitud p\u00e4rm, inaktiveeritud) (3b8.10) 0,2 mg, L-karnitiin (3a910) 500 mg. Soolefloora stabilisaatorid 1 kg kohta: Enterococcus faecium DSM 10663\/NCIMB 10415 (4b1707) 1&#215;109 CFU.<br \/>&#13;<br \/>\n<br \/><b>Metaboliseeruv energia<\/b><br \/>&#13;<br \/>\n3720 kcal\/kg<br \/>&#13;<br \/>\n<br \/>&#13;<br \/>\n<b>S\u00f6\u00f6tmisjuhend<\/b><br \/>&#13;<br \/>\nKonsulteerige enne Brit VD toidu kasutamist oma veterinaararstiga. Andke koeratoitu Brit VD Joint &#038; Mobility Dog esialgu kuni 6 kuud. Suurimat m\u00f5ju avaldab Brit VD Joint &#038; Mobility Dog esimese 2 kuu jooksul. \u00c4geda osteoartriidi v\u00f5i liikumisprobleemide korral pidage oma veterinaararstiga n\u00f5u valu- ja p\u00f5letikuvastaste lisaravimite kasutamise \u00fcle s\u00f6\u00f6da kasutamise algperioodil.&#13;<br \/>\n<br \/>&#13;<br \/>\n<br \/><b>Soovituslik p\u00e4evane kogus<\/b>&#13;<\/p>\n<figure class=\"table\">\n<table>\n<tbody>\n<tr>\n<td><strong>Koera kaal (kg)<\/strong><\/td>\n<td>2<\/td>\n<td>5<\/td>\n<td>10<\/td>\n<td>15<\/td>\n<td>20<\/td>\n<td>25<\/td>\n<td>30<\/td>\n<td>40<\/td>\n<td>50<\/td>\n<td>60<\/td>\n<td>70<\/td>\n<td>80<\/td>\n<\/tr>\n<tr>\n<td><strong>P\u00e4evane kogus (g\/p\u00e4evas)<\/strong><\/td>\n<td>30<\/td>\n<td>75<\/td>\n<td>130<\/td>\n<td>170<\/td>\n<td>210<\/td>\n<td>250<\/td>\n<td>290<\/td>\n<td>360<\/td>\n<td>420<\/td>\n<td>480<\/td>\n<td>540<\/td>\n<td>600<\/td>\n<\/tr>\n<\/tbody>\n<\/table>\n<\/figure>\n","protected":false},"excerpt":{"rendered":"<p>Brit Veterinary liikuvust toetav koeratoit.<\/p>\n","protected":false},"featured_media":13694,"template":"","meta":[],"product_cat":[688,64],"product_tag":[],"class_list":{"0":"post-16732","1":"product","2":"type-product","3":"status-publish","4":"has-post-thumbnail","6":"product_cat-koerad","7":"product_cat-koeratoit","8":"pa_brand-brit-gf-veterinary-diet","9":"pa_ean-2390","10":"pa_kaal-12-000","11":"pa_tootjariik-tsehhi","13":"first","14":"instock","15":"taxable","16":"shipping-taxable","17":"purchasable","18":"product-type-simple"},"_links":{"self":[{"href":"https:\/\/kasskoer.ee\/en\/wp-json\/wp\/v2\/product\/16732","targetHints":{"allow":["GET"]}}],"collection":[{"href":"https:\/\/kasskoer.ee\/en\/wp-json\/wp\/v2\/product"}],"about":[{"href":"https:\/\/kasskoer.ee\/en\/wp-json\/wp\/v2\/types\/product"}],"wp:featuredmedia":[{"embeddable":true,"href":"https:\/\/kasskoer.ee\/en\/wp-json\/wp\/v2\/media\/13694"}],"wp:attachment":[{"href":"https:\/\/kasskoer.ee\/en\/wp-json\/wp\/v2\/media?parent=16732"}],"wp:term":[{"taxonomy":"product_cat","embeddable":true,"href":"https:\/\/kasskoer.ee\/en\/wp-json\/wp\/v2\/product_cat?post=16732"},{"taxonomy":"product_tag","embeddable":true,"href":"https:\/\/kasskoer.ee\/en\/wp-json\/wp\/v2\/product_tag?post=16732"}],"curies":[{"name":"wp","href":"https:\/\/api.w.org\/{rel}","templated":true}]}}