{"id":16733,"date":"2026-04-20T03:15:24","date_gmt":"2026-04-20T00:15:24","guid":{"rendered":"https:\/\/kasskoer.ee\/product\/brit-veterinary-diet-hepatic-erisoot-koertele-2kg-2\/"},"modified":"2026-04-20T03:15:25","modified_gmt":"2026-04-20T00:15:25","slug":"brit-veterinary-diet-hepatic-erisoot-koertele-2kg","status":"publish","type":"product","link":"https:\/\/kasskoer.ee\/en\/toode\/brit-veterinary-diet-hepatic-erisoot-koertele-2kg\/","title":{"rendered":"Brit Veterinary Diet Hepatic eris\u00f6\u00f6t koertele 2kg"},"content":{"rendered":"<p><b>Brit Hepatic t\u00e4isdieettoit kahjustatud maksatalitlusega koertele.<\/b><br \/>&#13;<br \/>\n<br \/>&#13;<br \/>\n<b>N\u00e4idustused<\/b>&#13;<\/p>\n<li>Maksatalitluse toetamine kroonilise maksapuudulikkuse korral.<\/li>\n<p>&#13;<\/p>\n<li>Portos\u00fcsteemne \u0161unt (PSS).<\/li>\n<p>&#13;<\/p>\n<li>Maksa-entsefalopaatia.<\/li>\n<p>&#13;<\/p>\n<li>M\u00fcrgistusest taastumine.<\/li>\n<p>&#13;<\/p>\n<li>T\u00f5u eelsoodumus vase ladestumise haigusele: bedlingtoni terjer, dobermannpin\u0161er, west highlandi valge terjer, skye terjer ja labradori retriiver.<\/li>\n<p>&#13;<br \/>\n<br \/><b>Koostis<\/b><br \/>&#13;<br \/>\nKollased herned (20%), bataat, muna (14%), \u00f5una viljaliha, tatar, kanarasv (8%), h\u00fcdrol\u00fc\u00fcsitud kalkunivalk (7%), l\u00f5he\u00f5li (2%), h\u00fcdrol\u00fc\u00fcsitud kanamaks (2%), mineraalid, kuivatatud vetikad (0,5%, Ascophyllum nodosum), piimaohaka seemned (0,2%), p\u00e4rmiekstrakt (mannaani-oligosahhariidide allikas, 0,022%), \u03b2-gl\u00fckaanid (0,02%), frukto-oligosahhariidid (0,02%), Mojave yucca (0,02%), astelpaju (0,015%).&#13;<br \/>\n<br \/>&#13;<br \/>\n<br \/><b>Anal\u00fc\u00fctilised koostisosad<\/b><br \/>&#13;<br \/>\nToorvalk 16,0 %, toorrasv 16,0 %, toorkiud 3,2 %, toortuhk 4,5 %, niiskus 10 %, \u00fcldsuhkrud (NFE-na) 50,3 %, oomega-3 0,6 %, oomega-6 2,3 %, kaltsium 0,7 %, fosfor 0,5 %, naatrium 0,15 %, magneesium 0,1 %, vask 0,001 %.&#13;<br \/>\n<\/b><br \/>&#13;<br \/>\n<br \/>&#13;<br \/>\n<br \/><b>S\u00f6\u00f6dalisandid<\/b><br \/>&#13;<br \/>\nA-vitamiin (3a672a) 23 000 R\u00dc, vitamiin D3 (E671) 1000 R\u00dc, E-vitamiin (3a700) 1000 mg, C-vitamiin (3a312) 500 mg, koliinkloriid (3a890) 2200 mg, biotiin (3a880) 2,2 mg, vitamiin B1 (3a821) 10,5 mg, vitamiin B2 13 mg, niatsiinamiid (3a315) 88 mg, kaltsium-D-pantotenaat (3a841) 30 mg, vitamiin B6 (3a831) 6,5 mg, foolhape (3a316) 2,2 mg, vitamiin B12 0,15 mg, tsinkkelaadi aminohapete h\u00fcdraat (3b606) 150 mg, rauakelaadi aminohapete h\u00fcdraat (E1) 65 mg, mangaankelaat aminohapete h\u00fcdraadist (E5) 60 mg, kaaliumjodiid (3b201) 4,5 mg, orgaaniline seleen, mis on toodetud Saccaromyces cerevisiae CNCM I-3060 poolt (seleenitud p\u00e4rm, inaktiveeritud) (3b8.10) 0,2 mg, tauriin (3a370) 2 200 mg, L-karnitiin (3a910) 330 mg. Soolefloora stabilisaatorid 1 kg kohta: Enterococcus faecium DSM 10663\/NCIMB 10415 (4b1707) 1&#215;109 CFU. Sisaldab EL-i poolt heaks kiidetud antioks\u00fcdante: tokoferooli ekstraktid taime\u00f5list (1b306), askorb\u00fc\u00fclpalmitaat (1b304) ja rosmariini ekstrakt.<br \/>&#13;<br \/>\n<br \/><b>Metaboliseeruv energia<\/b><br \/>&#13;<br \/>\n3830 kcal\/kg<br \/>&#13;<br \/>\n<br \/>&#13;<br \/>\n<b>S\u00f6\u00f6tmisjuhend<\/b><br \/>&#13;<br \/>\nKonsulteerige enne Brit VD toidu kasutamist oma veterinaararstiga. Andke koeratoitu Brit VD Hepatic Dog esialgu kuni 6 kuud. Jagage toidu p\u00e4evanorm mitmeks v\u00f5rdseks osaks, pakkudes neid kogu p\u00e4eva v\u00e4ltel. \u00c4rge andke koerale muid lemmiklooma- v\u00f5i inimeste toite ega suupisteid. Kroonilise maksapuudulikkuse korral tuleb seda kasutada elu l\u00f5puni.<br \/>&#13;<br \/>\n<br \/><b>Soovituslik p\u00e4evane kogus<\/b>&#13;<\/p>\n<figure class=\"table\">\n<table>\n<tbody>\n<tr>\n<td><strong>Koera kaal (kg)<\/strong><\/td>\n<td>2<\/td>\n<td>5<\/td>\n<td>10<\/td>\n<td>15<\/td>\n<td>20<\/td>\n<td>25<\/td>\n<td>30<\/td>\n<td>40<\/td>\n<td>50<\/td>\n<td>60<\/td>\n<td>70<\/td>\n<td>80<\/td>\n<\/tr>\n<tr>\n<td><strong>P\u00e4evane kogus (g\/p\u00e4evas)<\/strong><\/td>\n<td>35<\/td>\n<td>80<\/td>\n<td>130<\/td>\n<td>180<\/td>\n<td>220<\/td>\n<td>260<\/td>\n<td>300<\/td>\n<td>390<\/td>\n<td>480<\/td>\n<td>550<\/td>\n<td>610<\/td>\n<td>680<\/td>\n<\/tr>\n<\/tbody>\n<\/table>\n<\/figure>\n","protected":false},"excerpt":{"rendered":"<p>Brit Veterinary maksa funktsiooni toetav koeratoit.<\/p>\n","protected":false},"featured_media":13696,"template":"","meta":[],"product_cat":[688,64],"product_tag":[],"class_list":{"0":"post-16733","1":"product","2":"type-product","3":"status-publish","4":"has-post-thumbnail","6":"product_cat-koerad","7":"product_cat-koeratoit","8":"pa_brand-brit-gf-veterinary-diet","9":"pa_ean-2380","10":"pa_kaal-2-000","11":"pa_tootjariik-tsehhi","13":"first","14":"instock","15":"taxable","16":"shipping-taxable","17":"purchasable","18":"product-type-simple"},"_links":{"self":[{"href":"https:\/\/kasskoer.ee\/en\/wp-json\/wp\/v2\/product\/16733","targetHints":{"allow":["GET"]}}],"collection":[{"href":"https:\/\/kasskoer.ee\/en\/wp-json\/wp\/v2\/product"}],"about":[{"href":"https:\/\/kasskoer.ee\/en\/wp-json\/wp\/v2\/types\/product"}],"wp:featuredmedia":[{"embeddable":true,"href":"https:\/\/kasskoer.ee\/en\/wp-json\/wp\/v2\/media\/13696"}],"wp:attachment":[{"href":"https:\/\/kasskoer.ee\/en\/wp-json\/wp\/v2\/media?parent=16733"}],"wp:term":[{"taxonomy":"product_cat","embeddable":true,"href":"https:\/\/kasskoer.ee\/en\/wp-json\/wp\/v2\/product_cat?post=16733"},{"taxonomy":"product_tag","embeddable":true,"href":"https:\/\/kasskoer.ee\/en\/wp-json\/wp\/v2\/product_tag?post=16733"}],"curies":[{"name":"wp","href":"https:\/\/api.w.org\/{rel}","templated":true}]}}