{"id":16736,"date":"2026-04-20T03:15:24","date_gmt":"2026-04-20T00:15:24","guid":{"rendered":"https:\/\/kasskoer.ee\/product\/brit-veterinary-diet-diabetes-erisoot-koertele-2kg-2\/"},"modified":"2026-04-20T03:15:25","modified_gmt":"2026-04-20T00:15:25","slug":"brit-veterinary-diet-diabetes-erisoot-koertele-2kg","status":"publish","type":"product","link":"https:\/\/kasskoer.ee\/en\/toode\/brit-veterinary-diet-diabetes-erisoot-koertele-2kg\/","title":{"rendered":"Brit Veterinary Diet Diabetes eris\u00f6\u00f6t koertele 2kg"},"content":{"rendered":"<p><b>Brit Diabetes t\u00e4isdieettoit melliitdiabeedi ravi toetuseks.<\/b><br \/>&#13;<br \/>\n<br \/>&#13;<br \/>\n<b>N\u00e4idustused<\/b>&#13;<\/p>\n<li>Melliitdiabeet.<\/li>\n<p>&#13;<\/p>\n<li>Krooniline koliit.<\/li>\n<p>&#13;<br \/>\n<br \/>&#13;<br \/>\n<b>Koostis<\/b><br \/>&#13;<br \/>\nDeh\u00fcdreeritud kalkun (30%), kollased herned (18%), h\u00fcdrol\u00fc\u00fcsitud kalkunivalk (14%), kuivatatud \u00f5unad, kollase herne valk, bambuse lignotselluloos (5%), kanarasv (3%), l\u00f5he\u00f5li (2%), h\u00fcdrol\u00fc\u00fcsitud kanamaks (2%), mineraalid, ps\u00fclliumi kestad ja seemned (0,5%), kuivatatud vetikad (0,5%, Ascophyllum nodosum), naatriumkloriid, h\u00fcdrol\u00fc\u00fcsitud koorikloomade kestad (gl\u00fckoosamiinsulfaadi allikas, 0,035%), h\u00fcdrol\u00fc\u00fcsitud k\u00f5hr (kondroitiinsulfaadi allikas, 0,023%), p\u00e4rmiekstrakt (mannaan-oligosahhariidide allikas, 0,018%), beeta-gl\u00fckaanid (0,018%), astelpaju (0,015%), frukto-oligosahhariidid (0,012%), Mohaave t\u00e4\u00e4kliilia (0,012%).&#13;<br \/>\n<br \/>&#13;<br \/>\n<br \/><b>Anal\u00fc\u00fctilised koostisosad<\/b><br \/>&#13;<br \/>\nToorvalk 37,0 %, toorrasv 12,0 %, toorkiud 6,5 %, toortuhk 7,5 %, niiskus 10 %, oomega-3 0,5 %, oomega-6 1,35 %, kaltsium 1,6 %, fosfor 1,2 %, naatrium 0,35 %, magneesium 0,08 %, t\u00e4rklis 16 %, suhkuid kokku 1,5 %.&#13;<br \/>\n<br \/>&#13;<br \/>\n<br \/><b>S\u00f6\u00f6dalisandid<\/b><br \/>&#13;<br \/>\nVitamiin A (3a672a) 20 000 R\u00dc, vitamiin D3 (E671) 1 000 R\u00dc, vitamiin E (3a700) 1 000 mg, vitamiin C (3a312) 500 mg, koliinkloriid (3a890) 2 300 mg, biotiin (3a880) 2,4 mg, vitamiin B1 (3a821) 11 mg, vitamiin B2 10 mg, niatsiinamiid (3a315) 55 mg, kaltsium-D-pantotenaat (3a841) 25 mg, vitamiin B6 (3a831) 7 mg, foolhape (3a316) 5 mg, vitamiin B12 0,17 mg, tsinkkelaadi aminohapete h\u00fcdraat (3b606) 140 mg, rauakelaadi aminohapete h\u00fcdraat (E1) 45 mg, mangaankelaat aminohapete h\u00fcdraadist (E5) 60 mg, kaaliumjodiid (3b201) 3,5 mg, vaskkelaadi aminohapete h\u00fcdraat (E4) 5 mg, orgaaniline Seleen, mis on toodetud Saccaromyces cerevisiae CNCM I-3060 poolt (seleenitud p\u00e4rm, inaktiveeritud) (3b8.10) 0,2 mg, tauriin (3a370) 2 300 mg, L-karnitiin (3a910) 500 mg. Soolefloora stabilisaatorid 1 kg kohta: Enterococcus faecium DSM 10663\/NCIMB 10415 (4b1707) 1&#215;109 CFU.<br \/>&#13;<br \/>\n<br \/><b>Metaboliseeruv energia<\/b><br \/>&#13;<br \/>\n3390 kcal\/kg<br \/>&#13;<br \/>\n<br \/>&#13;<br \/>\n<b>S\u00f6\u00f6tmisjuhend<\/b><br \/>&#13;<br \/>\nKonsulteerige enne Brit VD toidu kasutamist oma veterinaararstiga. Andke koeratoitu Brit VD Diabetes Dog esialgu kuni 6 kuud. Jagage p\u00e4evanorm 3 v\u00f5rdseks osaks ja andke neid korrap\u00e4raste ajavahemike j\u00e4rel, l\u00e4htudes koera haigusseisundist. Optimaalse insuliiniannuse valimiseks peate regulaarselt kontrollima veresuhkru taset. \u00c4rge andke oma koerale muid lemmiklooma- v\u00f5i inimeste toite ega suupisteid.<br \/>&#13;<br \/>\n<br \/><b>Soovituslik p\u00e4evane kogus<\/b>&#13;<\/p>\n<figure class=\"table\">\n<table>\n<tbody>\n<tr>\n<td><strong>Koera kaal (kg)<\/strong><\/td>\n<td>2<\/td>\n<td>5<\/td>\n<td>10<\/td>\n<td>15<\/td>\n<td>20<\/td>\n<td>25<\/td>\n<td>30<\/td>\n<td>40<\/td>\n<td>50<\/td>\n<td>60<\/td>\n<td>70<\/td>\n<td>80<\/td>\n<\/tr>\n<tr>\n<td><strong>P\u00e4evane kogus (g\/p\u00e4evas)<\/strong><\/td>\n<td>35<\/td>\n<td>85<\/td>\n<td>140<\/td>\n<td>190<\/td>\n<td>230<\/td>\n<td>280<\/td>\n<td>320<\/td>\n<td>400<\/td>\n<td>460<\/td>\n<td>530<\/td>\n<td>600<\/td>\n<td>660<\/td>\n<\/tr>\n<\/tbody>\n<\/table>\n<\/figure>\n","protected":false},"excerpt":{"rendered":"<p>Brit Veterinary diabeedi ravi toetav koeratoit.<\/p>\n","protected":false},"featured_media":13702,"template":"","meta":[],"product_cat":[688,64],"product_tag":[],"class_list":{"0":"post-16736","1":"product","2":"type-product","3":"status-publish","4":"has-post-thumbnail","6":"product_cat-koerad","7":"product_cat-koeratoit","8":"pa_brand-brit-gf-veterinary-diet","9":"pa_ean-2391","10":"pa_kaal-2-000","11":"pa_tootjariik-tsehhi","13":"first","14":"instock","15":"taxable","16":"shipping-taxable","17":"purchasable","18":"product-type-simple"},"_links":{"self":[{"href":"https:\/\/kasskoer.ee\/en\/wp-json\/wp\/v2\/product\/16736","targetHints":{"allow":["GET"]}}],"collection":[{"href":"https:\/\/kasskoer.ee\/en\/wp-json\/wp\/v2\/product"}],"about":[{"href":"https:\/\/kasskoer.ee\/en\/wp-json\/wp\/v2\/types\/product"}],"wp:featuredmedia":[{"embeddable":true,"href":"https:\/\/kasskoer.ee\/en\/wp-json\/wp\/v2\/media\/13702"}],"wp:attachment":[{"href":"https:\/\/kasskoer.ee\/en\/wp-json\/wp\/v2\/media?parent=16736"}],"wp:term":[{"taxonomy":"product_cat","embeddable":true,"href":"https:\/\/kasskoer.ee\/en\/wp-json\/wp\/v2\/product_cat?post=16736"},{"taxonomy":"product_tag","embeddable":true,"href":"https:\/\/kasskoer.ee\/en\/wp-json\/wp\/v2\/product_tag?post=16736"}],"curies":[{"name":"wp","href":"https:\/\/api.w.org\/{rel}","templated":true}]}}