{"id":16739,"date":"2026-04-20T03:15:24","date_gmt":"2026-04-20T00:15:24","guid":{"rendered":"https:\/\/kasskoer.ee\/product\/carnilove-dog-snack-duck-rosemary-maiused-koerale-200g-2\/"},"modified":"2026-04-20T03:15:25","modified_gmt":"2026-04-20T00:15:25","slug":"carnilove-dog-snack-duck-rosemary-maiused-koerale-200g","status":"publish","type":"product","link":"https:\/\/kasskoer.ee\/en\/toode\/carnilove-dog-snack-duck-rosemary-maiused-koerale-200g\/","title":{"rendered":"Carnilove Dog Snack Duck &#038; Rosemary maiused koerale 200g"},"content":{"rendered":"<p style=\"caret-color: rgb(0, 0, 0); color: rgb(0, 0, 0);\"><strong>Funktsionaalne koeramaius pardi ja rosmariiniga tervete hammaste ja igemete jaoks.<\/strong><\/p>\n<ul style=\"caret-color: rgb(0, 0, 0); color: rgb(0, 0, 0);\">\n<li>Teraviljavaba<\/li>\n<li>V\u00e4rvainevaba<\/li>\n<li>Sobib k\u00f5igile koertele<\/li>\n<li>Rosmariin toetab hammaste ja igemete tervist<\/li>\n<\/ul>\n<p style=\"caret-color: rgb(0, 0, 0); color: rgb(0, 0, 0);\"><span class=\"JLqJ4b ChMk0b\" data-language-for-alternatives=\"et\" data-language-to-translate-into=\"en\" data-phrase-index=\"8\"><strong>Koostis<\/strong><\/span><br \/> <span class=\"JLqJ4b ChMk0b\" data-language-for-alternatives=\"et\" data-language-to-translate-into=\"en\" data-phrase-index=\"10\">35% kuivatatud pardiliha, kollased herned, vedel k\u00f6\u00f6giviljat\u00e4rklis, pardikaste, linnumaksakaste, kollageen, 1% rosmariin, l\u00f5he\u00f5li.<\/span><\/p>\n<p style=\"caret-color: rgb(0, 0, 0); color: rgb(0, 0, 0);\"><span class=\"JLqJ4b ChMk0b\" data-language-for-alternatives=\"et\" data-language-to-translate-into=\"en\" data-phrase-index=\"14\"><strong>Anal\u00fc\u00fctilised koostisosad<\/strong><br \/> Toorvalk 32,0%, rasvasisaldus 6,0%, niiskus 17,0%, toortuhk 7,0%, toorkiud 1,0%, kaltsium 1,2%, fosfor 1,0%, oomega-3 0,1%, oomega-6 0,6%.<\/span><\/p>\n<p style=\"caret-color: rgb(0, 0, 0); color: rgb(0, 0, 0);\"><span class=\"JLqJ4b ChMk0b\" data-language-for-alternatives=\"et\" data-language-to-translate-into=\"en\" data-phrase-index=\"18\"><strong>Metaboliseeruv energia<\/strong><br \/> 3 200 kcal \/ kg<\/span><\/p>\n","protected":false},"excerpt":{"rendered":"<p>Funktsionaalne Carnilove pehme koeramaius pardi ja rosmariiniga tervete hammaste ja igemete jaoks.<\/p>\n","protected":false},"featured_media":6332,"template":"","meta":[],"product_cat":[1210,688],"product_tag":[],"class_list":{"0":"post-16739","1":"product","2":"type-product","3":"status-publish","4":"has-post-thumbnail","6":"product_cat-koerte-maiused","7":"product_cat-koerad","8":"pa_brand-carnilove","9":"pa_ean-248","10":"pa_kaal-0-200","11":"pa_tootjariik-tsehhi","13":"first","14":"instock","15":"taxable","16":"shipping-taxable","17":"purchasable","18":"product-type-simple"},"_links":{"self":[{"href":"https:\/\/kasskoer.ee\/en\/wp-json\/wp\/v2\/product\/16739","targetHints":{"allow":["GET"]}}],"collection":[{"href":"https:\/\/kasskoer.ee\/en\/wp-json\/wp\/v2\/product"}],"about":[{"href":"https:\/\/kasskoer.ee\/en\/wp-json\/wp\/v2\/types\/product"}],"wp:featuredmedia":[{"embeddable":true,"href":"https:\/\/kasskoer.ee\/en\/wp-json\/wp\/v2\/media\/6332"}],"wp:attachment":[{"href":"https:\/\/kasskoer.ee\/en\/wp-json\/wp\/v2\/media?parent=16739"}],"wp:term":[{"taxonomy":"product_cat","embeddable":true,"href":"https:\/\/kasskoer.ee\/en\/wp-json\/wp\/v2\/product_cat?post=16739"},{"taxonomy":"product_tag","embeddable":true,"href":"https:\/\/kasskoer.ee\/en\/wp-json\/wp\/v2\/product_tag?post=16739"}],"curies":[{"name":"wp","href":"https:\/\/api.w.org\/{rel}","templated":true}]}}