{"id":16740,"date":"2026-04-20T03:15:24","date_gmt":"2026-04-20T00:15:24","guid":{"rendered":"https:\/\/kasskoer.ee\/product\/carnilove-dog-snack-carp-thyme-maiused-koerale-200g-2\/"},"modified":"2026-04-20T03:15:25","modified_gmt":"2026-04-20T00:15:25","slug":"carnilove-dog-snack-carp-thyme-maiused-koerale-200g","status":"publish","type":"product","link":"https:\/\/kasskoer.ee\/en\/toode\/carnilove-dog-snack-carp-thyme-maiused-koerale-200g\/","title":{"rendered":"Carnilove Dog Snack Carp &#038; Thyme maiused koerale 200g"},"content":{"rendered":"<p>Funktsionaalne koeramaius karpkala ja t\u00fc\u00fcmianiga ainevahetuse korrasolekuks.<\/p>\n<ul>\n<li>Teraviljavaba<\/li>\n<li>V\u00e4rvainevaba<\/li>\n<li>Sobib k\u00f5igile koertele<\/li>\n<li>T\u00fc\u00fcmian tagab&nbsp;ainevahetuse korrasoleku<\/li>\n<li>Kasulik hammastele<\/li>\n<\/ul>\n<p><strong>Koostis<\/strong><br \/> 35% kuivatatud karpkala, kollased herned, vedel taimne t\u00e4rklis, l\u00f5hekaste, linnumaksakaste, kollageen, 1% t\u00fc\u00fcmian, l\u00f5he\u00f5li.<\/p>\n<p><strong>Anal\u00fc\u00fctilised koostisosad<\/strong><br \/> Toorvalk 33,0%, rasvasisaldus 5,0%, niiskus 17,0%, toortuhk 7,5%, toorkiud 1,0%, kaltsium 1,0%, fosfor 0,9%, oomega-3 0,4%, oomega-6 0,5%.<\/p>\n<p><strong>Metaboliseeruv energia<\/strong><br \/> 3 150 kcal \/ kg<\/p>\n","protected":false},"excerpt":{"rendered":"<p>Funktsionaalne Carnilove pehme koeramaius karpkala ja t\u00fc\u00fcmianiga terve ainevahetuse jaoks.<\/p>\n","protected":false},"featured_media":6333,"template":"","meta":[],"product_cat":[1210,688],"product_tag":[],"class_list":{"0":"post-16740","1":"product","2":"type-product","3":"status-publish","4":"has-post-thumbnail","6":"product_cat-koerte-maiused","7":"product_cat-koerad","8":"pa_brand-carnilove","9":"pa_ean-247","10":"pa_kaal-0-200","11":"pa_tootjariik-tsehhi","13":"first","14":"instock","15":"taxable","16":"shipping-taxable","17":"purchasable","18":"product-type-simple"},"_links":{"self":[{"href":"https:\/\/kasskoer.ee\/en\/wp-json\/wp\/v2\/product\/16740","targetHints":{"allow":["GET"]}}],"collection":[{"href":"https:\/\/kasskoer.ee\/en\/wp-json\/wp\/v2\/product"}],"about":[{"href":"https:\/\/kasskoer.ee\/en\/wp-json\/wp\/v2\/types\/product"}],"wp:featuredmedia":[{"embeddable":true,"href":"https:\/\/kasskoer.ee\/en\/wp-json\/wp\/v2\/media\/6333"}],"wp:attachment":[{"href":"https:\/\/kasskoer.ee\/en\/wp-json\/wp\/v2\/media?parent=16740"}],"wp:term":[{"taxonomy":"product_cat","embeddable":true,"href":"https:\/\/kasskoer.ee\/en\/wp-json\/wp\/v2\/product_cat?post=16740"},{"taxonomy":"product_tag","embeddable":true,"href":"https:\/\/kasskoer.ee\/en\/wp-json\/wp\/v2\/product_tag?post=16740"}],"curies":[{"name":"wp","href":"https:\/\/api.w.org\/{rel}","templated":true}]}}