{"id":16742,"date":"2026-04-20T03:15:24","date_gmt":"2026-04-20T00:15:24","guid":{"rendered":"https:\/\/kasskoer.ee\/product\/carnilove-fresh-chicken-rabbit-for-adult-kassitoit-6-kg-2\/"},"modified":"2026-04-20T03:15:25","modified_gmt":"2026-04-20T00:15:25","slug":"carnilove-fresh-chicken-rabbit-for-adult-kassitoit-6-kg","status":"publish","type":"product","link":"https:\/\/kasskoer.ee\/en\/toode\/carnilove-fresh-chicken-rabbit-for-adult-kassitoit-6-kg\/","title":{"rendered":"Carnilove Fresh Chicken &#038; Rabbit for Adult kassitoit 6 kg"},"content":{"rendered":"<p><b>Carnilove Fresh t\u00e4iss\u00f6\u00f6t t\u00e4iskasvanud kassidele kana- ja j\u00e4nesega.<\/b>&#13;<\/p>\n<li>Retsept on koostatud kasside looduslikku toitumist arvesse v\u00f5ttes.<\/li>\n<p>&#13;<\/p>\n<li>Rohkelt v\u00e4rsket liha koos erinevate k\u00f6\u00f6giviljade, marjade ja \u00fcrtidega<\/li>\n<p>&#13;<br \/>\n<br \/>&#13;<br \/>\n<b>Koostis<\/b><br \/>&#13;<br \/>\nKonditustatud v\u00e4rske kana (42%), kuivatatud k\u00fc\u00fclik (22%), kuivatatud part (6%), kanarasv (s\u00e4ilitatud tokoferoolidega, 5%), k\u00f5rvits, kikerherned, herned, kanamaks (3%), l\u00f5he\u00f5li (2%), \u00f5unad, porgandid, linaseemned, h\u00fcdrol\u00fc\u00fcsitud koorikloomade kestad (gl\u00fckoosamiini allikas, 0,026%), k\u00f5hreekstrakt (kondroitiini allikas, 0,016%), \u00f5llep\u00e4rm (mannan-oligosahhariidide allikas, 0,015%), sigurijuur (frukto-oligosahhariidide allikas, 0,012%), t\u00e4\u00e4kliilia (Yucca schidigera) (0,01%), vetikad (0,01%), ps\u00fcllium (0,01%), t\u00fc\u00fcmian (0,01%), rosmariin (0,01%), pune (0,01%), j\u00f5hvikad (0,0008%), mustikad (0,0008%), astelpaju (0,0008%), ingverijuur (0,0008%), salvei (0,0008%).<br \/>&#13;<br \/>\n<br \/>&#13;<br \/>\n<b>Anal\u00fc\u00fctiline koostis<\/b><br \/>&#13;<br \/>\nToorvalk 39,0%, toorrasv 18,0%, niiskus 10,0%, toortuhk 8,0%, toorkiud 3,0%, kaltsium 1,2%, fosfor 1,0%, naatrium 0,4%, magneesium 0,09%, oomega-3 0,5%, oomega-6 1,8%, EPA (20:5 n-3) 0,09%, DHA (22:6 n-3) 0,12%.<br \/>&#13;<br \/>\n<br \/>&#13;<br \/>\n<b>S\u00f6\u00f6dalisandid (1 kg kohta)<\/b><br \/>&#13;<br \/>\nA-vitamiin (3a672a) 23 000 R\u00dc, D3-vitamiin (E671) 940 R\u00dc, E-vitamiin (3a700) 650 mg, C-vitamiin (3a312) 300 mg, tauriin (3a370) 2 400 mg, koliinkloriid (3a890) 2 200 mg, L-karnitiin (3a910) 65 mg, niatsiinamiid (3a315) 45 mg, biotiin (3a880) 1,8 mg, tsink (3b606) 100 mg, raud (E1) 48 mg, mangaan (E5) 55 mg, jood (3b201) 3,8 mg, vask (E4) 11 mg, seleen (3b8.10) 0,2 mg, L-metioniin (3c305) 14 mg, arginiin (3c3.6.1.) 12 mg, L-l\u00fcsiin (3.2.3.) 10 mg.<br \/>&#13;<br \/>\n<br \/>&#13;<br \/>\n<b>Metaboliseeruv energia<\/b><br \/>&#13;<br \/>\n3910 kcal\/kg<br \/>&#13;<br \/>\n<br \/>&#13;<br \/>\n<b>Toitmisjuhend<\/b><br \/>&#13;<br \/>\nAnda loomale vastavalt soovitatud kogusele (vt tabelist) V\u00e4rske vesi peab alati olema saadaval. P\u00e4rast kasutamist sulgege pakend kindlalt.<br \/>&#13;<br \/>\n<br \/>&#13;<br \/>\n<b>Soovituslik p\u00e4evane kogus<\/b><br \/>&#13;<\/p>\n<table>\n<tbody>\n<tr>\n<td>\n<p>Kassi kaal (kg)<\/p>\n<\/td>\n<td>2-3<\/td>\n<td>3-5<\/td>\n<td>5-7<\/td>\n<td>7-9<\/td>\n<\/tr>\n<tr>\n<td>P\u00e4evane kogus (g)<\/td>\n<td>35-50<\/td>\n<td>50-65<\/td>\n<td>65-85<\/td>\n<td>\n<p>85-95<\/p>\n<\/td>\n<\/tr>\n<\/tbody>\n<\/table>\n","protected":false},"excerpt":{"rendered":"<p>Teravilja- ja kartulivaba v\u00e4rske lihaga t\u00e4istoit valivatele t\u00e4iskasvanud kassidele.<\/p>\n","protected":false},"featured_media":6335,"template":"","meta":[],"product_cat":[689,75],"product_tag":[],"class_list":{"0":"post-16742","1":"product","2":"type-product","3":"status-publish","4":"has-post-thumbnail","6":"product_cat-kassid","7":"product_cat-kassitoit","8":"pa_brand-carnilove","9":"pa_ean-272","10":"pa_kaal-6-000","11":"pa_tootjariik-tsehhi","13":"first","14":"instock","15":"taxable","16":"shipping-taxable","17":"purchasable","18":"product-type-simple"},"_links":{"self":[{"href":"https:\/\/kasskoer.ee\/en\/wp-json\/wp\/v2\/product\/16742","targetHints":{"allow":["GET"]}}],"collection":[{"href":"https:\/\/kasskoer.ee\/en\/wp-json\/wp\/v2\/product"}],"about":[{"href":"https:\/\/kasskoer.ee\/en\/wp-json\/wp\/v2\/types\/product"}],"wp:featuredmedia":[{"embeddable":true,"href":"https:\/\/kasskoer.ee\/en\/wp-json\/wp\/v2\/media\/6335"}],"wp:attachment":[{"href":"https:\/\/kasskoer.ee\/en\/wp-json\/wp\/v2\/media?parent=16742"}],"wp:term":[{"taxonomy":"product_cat","embeddable":true,"href":"https:\/\/kasskoer.ee\/en\/wp-json\/wp\/v2\/product_cat?post=16742"},{"taxonomy":"product_tag","embeddable":true,"href":"https:\/\/kasskoer.ee\/en\/wp-json\/wp\/v2\/product_tag?post=16742"}],"curies":[{"name":"wp","href":"https:\/\/api.w.org\/{rel}","templated":true}]}}