{"id":16746,"date":"2026-04-20T03:15:24","date_gmt":"2026-04-20T00:15:24","guid":{"rendered":"https:\/\/kasskoer.ee\/product\/carnilove-dog-snack-quail-oregano-maiused-koerale-200g-2\/"},"modified":"2026-04-20T03:15:25","modified_gmt":"2026-04-20T00:15:25","slug":"carnilove-dog-snack-quail-oregano-maiused-koerale-200g","status":"publish","type":"product","link":"https:\/\/kasskoer.ee\/en\/toode\/carnilove-dog-snack-quail-oregano-maiused-koerale-200g\/","title":{"rendered":"Carnilove Dog Snack Quail &#038; Oregano maiused koerale 200g"},"content":{"rendered":"<p>Funktsionaalne Carnilove\u200b pehme koeramaius vutt maitsestatud punega korraliku seedet\u00f6\u00f6 soodustamiseks.<\/p>\n<ul>\n<li>Teraviljavaba<\/li>\n<li>V\u00e4rvainevaba<\/li>\n<li>Sobib k\u00f5igile koertele<\/li>\n<li>Pune(oregano) tagab hea seedet\u00f6\u00f6<\/li>\n<\/ul>\n<p><strong>Koostis<\/strong><br \/> 35% kuivatatud vutiliha, kollased herned, vedel taimne t\u00e4rklis, vutilihakaste, linnuliha maksakaste, kollageen, 1% pune, l\u00f5he\u00f5li.<\/p>\n<p><strong>Anal\u00fc\u00fctilised koostisosad<\/strong><br \/> Toorvalk 32,0%, rasvasisaldus 6,0%, niiskus 17,0%, toortuhk 6,5%, toorkiud 1,0%, kaltsium 1,1%, fosfor 0,9%, oomega-3 0,1%, oomega-6 0,7%.<\/p>\n<p><strong>Metaboliseeruv energia<\/strong><br \/> 3 230 kcal \/ kg<\/p>\n","protected":false},"excerpt":{"rendered":"<p>Funktsionaalne Carnilove pehme koeramaius vutiliha ja punega terve seedimise jaoks.<\/p>\n","protected":false},"featured_media":6341,"template":"","meta":[],"product_cat":[1210,688],"product_tag":[],"class_list":{"0":"post-16746","1":"product","2":"type-product","3":"status-publish","4":"has-post-thumbnail","6":"product_cat-koerte-maiused","7":"product_cat-koerad","8":"pa_brand-carnilove","9":"pa_ean-251","10":"pa_kaal-0-200","11":"pa_tootjariik-tsehhi","13":"first","14":"instock","15":"taxable","16":"shipping-taxable","17":"purchasable","18":"product-type-simple"},"_links":{"self":[{"href":"https:\/\/kasskoer.ee\/en\/wp-json\/wp\/v2\/product\/16746","targetHints":{"allow":["GET"]}}],"collection":[{"href":"https:\/\/kasskoer.ee\/en\/wp-json\/wp\/v2\/product"}],"about":[{"href":"https:\/\/kasskoer.ee\/en\/wp-json\/wp\/v2\/types\/product"}],"wp:featuredmedia":[{"embeddable":true,"href":"https:\/\/kasskoer.ee\/en\/wp-json\/wp\/v2\/media\/6341"}],"wp:attachment":[{"href":"https:\/\/kasskoer.ee\/en\/wp-json\/wp\/v2\/media?parent=16746"}],"wp:term":[{"taxonomy":"product_cat","embeddable":true,"href":"https:\/\/kasskoer.ee\/en\/wp-json\/wp\/v2\/product_cat?post=16746"},{"taxonomy":"product_tag","embeddable":true,"href":"https:\/\/kasskoer.ee\/en\/wp-json\/wp\/v2\/product_tag?post=16746"}],"curies":[{"name":"wp","href":"https:\/\/api.w.org\/{rel}","templated":true}]}}