{"id":16748,"date":"2026-04-20T03:15:24","date_gmt":"2026-04-20T00:15:24","guid":{"rendered":"https:\/\/kasskoer.ee\/product\/brit-premium-by-nature-junior-s-koeratoit-1-kg-2\/"},"modified":"2026-04-20T03:15:25","modified_gmt":"2026-04-20T00:15:25","slug":"brit-premium-by-nature-junior-s-koeratoit-1-kg","status":"publish","type":"product","link":"https:\/\/kasskoer.ee\/en\/toode\/brit-premium-by-nature-junior-s-koeratoit-1-kg\/","title":{"rendered":"Brit Premium by Nature Junior S koeratoit 1 kg"},"content":{"rendered":"<p><strong>Brit Premium by Nature t\u00e4istoit v\u00e4ikest t\u00f5ugu (1-10kg) noortele (kuni 12 kuud) koertele kanalihaga.<\/strong><\/p>\n<ul>\n<li>Tasakaalustatud kasv&nbsp;loomsete rasvade suure sisalduse t\u00f5ttu.<\/li>\n<li>Kergesti seeditavad valgud ja rasvad tagavad suurep\u00e4rase seedimise.<\/li>\n<li>Kutsikate eluj\u00f5ulisus ja n\u00f5uetekohane areng tagatakse piisava hulga vitamiinide ja mikroelementidega.<\/li>\n<li>Optimaalne toidu kuju&nbsp;&#8211; v\u00e4ikeste suurustega graanulid.<\/li>\n<li>Toidus sisalduvad kuivatatud \u00f5unad on v\u00e4ga kergeks kiudaine allikaks, mis s\u00e4ilitab seedetrakti mikrofloora.<\/li>\n<li>Omega 3 rasvhapped tagavad l\u00e4ikiva ja pehme karvkatte ning terve naha.<\/li>\n<li>Ravimtaimede ja puuviljaekstraktide&nbsp;efekt tervisele ja v\u00e4limusele: aitab paremini imenduda E-vitamiinil, kaitseb keha vabade radikaalide eest, parandab toidu maitset ja s\u00f6\u00f6giisu, aitab paremini imenduda rasvhapetel toidust, parandades seel\u00e4bi naha ja liigeste tervist.<\/li>\n<\/ul>\n<p><strong>Koostis<\/strong><br \/> Kana 55% (deh\u00fcdreeritud 30%, konditustatud 25%), kaer, nisu, kanarasv(s\u00e4ilitatud segatud tokoferoolidega), mais, kuivatatud \u00f5unad, l\u00f5he\u00f5li (2%), h\u00fcdrol\u00fc\u00fcsitud kanamaks, \u00f5llep\u00e4rm, kollageen, koorikloomade kestad (gl\u00fckosamiini allikas 260mg\/kg), k\u00f5hred (kondroitiini allikas 180mg\/kg), \u00fcrdid ja puuviljad (nelk, tsitrus, rosmariin, kurkum, 150mg\/kg), mannanoligosahharriidid(150mg\/kg), fruktooligosahharriidid(100mg\/kg), Mojave yucca (100mg\/kg), kuivatatud kummel (90mg\/kg), rohekarbiekstrakt (gl\u00fckoosamiingl\u00fckaani allikas 60mg\/kg), kuivatatud mustikad (60mg\/kg).<\/p>\n<p> <strong>Anal\u00fc\u00fctiline koostis<\/strong><br \/> Toorvalk 32%, toorrasv 20%, niiskus 10%, toortuhk 6,8%, toorkiud 2%, kaltsium 1,5%, fosfor 1,1%, oomega-3 0,3%, oomega-6 2,7%.<\/p>\n<p> <strong>Toitainelised lisandid<\/strong><\/p>\n<p>A-vitamiin (3a672a) 20 000 R\u00dc, D3-vitamiin (E671) 1 200 R\u00dc, E-vitamiin (\u03b1-tokoferool) (3a700) 500 mg, biotiin (3a880) 0,6 mg, koliinkloriid (3a890) 600 mg, aminohapete h\u00fcdraadi tsinkkelaat (3b606) 90 mg, aminohapete h\u00fcdraadi raudkelaat (E1) 80 mg, aminohapete h\u00fcdraadi mangaankelaat (E5) 35 mg, kaaliumjodiid (3b201) 0,65 mg, aminohapete h\u00fcdraadi vaskkelaat (E4) 15 mg, Saccharomyces cerevisiae CNCM I-3060 toodetud orgaaniline seleen (3b8.10) 0,2 mg. Sisaldab ELi poolt heakskiidetud antioks\u00fcdante: taime\u00f5lidest saadud tokoferooliekstraktid (1b306), askorb\u00fc\u00fclpalmitaat (1b304) ja rosmariiniekstrakt.<\/p>\n<p> <strong>Metaboliseeruv energia<\/strong><br \/> 4 050 kcal\/kg<\/p>\n<p> <strong>Toitmisjuhend<\/strong><br \/> Anda loomale vastavalt tabelis soovitatud kogusele. V\u00e4rske vesi peab alatiolema saadaval. P\u00e4rast kasutamist sulgege pakend kindlalt.<\/p>\n<p> <strong>Soovituslik p\u00e4evane kogus<\/strong>&nbsp;<\/p>\n<figure class=\"table\">\n<table>\n<tbody>\n<tr>\n<th><strong>Koera vanus (kuudes)<\/strong><\/th>\n<th><strong>Koera kaal (kg)<\/strong><\/th>\n<th><strong>1<\/strong><\/th>\n<th><strong>3<\/strong><\/th>\n<th><strong>5<\/strong><\/th>\n<th><strong>7<\/strong><\/th>\n<th><strong>10<\/strong><\/th>\n<\/tr>\n<tr>\n<th>1 \u2013 3<\/th>\n<th rowspan=\"5\">P\u00e4evane kogus (g)<\/th>\n<th>15<\/th>\n<th>30<\/th>\n<th>45<\/th>\n<th>60<\/th>\n<th>80<\/th>\n<\/tr>\n<tr>\n<th>3 \u2013 4<\/th>\n<th>20<\/th>\n<th>45<\/th>\n<th>70<\/th>\n<th>90<\/th>\n<th>110<\/th>\n<\/tr>\n<tr>\n<th>4 \u2013 6<\/th>\n<th>25<\/th>\n<th>45<\/th>\n<th>70<\/th>\n<th>90<\/th>\n<th>110<\/th>\n<\/tr>\n<tr>\n<th>6 \u2013 12<\/th>\n<th>20<\/th>\n<th>40<\/th>\n<th>65<\/th>\n<th>85<\/th>\n<th>105<\/th>\n<\/tr>\n<tr>\n<th>12+<\/th>\n<th colspan=\"5\">S Adult<\/th>\n<\/tr>\n<\/tbody>\n<\/table>\n<\/figure>\n","protected":false},"excerpt":{"rendered":"<p>Brit Premium t\u00e4istoit v\u00e4ikest t\u00f5ugu (1-10kg) noortele (kuni 12 kuud) koertele kanalihaga.<\/p>\n","protected":false},"featured_media":6343,"template":"","meta":[],"product_cat":[688,64],"product_tag":[],"class_list":{"0":"post-16748","1":"product","2":"type-product","3":"status-publish","4":"has-post-thumbnail","6":"product_cat-koerad","7":"product_cat-koeratoit","8":"pa_brand-brit-premium","9":"pa_ean-189","10":"pa_kaal-1-000","11":"pa_tootjariik-tsehhi","13":"first","14":"instock","15":"taxable","16":"shipping-taxable","17":"purchasable","18":"product-type-simple"},"_links":{"self":[{"href":"https:\/\/kasskoer.ee\/en\/wp-json\/wp\/v2\/product\/16748","targetHints":{"allow":["GET"]}}],"collection":[{"href":"https:\/\/kasskoer.ee\/en\/wp-json\/wp\/v2\/product"}],"about":[{"href":"https:\/\/kasskoer.ee\/en\/wp-json\/wp\/v2\/types\/product"}],"wp:featuredmedia":[{"embeddable":true,"href":"https:\/\/kasskoer.ee\/en\/wp-json\/wp\/v2\/media\/6343"}],"wp:attachment":[{"href":"https:\/\/kasskoer.ee\/en\/wp-json\/wp\/v2\/media?parent=16748"}],"wp:term":[{"taxonomy":"product_cat","embeddable":true,"href":"https:\/\/kasskoer.ee\/en\/wp-json\/wp\/v2\/product_cat?post=16748"},{"taxonomy":"product_tag","embeddable":true,"href":"https:\/\/kasskoer.ee\/en\/wp-json\/wp\/v2\/product_tag?post=16748"}],"curies":[{"name":"wp","href":"https:\/\/api.w.org\/{rel}","templated":true}]}}