{"id":16749,"date":"2026-04-20T03:15:24","date_gmt":"2026-04-20T00:15:24","guid":{"rendered":"https:\/\/kasskoer.ee\/product\/brit-premium-by-nature-adult-s-koeratoit-1-kg-2\/"},"modified":"2026-04-20T03:15:25","modified_gmt":"2026-04-20T00:15:25","slug":"brit-premium-by-nature-adult-s-koeratoit-1-kg","status":"publish","type":"product","link":"https:\/\/kasskoer.ee\/en\/toode\/brit-premium-by-nature-adult-s-koeratoit-1-kg\/","title":{"rendered":"Brit Premium by Nature Adult S koeratoit 1 kg"},"content":{"rendered":"<p><b>Brit Premium by Nature t\u00e4iss\u00f6\u00f6t v\u00e4ikest t\u00f5ugu (1-10kg) t\u00e4iskasvanud koertele kanalihaga.<\/b>&#13;<\/p>\n<li>Suur kana sisaldus annab toidule suurep\u00e4rase maitse ning seeduvuse.<\/li>\n<p>&#13;<\/p>\n<li>Terved liigesed t\u00e4nu koostises olevale gl\u00fckosamiinile ja kondroitiinile.<\/li>\n<p>&#13;<\/p>\n<li>Tugev ja terve s\u00fcda &#8211; naturaalsed antioks\u00fcdandid ja oomega-3 rasvhapped tugevdavad koera s\u00fcdant.<\/li>\n<p>&#13;<\/p>\n<li>Sisaldab kollageeni, rohelist rannakarpi ja koorikloomade kestasid liigeste ja k\u00f5hrede tervise toetamiseks.<\/li>\n<p>&#13;<\/p>\n<li>Suur oomega-3 rasvhapete sisaldus terve naha ning l\u00e4ikiva karvkatte jaoks.<\/li>\n<p>&#13;<\/p>\n<li>Sisaldab puuvilju ja maitsetaimi hea seedimise ja immuunsuse toetamiseks.<\/li>\n<p>&#13;<\/p>\n<li>Toidus sisalduvad kuivatatud \u00f5unad on v\u00e4ga kergeks kiudainete allikaks, mis aitavad s\u00e4ilitada seedetrakti mikrofloorat.<\/li>\n<p>&#13;<br \/>\n<br \/>&#13;<br \/>\n<b>Koostis<\/b><br \/>&#13;<br \/>\nKana 50% (deh\u00fcdreeritud 30%, konditustatud 20%), kaer, nisu, kanarasv (s\u00e4ilitatud segatud tokoferoolidega), mais, kuivatatud \u00f5unad, l\u00f5he\u00f5li (2%), h\u00fcdrol\u00fc\u00fcsitud kanamaks, \u00f5llep\u00e4rm, kollageen, koorikloomade kestad (gl\u00fckoosamiini allikas, 210 mg\/kg), k\u00f5hred (kondroitiini allikas, 150 mg\/kg), maitsetaimed ja puuviljad (nelk, tsitrus, rosmariin, kurkum, 120 mg\/kg), mannan-oligosahhariidid (120 mg\/kg), frukto-oligosahhariidid (90 mg\/kg), t\u00e4\u00e4kliilia (Mojave yucca) (90 mg\/kg), kuivatatud kummel (80 mg\/kg), roheline rannakarp (gl\u00fckoosaminogl\u00fckaanide allikas, 50 mg\/kg), kuivatatud mustikad (50 mg\/kg).<br \/>&#13;<br \/>\n<br \/>&#13;<br \/>\n<b>Anal\u00fc\u00fctiline koostis<\/b><br \/>&#13;<br \/>\nToorvalk 28,0%, toorrasv 16,0%, niiskus 10,0%, toortuhk 7,2%, toorkiud 2,5%, kaltsium 1,5%, fosfor 1,1%, oomega-3 0,2%, oomega-6 1,85%.<br \/>&#13;<br \/>\n<br \/>&#13;<br \/>\n<b>S\u00f6\u00f6dalisandid (1 kg kohta)<\/b><br \/>&#13;<br \/>\nToitainelised lisandid: A-vitamiin (3a672a) 15 000 R\u00dc, D3-vitamiin (E671) 1 000 R\u00dc, E-vitamiin (\u03b1-tokoferool) (3a700) 400 mg, biotiin (3a880) 0,5 mg, koliinkloriid (3a890) 500 mg, tsingi aminohapete kelaat h\u00fcdraat (3b606) 70 mg, raua aminohapete kelaat h\u00fcdraat (E1) 60 mg, mangaani aminohapete kelaat h\u00fcdraat (E5) 30 mg, kaaliumjodiid (3b201) 0,5 mg, vase aminohapete kelaat h\u00fcdraat (E4) 12 mg, seleeni orgaaniline vorm toodetud Saccaromyces cerevisiae CNCM I-3060 (inaktiveeritud seleniidip\u00e4rm) (3b8.10) 0,2 mg. Sisaldab ELis heaks kiidetud antioks\u00fcdante: tokoferooliekstraktid taime\u00f5list (1b306), askorb\u00fc\u00fclpalmitaat (1b304) ja rosmariiniekstrakt.<br \/>&#13;<br \/>\n<br \/>&#13;<br \/>\n<b>Metaboliseeruv energia<\/b><br \/>&#13;<br \/>\n3 820 kcal\/kg<br \/>&#13;<br \/>\n<br \/>&#13;<br \/>\n <b>S\u00f6\u00f6tmisjuhend<\/b><br \/>&#13;<br \/>\n V\u00f5ib serveerida kuivalt v\u00f5i leige veega niisutatult, v\u00e4ikestel t\u00f5ugudel on k\u00f5rgem energiavajadus ja suhteliselt v\u00e4ike seedetrakt ja magu, soovitatav p\u00e4evane toidukogus tuleks jagada 2\u20133 v\u00f5rdseks portsjoniks, soovitatav p\u00e4evane kogus on toodud s\u00f6\u00f6tmistabelis, esmakordsel pakkumisel kasutada v\u00e4iksemaid koguseid ja segada eelmise toiduga ning suurendada Brit Premiumi osa j\u00e4rk-j\u00e4rgult, tagada koerale alati v\u00e4rske joogivesi.<br \/>&#13;<br \/>\n <br \/>&#13;<br \/>\n <b>P\u00e4evane soovituslik kogus<\/b><br \/> &#13;<\/p>\n<figure class=\"table\">\n<table>\n<tbody>\n<tr>\n<td><strong>Koera kaal (kg)<\/strong><\/td>\n<td>1<\/td>\n<td>3<\/td>\n<td>5<\/td>\n<td>7<\/td>\n<td>10<\/td>\n<\/tr>\n<tr>\n<td><strong>P\u00e4evane kogus (g\/p\u00e4evas)<\/strong><\/td>\n<td>20<\/td>\n<td>45<\/td>\n<td>70<\/td>\n<td>85<\/td>\n<td>120<\/td>\n<\/tr>\n<\/tbody>\n<\/table>\n<\/figure>\n","protected":false},"excerpt":{"rendered":"<p>Brit Premium t\u00e4istoit v\u00e4ikest t\u00f5ugu (1-10kg) t\u00e4iskasvanud koertele kanalihaga.<\/p>\n","protected":false},"featured_media":6344,"template":"","meta":[],"product_cat":[688,64],"product_tag":[],"class_list":{"0":"post-16749","1":"product","2":"type-product","3":"status-publish","4":"has-post-thumbnail","6":"product_cat-koerad","7":"product_cat-koeratoit","8":"pa_brand-brit-premium","9":"pa_ean-182","10":"pa_kaal-1-000","11":"pa_tootjariik-tsehhi","13":"first","14":"instock","15":"taxable","16":"shipping-taxable","17":"purchasable","18":"product-type-simple"},"_links":{"self":[{"href":"https:\/\/kasskoer.ee\/en\/wp-json\/wp\/v2\/product\/16749","targetHints":{"allow":["GET"]}}],"collection":[{"href":"https:\/\/kasskoer.ee\/en\/wp-json\/wp\/v2\/product"}],"about":[{"href":"https:\/\/kasskoer.ee\/en\/wp-json\/wp\/v2\/types\/product"}],"wp:featuredmedia":[{"embeddable":true,"href":"https:\/\/kasskoer.ee\/en\/wp-json\/wp\/v2\/media\/6344"}],"wp:attachment":[{"href":"https:\/\/kasskoer.ee\/en\/wp-json\/wp\/v2\/media?parent=16749"}],"wp:term":[{"taxonomy":"product_cat","embeddable":true,"href":"https:\/\/kasskoer.ee\/en\/wp-json\/wp\/v2\/product_cat?post=16749"},{"taxonomy":"product_tag","embeddable":true,"href":"https:\/\/kasskoer.ee\/en\/wp-json\/wp\/v2\/product_tag?post=16749"}],"curies":[{"name":"wp","href":"https:\/\/api.w.org\/{rel}","templated":true}]}}