{"id":16752,"date":"2026-04-20T03:15:24","date_gmt":"2026-04-20T00:15:24","guid":{"rendered":"https:\/\/kasskoer.ee\/product\/carnilove-fresh-chicken-rabbit-for-adult-kassitoit-400g-2\/"},"modified":"2026-04-20T03:15:26","modified_gmt":"2026-04-20T00:15:26","slug":"carnilove-fresh-chicken-rabbit-for-adult-kassitoit-400g","status":"publish","type":"product","link":"https:\/\/kasskoer.ee\/en\/toode\/carnilove-fresh-chicken-rabbit-for-adult-kassitoit-400g\/","title":{"rendered":"Carnilove Fresh Chicken &#038; Rabbit for Adult kassitoit 400g"},"content":{"rendered":"<p><strong>Carni Love Fresh t\u00e4istoit t\u00e4iskasvanud kassidele kana- ja j\u00e4neselihaga<\/strong> <\/p>\n<ul>\n<li>Retsept on koostatud kasside looduslikku toitumist arvesse v\u00f5ttes<\/li>\n<li>Rohkelt v\u00e4rsket liha koos erinevate k\u00f6\u00f6giviljade, marjade ja \u00fcrtidega<\/li>\n<\/ul>\n<p style=\"text-align: left\"><strong>Koostis<\/strong><br \/> V\u00e4rske kana(42%),kuivatatud j\u00e4nes (22%), kuivatatud part (6%), kanarasv(s\u00e4ilitatud tokoferoolidega 4%), k\u00f5rvits, kikerherned, herned, kanamaks(3%), l\u00f5he\u00f5li (2%), \u00f5unad, porgandid, linaseemned, h\u00fcdrol\u00fc\u00fcsitud koorikloomade koorik (gl\u00fckoosamiini allikas,0,026%), k\u00f5hre ekstrakt (kondroitiiniallikas, 0,016%), \u00f5llep\u00e4rm (mannooligosahhariidi allikas,0,015%), sigur (fruktooligosahhariidiallikas, 0,012%), t\u00e4\u00e4kliilia 0,01%), vetikad (0,01%), ps\u00fclleum(0,01%), t\u00fc\u00fcmian(0,01%), rosmariin(0,01%), oregaano (0,01%), j\u00f5hvikad (0,0008%), mustikad(0,0008%), astelpaju (0,0008%), ingverijuur (0,0008%), salvei (0,0008%).<\/p>\n<p> <strong>Vitamiinid 1kg kohta<\/strong><br \/> A 23 000IU,D3 940IU,E 650mg, vitamiin C 300mg, tauriin 2400mg, koliinkloriid 2200mg, L-karnitiin 65mg, niatsiinamiid 45mg, biotiin 1,8mg, tsink 100mg, raud 48mg, magneesium 55mg,jood 3,8mg, vask 11mg, seleen 0,2mg, L-metioniin 14mg, arginiin 12mg, L-l\u00fcsiin 10mg.<\/p>\n<p> <strong>Anal\u00fc\u00fctiline koostis<\/strong><br \/> Toorvalk 39,0%,rasv 18,0%,toortuhk 8,0%,toorkiud 3,0%, niiskus 10,0%, kaltsium 1,2%, fosfor 1,0%, kaalium 0,4%, magneesium 0,09%, omega-3 0,5%, omega-6 1,8%, EPA 0,09%, DHA 0,12%.<\/p>\n<p> <strong>Metaboliseeruv energia <\/strong><br \/> 3910 kcal\/kg<\/p>\n<p> <strong>Toitmisjuhend<\/strong><br \/> Anda loomale vastavalt soovitatud kogusele(vt tabelist) V\u00e4rske vesi peab alati olema saadaval.P\u00e4rast kasutamist sulgege pakend kindlalt.<\/p>\n<p> <strong>Soovituslik p\u00e4evane kogus<\/strong> <\/p>\n<table>\n<tbody>\n<tr>\n<td width=\"142\">\n<p style=\"text-align: center\">Kassi kaal (kg)<\/p>\n<\/td>\n<td style=\"text-align: center\" width=\"142\">2-3<\/td>\n<td style=\"text-align: center\" width=\"142\">3-5<\/td>\n<td style=\"text-align: center\" width=\"142\">5-7<\/td>\n<td style=\"text-align: center\" width=\"142\">7-9<\/td>\n<\/tr>\n<tr>\n<td style=\"text-align: center\" width=\"142\">P\u00e4eane kogus (g)<\/td>\n<td style=\"text-align: center\" width=\"142\">35-50<\/td>\n<td style=\"text-align: center\" width=\"142\">50-65<\/td>\n<td style=\"text-align: center\" width=\"142\">65-85<\/td>\n<td width=\"142\">\n<p style=\"text-align: center\">85-95<\/p>\n<\/td>\n<\/tr>\n<\/tbody>\n<\/table>\n","protected":false},"excerpt":{"rendered":"<p>Teravilja &#8211; ja kartulivaba v\u00e4rske lihaga t\u00e4istoit valivatele t\u00e4iskasvanud kassidele.<\/p>\n","protected":false},"featured_media":6347,"template":"","meta":[],"product_cat":[689,75],"product_tag":[],"class_list":{"0":"post-16752","1":"product","2":"type-product","3":"status-publish","4":"has-post-thumbnail","6":"product_cat-kassid","7":"product_cat-kassitoit","8":"pa_brand-carnilove","9":"pa_ean-271","10":"pa_kaal-0-400","11":"pa_tootjariik-tsehhi","13":"first","14":"instock","15":"taxable","16":"shipping-taxable","17":"purchasable","18":"product-type-simple"},"_links":{"self":[{"href":"https:\/\/kasskoer.ee\/en\/wp-json\/wp\/v2\/product\/16752","targetHints":{"allow":["GET"]}}],"collection":[{"href":"https:\/\/kasskoer.ee\/en\/wp-json\/wp\/v2\/product"}],"about":[{"href":"https:\/\/kasskoer.ee\/en\/wp-json\/wp\/v2\/types\/product"}],"wp:featuredmedia":[{"embeddable":true,"href":"https:\/\/kasskoer.ee\/en\/wp-json\/wp\/v2\/media\/6347"}],"wp:attachment":[{"href":"https:\/\/kasskoer.ee\/en\/wp-json\/wp\/v2\/media?parent=16752"}],"wp:term":[{"taxonomy":"product_cat","embeddable":true,"href":"https:\/\/kasskoer.ee\/en\/wp-json\/wp\/v2\/product_cat?post=16752"},{"taxonomy":"product_tag","embeddable":true,"href":"https:\/\/kasskoer.ee\/en\/wp-json\/wp\/v2\/product_tag?post=16752"}],"curies":[{"name":"wp","href":"https:\/\/api.w.org\/{rel}","templated":true}]}}