{"id":16753,"date":"2026-04-20T03:15:24","date_gmt":"2026-04-20T00:15:24","guid":{"rendered":"https:\/\/kasskoer.ee\/product\/carnilove-fresh-carp-trout-for-sterilised-kassitoit-6-kg-2\/"},"modified":"2026-04-20T03:15:26","modified_gmt":"2026-04-20T00:15:26","slug":"carnilove-fresh-carp-trout-for-sterilised-kassitoit-6-kg","status":"publish","type":"product","link":"https:\/\/kasskoer.ee\/en\/toode\/carnilove-fresh-carp-trout-for-sterilised-kassitoit-6-kg\/","title":{"rendered":"Carnilove Fresh Carp &#038; Trout for Sterilised kassitoit 6 kg"},"content":{"rendered":"<p><strong>Carni Love Fresh t\u00e4iss\u00f6\u00f6t t\u00e4iskasvanud steriliseeritud kassidele karpkala ja forelliga<\/strong> <\/p>\n<ul>\n<li>Unikaalne retsept, sisaldades v\u00e4rsket liga koos k\u00f6\u00f6giviljade, puuviljade ja maitsetaimedega<\/li>\n<li>Tagab \u00f5ige neerude ja kuseteede funktsioneerimise<\/li>\n<\/ul>\n<p> <strong>Koostis<\/strong><br \/> V\u00e4rske karpkala (25%), kuivatatud forell (20%), h\u00fcdrol\u00fc\u00fcsitud l\u00f5he (14%), kuivatatud l\u00f5he (12%), k\u00f5rvits, kanarasv (s\u00e4ilitusaine tokoferoolid, 4%), kikerhernes, hernes, kanamaks (3%), l\u00f5he\u00f5li (2%), \u00f5un, porgand, linaseemned, koorikloomade h\u00fcdrol\u00fc\u00fcsitud kestad (gl\u00fckoosamiini allikas, 0,026%), k\u00f5hreekstrakt (kondroitiini allikas, 0,016%), \u00f5llep\u00e4rm (mannanoligosahhariidide allikas, 0,015%), sigurijuur (fruktooligosahhariidide allikas, 0,016%), t\u00e4\u00e4kliilia (0,01%), merevetikad (0,01%), ps\u00fcllium (0,01%), t\u00fc\u00fcmian (0,01%), rosmariin (0,01%), pune (0,01%), j\u00f5hvikad (0,0008%), mustikad (0,0008%), astelpalju (0,0008%), ingverijuur (0,0008%), salvei (0,0008%).<\/p>\n<p> <strong>Vitamiinid 1kg kohta<\/strong><br \/> A 23 000IU,D3 940IU,E 650mg, vitamiin C 300mg, tauriin 2400mg, koliinkloriid 2200mg, L-karnitiin 65mg, niatsiinamiid 45mg, biotiin 1,8mg, tsink 100mg, raud 48mg, magneesium 55mg,jood 3,8mg, vask 11mg, seleen 0,2mg, L-metioniin 14mg, arginiin 12mg, L-l\u00fcsiin 10mg.<\/p>\n<p> <strong>Anal\u00fc\u00fctiline koostis<\/strong><br \/> Toorvalk 34,0%,rasv 14,0%,toortuhk 9,5%,toorkiud 3,5%, niiskus 10,0%, kaltsium 0,9%, fosfor 0,8%, kaalium 1,2%, magneesium 0,04%, omega-3 0,8%, omega-6 1,7%, EPA 0,1%, DHA 0,2%.<\/p>\n<p> <strong>Metaboliseeruv energia <\/strong><br \/> 3630 kcal\/kg<\/p>\n<p> <strong>Toitmisjuhend<\/strong><br \/> Anda loomale vastavalt soovitatud kogusele(vt tabelist) V\u00e4rske vesi peab alati olema saadaval.P\u00e4rast kasutamist sulgege pakend kindlalt.<\/p>\n<p> <strong>Soovituslik p\u00e4evane kogus <\/strong> <\/p>\n<table>\n<tbody>\n<tr>\n<td width=\"142\">\n<p style=\"text-align: center;\">Kassi kaal (kg)<\/p>\n<\/td>\n<td width=\"142\">\n<p style=\"text-align: center;\">2-3<\/p>\n<\/td>\n<td width=\"142\">\n<p style=\"text-align: center;\">3-5<\/p>\n<\/td>\n<td width=\"142\">\n<p style=\"text-align: center;\">5-7<\/p>\n<\/td>\n<td width=\"142\">\n<p style=\"text-align: center;\">7-9<\/p>\n<\/td>\n<\/tr>\n<tr>\n<td style=\"text-align: center;\" width=\"142\">P\u00e4eane kogus (g)<\/td>\n<td style=\"text-align: center;\" width=\"142\">40-55<\/td>\n<td style=\"text-align: center;\" width=\"142\">55-70<\/td>\n<td style=\"text-align: center;\" width=\"142\">70-90<\/td>\n<td width=\"142\">\n<p style=\"text-align: center;\">90-110<\/p>\n<\/td>\n<\/tr>\n<\/tbody>\n<\/table>\n","protected":false},"excerpt":{"rendered":"<p>Teravilja &#8211; ja kartulivaba v\u00e4rske lihaga t\u00e4istoit steriliseeritud kassidele.<\/p>\n","protected":false},"featured_media":6348,"template":"","meta":[],"product_cat":[689,75],"product_tag":[],"class_list":{"0":"post-16753","1":"product","2":"type-product","3":"status-publish","4":"has-post-thumbnail","6":"product_cat-kassid","7":"product_cat-kassitoit","8":"pa_brand-carnilove","9":"pa_ean-267","10":"pa_kaal-6-000","11":"pa_tootjariik-tsehhi","13":"first","14":"instock","15":"taxable","16":"shipping-taxable","17":"purchasable","18":"product-type-simple"},"_links":{"self":[{"href":"https:\/\/kasskoer.ee\/en\/wp-json\/wp\/v2\/product\/16753","targetHints":{"allow":["GET"]}}],"collection":[{"href":"https:\/\/kasskoer.ee\/en\/wp-json\/wp\/v2\/product"}],"about":[{"href":"https:\/\/kasskoer.ee\/en\/wp-json\/wp\/v2\/types\/product"}],"wp:featuredmedia":[{"embeddable":true,"href":"https:\/\/kasskoer.ee\/en\/wp-json\/wp\/v2\/media\/6348"}],"wp:attachment":[{"href":"https:\/\/kasskoer.ee\/en\/wp-json\/wp\/v2\/media?parent=16753"}],"wp:term":[{"taxonomy":"product_cat","embeddable":true,"href":"https:\/\/kasskoer.ee\/en\/wp-json\/wp\/v2\/product_cat?post=16753"},{"taxonomy":"product_tag","embeddable":true,"href":"https:\/\/kasskoer.ee\/en\/wp-json\/wp\/v2\/product_tag?post=16753"}],"curies":[{"name":"wp","href":"https:\/\/api.w.org\/{rel}","templated":true}]}}