{"id":16754,"date":"2026-04-20T03:15:24","date_gmt":"2026-04-20T00:15:24","guid":{"rendered":"https:\/\/kasskoer.ee\/product\/carnilove-fresh-carp-trout-for-sterilised-kassitoit-2-kg-2\/"},"modified":"2026-04-20T03:15:26","modified_gmt":"2026-04-20T00:15:26","slug":"carnilove-fresh-carp-trout-for-sterilised-kassitoit-2-kg","status":"publish","type":"product","link":"https:\/\/kasskoer.ee\/en\/toode\/carnilove-fresh-carp-trout-for-sterilised-kassitoit-2-kg\/","title":{"rendered":"Carnilove Fresh Carp &#038; Trout for Sterilised kassitoit 2 kg"},"content":{"rendered":"<p><b>Carnilove Fresh t\u00e4iss\u00f6\u00f6t t\u00e4iskasvanud steriliseeritud kassidele karpkala ja forelliga.<\/b>&#13;<\/p>\n<li>Unikaalne retsept, sisaldades v\u00e4rsket liha koos k\u00f6\u00f6giviljade, puuviljade ja maitsetaimedega.<\/li>\n<p>&#13;<\/p>\n<li>Tagab \u00f5ige neerude ja kuseteede funktsioneerimise<\/li>\n<p>&#13;<br \/>\n<br \/>&#13;<br \/>\n<b>Koostis<\/b><br \/>&#13;<br \/>\nkonditustatud v\u00e4rske karpkala (25%), kuivatatud forell (20%), konditustatud v\u00e4rske l\u00f5he (14%), kuivatatud l\u00f5he (12%), k\u00f5rvits, kanarasv (s\u00e4ilitatud tokoferoolidega, 4%), kikerherned, herned, kanamaks (3%), l\u00f5he\u00f5li (2%), \u00f5unad, porgandid, linaseemned, h\u00fcdrol\u00fc\u00fcsitud koorikloomade kestad (gl\u00fckoosamiini allikas, 0,026%), k\u00f5hreekstrakt (kondroitiini allikas, 0,016%), \u00f5llep\u00e4rm (mannan-oligosahhariidide allikas, 0,015%), sigurijuur (frukto-oligosahhariidide allikas, 0,012%), t\u00e4\u00e4kliilia (Yucca schidigera) (0,01%), vetikad (0,01%), ps\u00fcllium (0,01%), t\u00fc\u00fcmian (0,01%), rosmariin (0,01%), pune (0,01%), j\u00f5hvikad (0,0008%), mustikad (0,0008%), astelpaju (0,0008%), ingverijuur (0,0008%), salvei (0,0008%).<br \/>&#13;<br \/>\n<br \/>&#13;<br \/>\n<b>Anal\u00fc\u00fctiline koostis<\/b><br \/>&#13;<br \/>\nToorvalk 34,0%, toorrasv 14,0%, niiskus 10,0%, toortuhk 9,5%, toorkiud 3,5%, kaltsium 0,9%, fosfor 0,8%, naatrium 1,2%, magneesium 0,04%, oomega-3 0,8%, oomega-6 1,7%, EPA (20:5 n-3) 0,1%, DHA (22:6 n-3) 0,2%.<br \/>&#13;<br \/>\n<br \/>&#13;<br \/>\n<b>S\u00f6\u00f6dalisandid (1 kg kohta)<\/b><br \/>&#13;<br \/>\nToitainelised lisandid: A-vitamiin (3a672a) 23 000 R\u00dc, D3-vitamiin (E671) 940 R\u00dc, E-vitamiin (3a700) 650 mg, C-vitamiin (3a312) 300 mg, tauriin (3a370) 2 400 mg, koliinkloriid (3a890) 2 200 mg, L-karnitiin (3a910) 65 mg, niatsiinamiid (3a315) 45 mg, biotiin (3a880) 1,8 mg, tsink (3b606) 100 mg, raud (E1) 48 mg, mangaan (E5) 55 mg, jood (3b201) 3,8 mg, vask (E4) 11 mg, seleen (3b8.10) 0,2 mg, L-metioniin (3c305) 14 mg, arginiin (3c3.6.1.) 12 mg, L-l\u00fcsiin (3.2.3.) 10 mg.<br \/>&#13;<br \/>\n<br \/>&#13;<br \/>\n<b>Metaboliseeruv energia<\/b><br \/>&#13;<br \/>\n3630 kcal\/kg<br \/>&#13;<br \/>\n<br \/>&#13;<br \/>\n<b>Toitmisjuhend<\/b><br \/>&#13;<br \/>\nAnda loomale vastavalt soovitatud kogusele (vt tabelist) V\u00e4rske vesi peab alati olema saadaval. P\u00e4rast kasutamist sulgege pakend kindlalt.<br \/>&#13;<br \/>\n<br \/>&#13;<br \/>\n<b>Soovituslik p\u00e4evane kogus<\/b><br \/>&#13;<\/p>\n<table>\n<tbody>\n<tr>\n<td width=\"142\">\n<p style=\"text-align: center;\">Kassi kaal (kg)<\/p>\n<\/td>\n<td width=\"142\">\n<p style=\"text-align: center;\">2-3<\/p>\n<\/td>\n<td width=\"142\">\n<p style=\"text-align: center;\">3-5<\/p>\n<\/td>\n<td width=\"142\">\n<p style=\"text-align: center;\">5-7<\/p>\n<\/td>\n<td width=\"142\">\n<p style=\"text-align: center;\">7-9<\/p>\n<\/td>\n<\/tr>\n<tr>\n<td style=\"text-align: center;\" width=\"142\">P\u00e4evane kogus (g)<\/td>\n<td style=\"text-align: center;\" width=\"142\">40-55<\/td>\n<td style=\"text-align: center;\" width=\"142\">55-70<\/td>\n<td style=\"text-align: center;\" width=\"142\">70-90<\/td>\n<td width=\"142\">\n<p style=\"text-align: center;\">90-110<\/p>\n<\/td>\n<\/tr>\n<\/tbody>\n<\/table>\n","protected":false},"excerpt":{"rendered":"<p>Teravilja \u2013 ja kartulivaba v\u00e4rske lihaga t\u00e4istoit steriliseeritud kassidele.<\/p>\n","protected":false},"featured_media":6349,"template":"","meta":[],"product_cat":[689,75],"product_tag":[],"class_list":{"0":"post-16754","1":"product","2":"type-product","3":"status-publish","4":"has-post-thumbnail","6":"product_cat-kassid","7":"product_cat-kassitoit","8":"pa_brand-carnilove","9":"pa_ean-265","10":"pa_kaal-2-000","11":"pa_tootjariik-tsehhi","13":"first","14":"instock","15":"taxable","16":"shipping-taxable","17":"purchasable","18":"product-type-simple"},"_links":{"self":[{"href":"https:\/\/kasskoer.ee\/en\/wp-json\/wp\/v2\/product\/16754","targetHints":{"allow":["GET"]}}],"collection":[{"href":"https:\/\/kasskoer.ee\/en\/wp-json\/wp\/v2\/product"}],"about":[{"href":"https:\/\/kasskoer.ee\/en\/wp-json\/wp\/v2\/types\/product"}],"wp:featuredmedia":[{"embeddable":true,"href":"https:\/\/kasskoer.ee\/en\/wp-json\/wp\/v2\/media\/6349"}],"wp:attachment":[{"href":"https:\/\/kasskoer.ee\/en\/wp-json\/wp\/v2\/media?parent=16754"}],"wp:term":[{"taxonomy":"product_cat","embeddable":true,"href":"https:\/\/kasskoer.ee\/en\/wp-json\/wp\/v2\/product_cat?post=16754"},{"taxonomy":"product_tag","embeddable":true,"href":"https:\/\/kasskoer.ee\/en\/wp-json\/wp\/v2\/product_tag?post=16754"}],"curies":[{"name":"wp","href":"https:\/\/api.w.org\/{rel}","templated":true}]}}