{"id":16756,"date":"2026-04-20T03:15:24","date_gmt":"2026-04-20T00:15:24","guid":{"rendered":"https:\/\/kasskoer.ee\/product\/brit-fresh-fish-pumpkin-adult-large-muscles-joints-koeratoit-12-kg-2\/"},"modified":"2026-04-20T03:15:26","modified_gmt":"2026-04-20T00:15:26","slug":"brit-fresh-fish-pumpkin-adult-large-muscles-joints-koeratoit-12-kg","status":"publish","type":"product","link":"https:\/\/kasskoer.ee\/en\/toode\/brit-fresh-fish-pumpkin-adult-large-muscles-joints-koeratoit-12-kg\/","title":{"rendered":"Brit Fresh Fish &#038; Pumpkin Adult Large Muscles &#038; Joints koeratoit 12 kg"},"content":{"rendered":"<p>V\u00e4rske kala k\u00f5rvitsa, tatra, punapeedi ja peterselliga. Superpreemium klassi toit suurt t\u00f5ugu t\u00e4iskasvanud koertele.&nbsp;<\/p>\n<p>Brit Freshi graanulid on valmistatud v\u00e4rskest lihast ja nii j\u00e4\u00e4b \u00fcks t\u00f6\u00f6tlemisaste vahele. T\u00e4nu sellele on alles liha toitev\u00e4\u00e4rtus ning eelk\u00f5ige selle loomulik maitse ja l\u00f5hn.<\/p>\n<ul>\n<li>Lihaste ja liigeste toetamiseks.<\/li>\n<li>Parem maitse ja v\u00e4rske l\u00f5hn, parem pikaajaline maitsvus.<\/li>\n<li>Sisaldab naturaalseid koostisosi \u2013 k\u00f5rvitsat, kaera, tatart, linaseemneid, lehtpeeti.<\/li>\n<li>Sisaldab traditsioonilisi maitsetaimi \u2013 t\u00fc\u00fcmian, rosmariin, saialill, v\u00f5ilill, petersell.<\/li>\n<li>Ei sisalda gluteeni, soja, maisi, toiduv\u00e4rve ega keemilisi maitseaineid.<\/li>\n<\/ul>\n<p><strong>Koostis<\/strong><br \/> V\u00e4rske kala (40%), kuivatatud kanaliha (20%), k\u00f5rvits (10%), kanarasv (s\u00e4ilitatakse tokoferoolide segu abil), kaer, tatar (4%), \u00f5unad, punapeet (2%), l\u00f5he\u00f5li, \u00f5llep\u00e4rm, linaseemned, kanamaks, kollageen, vetikad, lehtpeet (0,2%), petersell (0,05%), rosmariin, t\u00fc\u00fcmian, saialill, v\u00f5ilill, probiootikumid (Enterococcus faecium 1 \u00d7 109 KM\u00dc), gl\u00fckoosamiin (1700 mg\/kg), kondroitiinsulfaat (1300 mg\/kg), frukto-oligosahhariidid (220 mg\/kg), \u03b2-gl\u00fckaanid (200 mg\/kg), mannaan-oligosahhariidid (180 mg\/kg), t\u00e4\u00e4kliilia (150 mg\/kg), roheline rannakarp (100 mg\/kg).<\/p>\n<p> <strong>Anal\u00fc\u00fctiline koostis<\/strong><br \/> Toorvalk 26,0%, toorrasv 14,0%, toorkiud 3,0%, toortuhk 7,0%, niiskus 10,0%, oomega-3 0,9%, oomega-6 1,8%, EPA (20:5 N-3) 0,3%, DHA (22:6 N-3) 0,5%, kaltsium 1,4%, fosfor 1,0%.<\/p>\n<p> <strong>Toitainelised lisandid<\/strong><br \/> Vitamiin A (3a672a) 20 000 R\u00dc, vitamiin D3 (E671) 1600 R\u00dc, vitamiin E (3a700) 500 mg, vitamiin C (3a312) 450 mg, L-karnitiin (3a910) 500 mg, koliinkloriid (3a890) 650 mg, biotiin (3a880) 0,8 mg, vitamiin B1 (3a821) 6 mg, vitamiin B2 8 mg, niatsiinamiid (3a315) 40 mg, kaltsium-D-pantotenaat (3a841) 20 mg, vitamiin B6 (3a831) 7 mg, foolhape (3a316) 0,9 mg, vitamiin B12 0,05 mg, aminohapete h\u00fcdraadi tsinkkelaat (3b606) 110 mg, aminohapete h\u00fcdraadi raudkelaat (E1) 90 mg, aminohapete h\u00fcdraadi mangaankelaat (E5) 45 mg, kaaliumjodiid (3b201) 0,8 mg, aminohapete h\u00fcdraadi vaskkelaat (E4) 18 mg, Saccharomyces cerevisiae CNCM I-3060 toodetud seleeni orgaaniline vorm (inaktiveeritud seleniseeritud p\u00e4rm) (3b8.10) 0,2 mg, L-metioniin (3c305) 160 mg. Sisaldab looduslikke antioks\u00fcdante: tokoferooli ekstraktid taime\u00f5list (1b306), askorb\u00fc\u00fclpalmitaat (1b304) ja rosmariin.<\/p>\n<p> <strong>Metaboliseeruv energia<\/strong><br \/> 3 690 kcal\/kg<\/p>\n<p> <strong>Soovituslik p\u00e4evane kogus&nbsp;<\/strong><\/p>\n<figure class=\"table\">\n<table>\n<tbody>\n<tr>\n<th rowspan=\"2\">&nbsp;<\/th>\n<th colspan=\"12\">Koera kaal (kg)<\/th>\n<\/tr>\n<tr>\n<th>30<\/th>\n<th>40<\/th>\n<th>50<\/th>\n<th>60<\/th>\n<th>70<\/th>\n<th>80<\/th>\n<th>90<\/th>\n<th>&nbsp;<\/th>\n<th>&nbsp;<\/th>\n<th>&nbsp;<\/th>\n<th>&nbsp;<\/th>\n<th>&nbsp;<\/th>\n<\/tr>\n<tr>\n<th rowspan=\"1\">P\u00e4evane toidunorm (g\/p\u00e4ev)<\/th>\n<th>290<\/th>\n<th>360<\/th>\n<th>420<\/th>\n<th>480<\/th>\n<th>550<\/th>\n<th>600<\/th>\n<th>660<\/th>\n<th>&nbsp;<\/th>\n<th>&nbsp;<\/th>\n<th>&nbsp;<\/th>\n<th>&nbsp;<\/th>\n<th>&nbsp;<\/th>\n<\/tr>\n<\/tbody>\n<\/table>\n<\/figure>\n","protected":false},"excerpt":{"rendered":"<p>Brit Fresh t\u00e4istoit v\u00e4rske kala ja k\u00f5rvitsaga suurt kasvu t\u00e4iskasvanud koertele.<\/p>\n","protected":false},"featured_media":6351,"template":"","meta":[],"product_cat":[688,64],"product_tag":[],"class_list":{"0":"post-16756","1":"product","2":"type-product","3":"status-publish","4":"has-post-thumbnail","6":"product_cat-koerad","7":"product_cat-koeratoit","8":"pa_brand-brit-fresh","9":"pa_ean-171","10":"pa_kaal-12-000","11":"pa_tootjariik-tsehhi","13":"first","14":"instock","15":"taxable","16":"shipping-taxable","17":"purchasable","18":"product-type-simple"},"_links":{"self":[{"href":"https:\/\/kasskoer.ee\/en\/wp-json\/wp\/v2\/product\/16756","targetHints":{"allow":["GET"]}}],"collection":[{"href":"https:\/\/kasskoer.ee\/en\/wp-json\/wp\/v2\/product"}],"about":[{"href":"https:\/\/kasskoer.ee\/en\/wp-json\/wp\/v2\/types\/product"}],"wp:featuredmedia":[{"embeddable":true,"href":"https:\/\/kasskoer.ee\/en\/wp-json\/wp\/v2\/media\/6351"}],"wp:attachment":[{"href":"https:\/\/kasskoer.ee\/en\/wp-json\/wp\/v2\/media?parent=16756"}],"wp:term":[{"taxonomy":"product_cat","embeddable":true,"href":"https:\/\/kasskoer.ee\/en\/wp-json\/wp\/v2\/product_cat?post=16756"},{"taxonomy":"product_tag","embeddable":true,"href":"https:\/\/kasskoer.ee\/en\/wp-json\/wp\/v2\/product_tag?post=16756"}],"curies":[{"name":"wp","href":"https:\/\/api.w.org\/{rel}","templated":true}]}}