{"id":16757,"date":"2026-04-20T03:15:24","date_gmt":"2026-04-20T00:15:24","guid":{"rendered":"https:\/\/kasskoer.ee\/product\/brit-fresh-fish-pumpkin-adult-large-muscles-joints-koeratoit-25-kg-2\/"},"modified":"2026-04-20T03:15:26","modified_gmt":"2026-04-20T00:15:26","slug":"brit-fresh-fish-pumpkin-adult-large-muscles-joints-koeratoit-25-kg","status":"publish","type":"product","link":"https:\/\/kasskoer.ee\/en\/toode\/brit-fresh-fish-pumpkin-adult-large-muscles-joints-koeratoit-25-kg\/","title":{"rendered":"Brit Fresh Fish &#038; Pumpkin Adult Large Muscles &#038; Joints koeratoit 2,5 kg"},"content":{"rendered":"<p><b>V\u00e4rske kala, k\u00f5rvitsa, tatra, punapeedi ja peterselliga superpreemium klassi t\u00e4is\u00f6\u00f6t suurt t\u00f5ugu t\u00e4iskasvanud koertele.<\/b>&#13;<br \/>\n<br \/>Brit Freshi graanulid on valmistatud v\u00e4rskest lihast ja nii j\u00e4\u00e4b \u00fcks t\u00f6\u00f6tlemisaste vahele. T\u00e4nu sellele on alles liha toitev\u00e4\u00e4rtus ning eelk\u00f5ige selle loomulik maitse ja l\u00f5hn.&#13;<\/p>\n<li>Lihaste ja liigeste toetamiseks.<\/li>\n<p>&#13;<\/p>\n<li>Parem maitse ja v\u00e4rske l\u00f5hn, parem pikaajaline maitsvus.<\/li>\n<p>&#13;<\/p>\n<li>Sisaldab naturaalseid koostisosi \u2013 k\u00f5rvitsat, kaera, tatart, linaseemneid, lehtpeeti.<\/li>\n<p>&#13;<\/p>\n<li>Sisaldab traditsioonilisi maitsetaimi \u2013 t\u00fc\u00fcmian, rosmariin, saialill, v\u00f5ilill, petersell.<\/li>\n<p>&#13;<\/p>\n<li>Ei sisalda gluteeni, soja, maisi, toiduv\u00e4rve ega keemilisi maitseaineid.<\/li>\n<p>&#13;<br \/>\n<br \/>&#13;<br \/>\n<b>Koostis<\/b><br \/>&#13;<br \/>\nV\u00e4rske kala 40%, kuivatatud kana 20%, k\u00f5rvits 10%, kanarasv (s\u00e4ilitatud tokoferoolidega), kaer, tatar 4%, \u00f5un, peet 2%, l\u00f5he\u00f5li, \u00f5llep\u00e4rm, linaseemned, kanamaks, kollageen, vetikad, lehtpeet (0,2%), petersell 0,05%, rosmariin, t\u00fc\u00fcmian, saialill, v\u00f5ilill, probiootikum (Enterococcus faecium 1\u00d710\u2079 CFU), gl\u00fckoosamiin 1 700 mg\/kg, kondroitiinsulfaat 1 300 mg\/kg, frukto-oligosahhariidid 220 mg\/kg, \u03b2-gl\u00fckaanid 200 mg\/kg, mannan-oligosahhariidid 180 mg\/kg, t\u00e4\u00e4kliilia (Yucca) 150 mg\/kg, roheline rannakarp 100 mg\/kg.<br \/>&#13;<br \/>\n<br \/>&#13;<br \/>\n<b>Anal\u00fc\u00fctiline koostis<\/b><br \/>&#13;<br \/>\nToorvalk 26,0%, toorrasv 14,0%, toorkiud 3,0%, toortuhk 7,0%, niiskus 10,0%, oomega-3 0,9%, oomega-6 1,8%, EPA (20:5 N-3) 0,3%, DHA (22:6 N-3) 0,5%, kaltsium 1,4%, fosfor 1,0%.<br \/>&#13;<br \/>\n<br \/>&#13;<br \/>\n<b>S\u00f6\u00f6dalisandid (1 kg kohta)<\/b><br \/>&#13;<br \/>\nToitainelised lisandid: Vitamiin A (3a672a) 20 000 R\u00dc, vitamiin D3 (E671) 1600 R\u00dc, vitamiin E (3a700) 500 mg, vitamiin C (3a312) 450 mg, L-karnitiin (3a910) 500 mg, koliinkloriid (3a890) 650 mg, biotiin (3a880) 0,8 mg, vitamiin B1 (3a821) 6 mg, vitamiin B2 8 mg, niatsiinamiid (3a315) 40 mg, kaltsium-D-pantotenaat (3a841) 20 mg, vitamiin B6 (3a831) 7 mg, foolhape (3a316) 0,9 mg, vitamiin B12 0,05 mg, aminohapete h\u00fcdraadi tsinkkelaat (3b606) 110 mg, aminohapete h\u00fcdraadi raudkelaat (E1) 90 mg, aminohapete h\u00fcdraadi mangaankelaat (E5) 45 mg, kaaliumjodiid (3b201) 0,8 mg, aminohapete h\u00fcdraadi vaskkelaat (E4) 18 mg, Saccharomyces cerevisiae CNCM I-3060 toodetud seleeni orgaaniline vorm (inaktiveeritud seleniseeritud p\u00e4rm) (3b8.10) 0,2 mg, L-metioniin (3c305) 160 mg. Sisaldab looduslikke antioks\u00fcdante: tokoferooli ekstraktid taime\u00f5list (1b306), askorb\u00fc\u00fclpalmitaat (1b304) ja rosmariin.<br \/>&#13;<br \/>\n<br \/>&#13;<br \/>\n<b>Metaboliseeruv energia<\/b><br \/>&#13;<br \/>\n3 690 kcal\/kg<br \/>&#13;<br \/>\n<br \/>&#13;<br \/>\n<b>Soovituslik p\u00e4evane kogus<\/b><br \/>&#13;<\/p>\n<figure class=\"table\">\n<table>\n<tbody>\n<tr>\n<th rowspan=\"2\"> <\/th>\n<th colspan=\"12\">Koera kaal (kg)<\/th>\n<\/tr>\n<tr>\n<th>30<\/th>\n<th>40<\/th>\n<th>50<\/th>\n<th>60<\/th>\n<th>70<\/th>\n<th>80<\/th>\n<th>90<\/th>\n<th> <\/th>\n<th> <\/th>\n<th> <\/th>\n<th> <\/th>\n<th> <\/th>\n<\/tr>\n<tr>\n<th rowspan=\"1\">P\u00e4evane toidunorm (g\/p\u00e4ev)<\/th>\n<th>290<\/th>\n<th>360<\/th>\n<th>420<\/th>\n<th>480<\/th>\n<th>550<\/th>\n<th>600<\/th>\n<th>660<\/th>\n<th> <\/th>\n<th> <\/th>\n<th> <\/th>\n<th> <\/th>\n<th> <\/th>\n<\/tr>\n<\/tbody>\n<\/table>\n<\/figure>\n","protected":false},"excerpt":{"rendered":"<p>Brit Fresh t\u00e4istoit v\u00e4rske kala ja k\u00f5rvitsaga suurt kasvu t\u00e4iskasvanud koertele.<\/p>\n","protected":false},"featured_media":6352,"template":"","meta":[],"product_cat":[688,64],"product_tag":[],"class_list":{"0":"post-16757","1":"product","2":"type-product","3":"status-publish","4":"has-post-thumbnail","6":"product_cat-koerad","7":"product_cat-koeratoit","8":"pa_brand-brit-fresh","9":"pa_ean-172","10":"pa_kaal-2-500","11":"pa_tootjariik-tsehhi","13":"first","14":"instock","15":"taxable","16":"shipping-taxable","17":"purchasable","18":"product-type-simple"},"_links":{"self":[{"href":"https:\/\/kasskoer.ee\/en\/wp-json\/wp\/v2\/product\/16757","targetHints":{"allow":["GET"]}}],"collection":[{"href":"https:\/\/kasskoer.ee\/en\/wp-json\/wp\/v2\/product"}],"about":[{"href":"https:\/\/kasskoer.ee\/en\/wp-json\/wp\/v2\/types\/product"}],"wp:featuredmedia":[{"embeddable":true,"href":"https:\/\/kasskoer.ee\/en\/wp-json\/wp\/v2\/media\/6352"}],"wp:attachment":[{"href":"https:\/\/kasskoer.ee\/en\/wp-json\/wp\/v2\/media?parent=16757"}],"wp:term":[{"taxonomy":"product_cat","embeddable":true,"href":"https:\/\/kasskoer.ee\/en\/wp-json\/wp\/v2\/product_cat?post=16757"},{"taxonomy":"product_tag","embeddable":true,"href":"https:\/\/kasskoer.ee\/en\/wp-json\/wp\/v2\/product_tag?post=16757"}],"curies":[{"name":"wp","href":"https:\/\/api.w.org\/{rel}","templated":true}]}}