{"id":16759,"date":"2026-04-20T03:15:24","date_gmt":"2026-04-20T00:15:24","guid":{"rendered":"https:\/\/kasskoer.ee\/product\/brit-fresh-turkey-pea-adult-fit-slim-koeratoit-25-kg-2\/"},"modified":"2026-04-20T03:15:26","modified_gmt":"2026-04-20T00:15:26","slug":"brit-fresh-turkey-pea-adult-fit-slim-koeratoit-25-kg","status":"publish","type":"product","link":"https:\/\/kasskoer.ee\/en\/toode\/brit-fresh-turkey-pea-adult-fit-slim-koeratoit-25-kg\/","title":{"rendered":"Brit Fresh Turkey &#038; Pea Adult Fit &#038; Slim koeratoit 2,5 kg"},"content":{"rendered":"<p>V\u00e4rske kalkuniliha herneste, riisi, arooniate ja v\u00f5ilillega. Superpreemium klassi toit v\u00e4heaktiivsetele t\u00e4iskasvanud koertele, \u00fclekaalulistele koertele ja vanadele koertele.<\/p>\n<p>Brit Freshi graanulid on valmistatud v\u00e4rskest lihast ja nii j\u00e4\u00e4b \u00fcks t\u00f6\u00f6tlemisaste vahele. T\u00e4nu sellele on alles liha toitev\u00e4\u00e4rtus ning eelk\u00f5ige selle loomulik maitse ja l\u00f5hn.<\/p>\n<ul>\n<li>Parem maitse ja v\u00e4rske l\u00f5hn, parem pikaajaline maitsvus.<\/li>\n<li>Sisaldab naturaalseid koostisosi \u2013 herneid, riisi, kaera, tatart, linaseemneid, arooniaid.<\/li>\n<li>Sisaldab traditsioonilisi maitsetaimi \u2013 t\u00fc\u00fcmian, rosmariin, saialill, v\u00f5ilill, petersell.<\/li>\n<li>Ei sisalda gluteeni, soja, maisi, toiduv\u00e4rve ega keemilisi maitseaineid.<\/li>\n<\/ul>\n<p><strong>Koostis<\/strong><br \/> V\u00e4rske kalkuniliha (40%), herned (10%), kuivatatud kalkuniliha (10%), riis (8%), kanarasv (s\u00e4ilitatakse tokoferoolide segu abil), \u00f5unad, kaer, tatar, India teeleht, punapeet, l\u00f5he\u00f5li, \u00f5llep\u00e4rm, linaseemned, kanamaks, kollageen, vetikad, arooniad (0,2%), petersell, rosmariin, t\u00fc\u00fcmian, saialill, v\u00f5ilill (0,05%), probiootikumid (Enterococcus faecium 1 \u00d7 109 KM\u00dc), gl\u00fckoosamiin (1700 mg\/kg), kondroitiinsulfaat (1300 mg\/kg), frukto-oligosahhariidid (220 mg\/kg), \u03b2-gl\u00fckaanid (200 mg\/kg), mannaan-oligosahhariidid (180 mg\/kg), t\u00e4\u00e4kliilia (150 mg\/kg), roheline rannakarp (100 mg\/kg)<\/p>\n<p> <strong>Anal\u00fc\u00fctiline koostis<\/strong><br \/> Toorvalk 27,0%, toorrasv 12,0%, toorkiud 5,0%, toortuhk 7,5%, niiskust 10,0%, oomega-3 0,7%, oomega-6 0,85%, EPA (20:5 N-3) 0,2%, DHA (22:6 N-3) 0,4%, kaltsium 1,6%, fosfor 1,1%.<\/p>\n<p> <strong>Toitainelised lisandid<\/strong><br \/> Vitamiin A (3a672a) 22 000 R\u00dc, vitamiin D3 (E671) 1 800 R\u00dc, vitamiin E (3a700) 600 mg, vitamiin C (3a312) 500 mg, L-karnitiin (3a910) 550 mg, koliinkloriid (3a890) 750 mg, biotiin (3a880) 0,9 mg, vitamiin B1 (3a821) 7 mg, vitamiin B2 9 mg, niatsiinamiid (3a315) 42 mg, kaltsium-D-pantotenaat (3a841) 22 mg, vitamiin B6 (3a831) 8 mg, foolhape (3a316) 1 mg, vitamiin B12 0,06 mg, aminohapete h\u00fcdraadi tsinkkelaat (3b606) 120 mg, aminohapete h\u00fcdraadi raudkelaat (E1) 95 mg, aminohapete h\u00fcdraadi mangaankelaat (E5) 50 mg, kaaliumjodiid (3b201) 0,9 mg, aminohapete h\u00fcdraadi vaskkelaat (E4) 20 mg, Saccharomyces cerevisiae CNCM I-3060 toodetud seleeni orgaaniline vorm (inaktiveeritud seleniseeritud p\u00e4rm) (3b8.10) 0,2 mg, L-metioniin (3c305) 180 mg. Sisaldab looduslikke antioks\u00fcdante: tokoferooli ekstraktid taime\u00f5list (1b306), askorb\u00fc\u00fclpalmitaat (1b304) ja rosmariin.<\/p>\n<p> <strong>Metaboliseeruv energia<\/strong><br \/> 3 460 kcal\/kg<\/p>\n<p> <strong>Soovituslik p\u00e4evane kogus&nbsp;<\/strong><\/p>\n<figure class=\"table\">\n<table>\n<tbody>\n<tr>\n<th rowspan=\"2\">&nbsp;<\/th>\n<th colspan=\"12\">Koera kaal(kg)<\/th>\n<\/tr>\n<tr>\n<th>5<\/th>\n<th>10<\/th>\n<th>15<\/th>\n<th>20<\/th>\n<th>25<\/th>\n<th>30<\/th>\n<th>40<\/th>\n<th>50<\/th>\n<th>60<\/th>\n<th>70<\/th>\n<th>80<\/th>\n<th>90<\/th>\n<\/tr>\n<tr>\n<th rowspan=\"1\">Kaalu langetades(g)<\/th>\n<th>70<\/th>\n<th>120<\/th>\n<th>160<\/th>\n<th>200<\/th>\n<th>240<\/th>\n<th>270<\/th>\n<th>340<\/th>\n<th>400<\/th>\n<th>450<\/th>\n<th>510<\/th>\n<th>560<\/th>\n<th>620<\/th>\n<\/tr>\n<tr>\n<th rowspan=\"1\">Kaalu hoides (g)<\/th>\n<th>80<\/th>\n<th>140<\/th>\n<th>180<\/th>\n<th>230<\/th>\n<th>270<\/th>\n<th>310<\/th>\n<th>380<\/th>\n<th>450<\/th>\n<th>520<\/th>\n<th>580<\/th>\n<th>640<\/th>\n<th>700<\/th>\n<\/tr>\n<\/tbody>\n<\/table>\n<\/figure>\n","protected":false},"excerpt":{"rendered":"<p>Brit Fresh t\u00e4istoit v\u00e4rske kalkuniga t\u00e4iskasvanud \u00fclekaalulistele ja vanadele koertele.<\/p>\n","protected":false},"featured_media":6354,"template":"","meta":[],"product_cat":[688,64],"product_tag":[],"class_list":{"0":"post-16759","1":"product","2":"type-product","3":"status-publish","4":"has-post-thumbnail","6":"product_cat-koerad","7":"product_cat-koeratoit","8":"pa_brand-brit-fresh","9":"pa_ean-174","10":"pa_kaal-2-500","11":"pa_tootjariik-tsehhi","13":"first","14":"instock","15":"taxable","16":"shipping-taxable","17":"purchasable","18":"product-type-simple"},"_links":{"self":[{"href":"https:\/\/kasskoer.ee\/en\/wp-json\/wp\/v2\/product\/16759","targetHints":{"allow":["GET"]}}],"collection":[{"href":"https:\/\/kasskoer.ee\/en\/wp-json\/wp\/v2\/product"}],"about":[{"href":"https:\/\/kasskoer.ee\/en\/wp-json\/wp\/v2\/types\/product"}],"wp:featuredmedia":[{"embeddable":true,"href":"https:\/\/kasskoer.ee\/en\/wp-json\/wp\/v2\/media\/6354"}],"wp:attachment":[{"href":"https:\/\/kasskoer.ee\/en\/wp-json\/wp\/v2\/media?parent=16759"}],"wp:term":[{"taxonomy":"product_cat","embeddable":true,"href":"https:\/\/kasskoer.ee\/en\/wp-json\/wp\/v2\/product_cat?post=16759"},{"taxonomy":"product_tag","embeddable":true,"href":"https:\/\/kasskoer.ee\/en\/wp-json\/wp\/v2\/product_tag?post=16759"}],"curies":[{"name":"wp","href":"https:\/\/api.w.org\/{rel}","templated":true}]}}