{"id":16761,"date":"2026-04-20T03:15:24","date_gmt":"2026-04-20T00:15:24","guid":{"rendered":"https:\/\/kasskoer.ee\/product\/brit-fresh-duck-millet-adult-run-work-koeratoit-12-kg-2\/"},"modified":"2026-04-20T03:15:26","modified_gmt":"2026-04-20T00:15:26","slug":"brit-fresh-duck-millet-adult-run-work-koeratoit-12-kg","status":"publish","type":"product","link":"https:\/\/kasskoer.ee\/en\/toode\/brit-fresh-duck-millet-adult-run-work-koeratoit-12-kg\/","title":{"rendered":"Brit Fresh Duck &#038; Millet Adult Run &#038; Work koeratoit 12 kg"},"content":{"rendered":"<p>V\u00e4rske pardiliha hirsi, suvik\u00f5rvitsa, spinati ja saialillega. Superpreemium klassi toit aktiivsetele koertele.<br \/> Brit Freshi graanulid on valmistatud v\u00e4rskest lihast ja nii j\u00e4\u00e4b \u00fcks t\u00f6\u00f6tlemisaste vahele. T\u00e4nu sellele on alles liha toitev\u00e4\u00e4rtus ning eelk\u00f5ige selle loomulik maitse ja l\u00f5hn.<\/p>\n<ul>\n<li>Parem maitse ja v\u00e4rske l\u00f5hn, parem pikaajaline maitsvus.<\/li>\n<li>Sisaldab naturaalseid koostisosi \u2013 kaera, hirssi, tatart, linaseemneid, suvik\u00f5rvitsat.<\/li>\n<li>Sisaldab traditsioonilisi maitsetaimi \u2013 t\u00fc\u00fcmian, rosmariin, saialill, v\u00f5ilill, petersell.<\/li>\n<li>Ei sisalda gluteeni, soja, maisi, toiduv\u00e4rve ega keemilisi maitseaineid.<\/li>\n<\/ul>\n<p><strong>Koostis<\/strong><br \/> V\u00e4rske pardiliha (40%), kuivatatud pardiliha (30%), kanarasv (s\u00e4ilitatakse tokoferoolide segu abil), kaer, hirss (4%), tatar, \u00f5unad, punapeet, l\u00f5he\u00f5li, kanamaks, \u00f5llep\u00e4rm, linaseemned, kollageen, suvik\u00f5rvits (2%), spinat (0,4%), vetikad, must s\u00f5star, petersell, rosmariin, t\u00fc\u00fcmian, saialill (0,3%), v\u00f5ilill, probiootikumid (Enterococcus faecium 1 \u00d7 109 KM\u00dc), gl\u00fckoosamiin (1700 mg\/kg), kondroitiinsulfaat (1300 mg\/kg), frukto-oligosahhariidid (220 mg\/kg), \u03b2-gl\u00fckaanid (200 mg\/kg), mannaan-oligosahhariidid (180 mg\/kg), t\u00e4\u00e4kliilia (150 mg\/kg), roheline rannakarp (100 kg\/kg).<\/p>\n<p> <strong>Anal\u00fc\u00fctiline koostis<\/strong><br \/> Toorvalk 32,0%, toorrasv 22,0%, toorkiud 1,5%, toortuhk 7,8%, niiskust 10,0%, oomega-3 0,9%, oomega-6 2,5%, EPA (20:5 N-3) 0,3%, DHA (22:6 N-3) 0,5%, kaltsium 1,6%, fosfor 1,1%.<\/p>\n<p> <strong>Toitainelised lisandid<\/strong><br \/> Vitamiin A (3a672a) 22 000 R\u00dc, vitamiin D3 (E671) 1 800 R\u00dc, vitamiin E (3a700) 600 mg, vitamiin C (3a312) 500 mg, L-karnitiin (3a910) 550 mg, koliinkloriid (3a890) 750 mg, biotiin (3a880) 0,9 mg, vitamiin B1 (3a821) 7 mg, vitamiin B2 9 mg, niatsiinamiid (3a315) 42 mg, kaltsium-D-pantotenaat (3a841) 22 mg, vitamiin B6 (3a831) 8 mg, foolhape (3a316) 1 mg, vitamiin B12 0,06 mg, aminohapete h\u00fcdraadi tsinkkelaat (3b606) 120 mg, aminohapete h\u00fcdraadi raudkelaat (E1) 95 mg, aminohapete h\u00fcdraadi mangaankelaat (E5) 50 mg, kaaliumjodiid (3b201) 0,9 mg, aminohapete h\u00fcdraadi vaskkelaat (E4) 20 mg, Saccharomyces cerevisiae CNCM I-3060 toodetud seleeni orgaaniline vorm (inaktiveeritud seleniseeritud p\u00e4rm) (3b8.10) 0,2 mg, L-metioniin (3c305) 180 mg. Sisaldab looduslikke antioks\u00fcdante: tokoferooli ekstraktid taime\u00f5list (1b306), askorb\u00fc\u00fclpalmitaat (1b304) ja rosmariin.<\/p>\n<p> <strong>Metaboliseeruv energia<\/strong><br \/> 4 200 kcal\/kg<\/p>\n<p> <strong>Soovituslik p\u00e4evane kogus<\/strong>&nbsp;<\/p>\n<figure class=\"table\">\n<table>\n<thead>\n<tr>\n<th rowspan=\"2\">&nbsp;<\/th>\n<th colspan=\"12\">Koera kaal(kg)<\/th>\n<\/tr>\n<tr>\n<th>5<\/th>\n<th>10<\/th>\n<th>15<\/th>\n<th>20<\/th>\n<th>25<\/th>\n<th>30<\/th>\n<th>40<\/th>\n<th>50<\/th>\n<th>60<\/th>\n<th>70<\/th>\n<th>80<\/th>\n<th>90<\/th>\n<\/tr>\n<\/thead>\n<tbody>\n<tr>\n<th rowspan=\"1\">Tavap\u00e4rane energiavajadus (g)<\/th>\n<td>70<\/td>\n<td>110<\/td>\n<td>150<\/td>\n<td>190<\/td>\n<td>220<\/td>\n<td>260<\/td>\n<td>320<\/td>\n<td>380<\/td>\n<td>430<\/td>\n<td>480<\/td>\n<td>540<\/td>\n<td>590<\/td>\n<\/tr>\n<tr>\n<th rowspan=\"1\">Suurenenud energiavajadus(g)<\/th>\n<td>80<\/td>\n<td>140<\/td>\n<td>180<\/td>\n<td>230<\/td>\n<td>270<\/td>\n<td>310<\/td>\n<td>380<\/td>\n<td>450<\/td>\n<td>520<\/td>\n<td>580<\/td>\n<td>640<\/td>\n<td>700<\/td>\n<\/tr>\n<\/tbody>\n<\/table>\n<\/figure>\n","protected":false},"excerpt":{"rendered":"<p>Brit Fresh t\u00e4istoit v\u00e4rske pardiliha ja hirsiga t\u00e4iskasvanud aktiivsetele koertele.<\/p>\n","protected":false},"featured_media":6356,"template":"","meta":[],"product_cat":[688,64],"product_tag":[],"class_list":{"0":"post-16761","1":"product","2":"type-product","3":"status-publish","4":"has-post-thumbnail","6":"product_cat-koerad","7":"product_cat-koeratoit","8":"pa_brand-brit-fresh","9":"pa_ean-169","10":"pa_kaal-12-000","11":"pa_tootjariik-tsehhi","13":"first","14":"instock","15":"taxable","16":"shipping-taxable","17":"purchasable","18":"product-type-simple"},"_links":{"self":[{"href":"https:\/\/kasskoer.ee\/en\/wp-json\/wp\/v2\/product\/16761","targetHints":{"allow":["GET"]}}],"collection":[{"href":"https:\/\/kasskoer.ee\/en\/wp-json\/wp\/v2\/product"}],"about":[{"href":"https:\/\/kasskoer.ee\/en\/wp-json\/wp\/v2\/types\/product"}],"wp:featuredmedia":[{"embeddable":true,"href":"https:\/\/kasskoer.ee\/en\/wp-json\/wp\/v2\/media\/6356"}],"wp:attachment":[{"href":"https:\/\/kasskoer.ee\/en\/wp-json\/wp\/v2\/media?parent=16761"}],"wp:term":[{"taxonomy":"product_cat","embeddable":true,"href":"https:\/\/kasskoer.ee\/en\/wp-json\/wp\/v2\/product_cat?post=16761"},{"taxonomy":"product_tag","embeddable":true,"href":"https:\/\/kasskoer.ee\/en\/wp-json\/wp\/v2\/product_tag?post=16761"}],"curies":[{"name":"wp","href":"https:\/\/api.w.org\/{rel}","templated":true}]}}