{"id":16763,"date":"2026-04-20T03:15:24","date_gmt":"2026-04-20T00:15:24","guid":{"rendered":"https:\/\/kasskoer.ee\/product\/brit-fresh-chicken-with-potato-puppy-koeratoit-25-kg-2\/"},"modified":"2026-04-20T03:15:26","modified_gmt":"2026-04-20T00:15:26","slug":"brit-fresh-chicken-with-potato-puppy-koeratoit-25-kg","status":"publish","type":"product","link":"https:\/\/kasskoer.ee\/en\/toode\/brit-fresh-chicken-with-potato-puppy-koeratoit-25-kg\/","title":{"rendered":"Brit Fresh Chicken with Potato Puppy koeratoit 2,5 kg"},"content":{"rendered":"<p>V\u00e4rske kanaliha kartulite, tatra, musta s\u00f5stra ja peterselliga. Superpreemium klassi toit kutsikatele ja noortele koertele.<br \/> Brit Freshi graanulid on valmistatud v\u00e4rskest lihast ja nii j\u00e4\u00e4b \u00fcks t\u00f6\u00f6tlemisaste vahele. T\u00e4nu sellele on alles liha toitev\u00e4\u00e4rtus ning eelk\u00f5ige selle loomulik maitse ja l\u00f5hn.<\/p>\n<ul>\n<li>Kutsikatele terve kasvamise tagamiseks.<\/li>\n<li>Parem maitse ja v\u00e4rske l\u00f5hn, parem pikaajaline maitsvus.<\/li>\n<li>Sisaldab naturaalseid koostisosi \u2013 kartuleid, kaera, tatart, linaseemneid, musti s\u00f5straid.<\/li>\n<li>Sisaldab traditsioonilisi maitsetaimi \u2013 t\u00fc\u00fcmian, rosmariin, saialill, v\u00f5ilill, petersell.<\/li>\n<li>Ei sisalda gluteeni, soja, maisi, toiduv\u00e4rve ega keemilisi maitseaineid.<\/li>\n<\/ul>\n<p><strong>Koostis<\/strong><br \/> V\u00e4rske kanaliha (40%), kuivatatud kanaliha (25%), kartulid (8%), kanarasv (s\u00e4ilitatakse tokoferoolide segu abil), kaer, tatar (3%), \u00f5unad, punapeet, l\u00f5he\u00f5li, \u00f5llep\u00e4rm, linaseemned, kanamaks, kollageen, vetikad, must s\u00f5star (0,2%), petersell (0,055%), rosmariin, t\u00fc\u00fcmian, saialill, v\u00f5ilill, probiootikumid (Enterococcus faecium 1 \u00d7 109 KM\u00dc), gl\u00fckoosamiin (1700 mg\/kg), kondroitiinsulfaat (1300 mg\/kg), frukto-oligosahhariidid (220 mg\/kg), \u03b2-gl\u00fckaanid (200 mg\/kg), mannaan-oligosahhariidid (180 mg\/kg), t\u00e4\u00e4kliilia (150 mg\/kg), roheline rannakarp (100 mg\/kg).<\/p>\n<p> <strong>Anal\u00fc\u00fctiline koostis<\/strong><br \/> Toorvalk 31,0%, toorrasv 21,0%, toorkiud 2,0%, toortuhk 7,8%, niiskus 10,0%, oomega-3 0,95%, oomega-6 2,2%, EPA (20:5 N-3) 0,5%, DHA (22:6 N-3) 0,35%, kaltsium 1,5%, fosfor 1,1%.<\/p>\n<p> <strong>Toitainelised lisandid<\/strong><br \/> Vitamiin A (3a672a) 22 000 R\u00dc, vitamiin D3 (E671) 1 800 R\u00dc, vitamiin E (3a700) 600 mg, vitamiin C (3a312) 500 mg, L-karnitiin (3a910) 550 mg, koliinkloriid (3a890) 750 mg, biotiin (3a880) 0,9 mg, vitamiin B1 (3a821) 7 mg, vitamiin B2 9 mg, niatsiinamiid (3a315) 42 mg, kaltsium-D-pantotenaat (3a841) 22 mg, vitamiin B6 (3a831) 8 mg, foolhape (3a316) 1 mg, vitamiin B12 0,06 mg, aminohapete h\u00fcdraadi tsinkkelaat (3b606) 120 mg, aminohapete h\u00fcdraadi raudkelaat (E1) 95 mg, aminohapete h\u00fcdraadi mangaankelaat (E5) 50 mg, kaaliumjodiid (3b201) 0,9 mg, aminohapete h\u00fcdraadi vaskkelaat (E4) 20 mg, Saccharomyces cerevisiae CNCM I-3060 toodetud seleeni orgaaniline vorm (inaktiveeritud seleniseeritud p\u00e4rm) (3b8.10) 0,2 mg, L-metioniin (3c305) 180 mg. Sisaldab looduslikke antioks\u00fcdante: tokoferooli ekstraktid taime\u00f5list (1b306), askorb\u00fc\u00fclpalmitaat (1b304) ja rosmariin.<\/p>\n<p> <strong>Metaboliseeruv energia&nbsp;<\/strong><br \/> 4080 kcal\/kg<\/p>\n<p> <strong>Soovituslik p\u00e4evane kogus&nbsp;<\/strong><\/p>\n<figure class=\"table\">\n<table>\n<thead>\n<tr>\n<th><strong>Koera vanus(kuudes)<\/strong><\/th>\n<th><strong>T\u00e4iskasvanud koera kaal (kg)<\/strong><\/th>\n<th><strong>5<\/strong><\/th>\n<th><strong>10<\/strong><\/th>\n<th><strong>15<\/strong><\/th>\n<th><strong>20<\/strong><\/th>\n<th><strong>25<\/strong><\/th>\n<th><strong>30<\/strong><\/th>\n<th><strong>40<\/strong><\/th>\n<th><strong>50<\/strong><\/th>\n<th><strong>60<\/strong><\/th>\n<th><strong>70<\/strong><\/th>\n<th><strong>80<\/strong><\/th>\n<th><strong>90<\/strong><\/th>\n<\/tr>\n<\/thead>\n<tbody>\n<tr>\n<td><strong>1-2<\/strong><\/td>\n<td rowspan=\"5\"><strong>P\u00e4evane kogus (g)<\/strong><\/td>\n<td>50<\/td>\n<td>80<\/td>\n<td>110<\/td>\n<td>130<\/td>\n<td>140<\/td>\n<td>160<\/td>\n<td>170<\/td>\n<td>200<\/td>\n<td>220<\/td>\n<td>240<\/td>\n<td>250<\/td>\n<td>290<\/td>\n<\/tr>\n<tr>\n<td><strong>2-4<\/strong><\/td>\n<td>75<\/td>\n<td>120<\/td>\n<td>150<\/td>\n<td>180<\/td>\n<td>220<\/td>\n<td colspan=\"7\" rowspan=\"4\">Brit Fresh Puppy Large<\/td>\n<\/tr>\n<tr>\n<td><strong>4-6<\/strong><\/td>\n<td>75<\/td>\n<td>120<\/td>\n<td>170<\/td>\n<td>210<\/td>\n<td>250<\/td>\n<\/tr>\n<tr>\n<td><strong>6-12<\/strong><\/td>\n<td>70<\/td>\n<td>115<\/td>\n<td>160<\/td>\n<td>190<\/td>\n<td>240<\/td>\n<\/tr>\n<tr>\n<td><strong>12+<\/strong><\/td>\n<td colspan=\"5\">Brit Fresh Adult<\/td>\n<\/tr>\n<\/tbody>\n<\/table>\n<\/figure>\n","protected":false},"excerpt":{"rendered":"<p>Brit Fresh t\u00e4istoit v\u00e4rske kana ja kartuliga kutsikatele ja noorkoertele.<\/p>\n","protected":false},"featured_media":6358,"template":"","meta":[],"product_cat":[688,64],"product_tag":[],"class_list":{"0":"post-16763","1":"product","2":"type-product","3":"status-publish","4":"has-post-thumbnail","6":"product_cat-koerad","7":"product_cat-koeratoit","8":"pa_brand-brit-fresh","9":"pa_ean-168","10":"pa_kaal-2-500","11":"pa_tootjariik-tsehhi","13":"first","14":"instock","15":"sale","16":"taxable","17":"shipping-taxable","18":"purchasable","19":"product-type-simple"},"_links":{"self":[{"href":"https:\/\/kasskoer.ee\/en\/wp-json\/wp\/v2\/product\/16763","targetHints":{"allow":["GET"]}}],"collection":[{"href":"https:\/\/kasskoer.ee\/en\/wp-json\/wp\/v2\/product"}],"about":[{"href":"https:\/\/kasskoer.ee\/en\/wp-json\/wp\/v2\/types\/product"}],"wp:featuredmedia":[{"embeddable":true,"href":"https:\/\/kasskoer.ee\/en\/wp-json\/wp\/v2\/media\/6358"}],"wp:attachment":[{"href":"https:\/\/kasskoer.ee\/en\/wp-json\/wp\/v2\/media?parent=16763"}],"wp:term":[{"taxonomy":"product_cat","embeddable":true,"href":"https:\/\/kasskoer.ee\/en\/wp-json\/wp\/v2\/product_cat?post=16763"},{"taxonomy":"product_tag","embeddable":true,"href":"https:\/\/kasskoer.ee\/en\/wp-json\/wp\/v2\/product_tag?post=16763"}],"curies":[{"name":"wp","href":"https:\/\/api.w.org\/{rel}","templated":true}]}}