{"id":16764,"date":"2026-04-20T03:15:24","date_gmt":"2026-04-20T00:15:24","guid":{"rendered":"https:\/\/kasskoer.ee\/product\/brit-fresh-chicken-with-potato-adult-koeratoit-12-kg-2\/"},"modified":"2026-04-20T03:15:26","modified_gmt":"2026-04-20T00:15:26","slug":"brit-fresh-chicken-with-potato-adult-koeratoit-12-kg","status":"publish","type":"product","link":"https:\/\/kasskoer.ee\/en\/toode\/brit-fresh-chicken-with-potato-adult-koeratoit-12-kg\/","title":{"rendered":"Brit Fresh Chicken with Potato Adult koeratoit 12 kg"},"content":{"rendered":"<p>V\u00e4rske kanaliha kartulite, tatra, \u00f5unte ja t\u00fc\u00fcmianiga. Superpreemium klassi toit t\u00e4iskasvanud koertele.<\/p>\n<p>Brit Freshi graanulid on valmistatud v\u00e4rskest lihast ja nii j\u00e4\u00e4b \u00fcks t\u00f6\u00f6tlemisaste vahele. T\u00e4nu sellele on alles liha toitev\u00e4\u00e4rtus ning eelk\u00f5ige selle loomulik maitse ja l\u00f5hn.<\/p>\n<ul>\n<li>T\u00e4iskasvanud koertele suurep\u00e4rase elu tagamiseks.<\/li>\n<li>Parem maitse ja v\u00e4rske l\u00f5hn, parem pikaajaline maitsvus.<\/li>\n<li>Sisaldab naturaalseid koostisosi \u2013 kartuleid, kaera, tatart, linaseemneid, musti s\u00f5straid.<\/li>\n<li>Sisaldab traditsioonilisi maitsetaimi \u2013 t\u00fc\u00fcmian, rosmariin, saialill, v\u00f5ilill, petersell.<\/li>\n<li>Ei sisalda gluteeni, soja, maisi, toiduv\u00e4rve ega keemilisi maitseaineid.<\/li>\n<\/ul>\n<p><strong>Koostis<\/strong><br \/> V\u00e4rske kanaliha (40%), kuivatatud kanaliha (20%), kartulid (10%), kanarasv (s\u00e4ilitatakse tokoferoolide segu abil), kaer, tatar (4%), \u00f5unad (3%), punapeet, l\u00f5he\u00f5li, \u00f5llep\u00e4rm, linaseemned, kanamaks, kollageen, vetikad, must s\u00f5star, petersell, rosmariin, t\u00fc\u00fcmian (0,05%), saialill, v\u00f5ilill, probiootikumid (Enterococcus faecium 1 \u00d7 109 KM\u00dc), gl\u00fckoosamiin (1700 mg\/kg), kondroitiinsulfaat (1300 mg\/kg), frukto-oligosahhariidid (220 mg\/kg), \u03b2-gl\u00fckaanid (200 mg\/kg), mannaan-oligosahhariidid (180 mg\/kg), t\u00e4\u00e4kliilia (150 mg\/kg), roheline rannakarp (100 mg\/kg).<\/p>\n<p> <strong>Anal\u00fc\u00fctiline koostis<\/strong><br \/> Toorvalk 28,0%, toorrasv 16,0%, toorkiud 2,5%, toortuhk 7,5%, niiskus 10,0%, oomega-3 0,9%, oomega-6 2,0%, EPA (20:5 N-3) 0,3%, DHA (22:6 N-3) 0,5%, kaltsiumit 1,5%, fosforit 1,1%.<\/p>\n<p> <strong>S\u00f6\u00f6dalisandid<\/strong><br \/> A-vitamiin (3a672a) 20 000 R\u00dc, D3-vitamiin (3a671) 1600 R\u00dc, E-vitamiin (3a700) 500 mg, C-vitamiin (3a312) 450 mg, L-karnitiin (3a910) 500 mg, koliinkloriid (3a890) 650 mg, biotiin (3a880) 0,8 mg, vitamiin B1 (3a821) 6 mg, vitamiin B2 8 mg, niatsiinamiid (3a315) 40 mg, kaltsium-D-pantotenaat (3a841) 20 mg, vitamiin B6 (3a831) 7 mg, foolhape (3a316) 0,9 mg, B12-vitamiin 0,05 mg, aminohapete tsinkkelaat h\u00fcdraat (3b606) 110 mg, aminohapete raudkelaat h\u00fcdraat (3b106) 90 mg, aminohapete mangaankelaat h\u00fcdraat (3b504) 45 mg, kaaliumjodiid (3b201) 0,8 mg, aminohapete vaskkelaat h\u00fcdraat (3b406) 18 mg, Saccharomyces cerevisiae CNCM I-3060 toodetud seleeni orgaaniline vorm (inaktiveeritud seleniseeritud p\u00e4rm) (3b810) 0,2 mg, L-metioniin (3c305) 160 mg. Sisaldab looduslikke antioks\u00fcdante: tokoferooli ekstraktid taime\u00f5list (1b306), askorb\u00fc\u00fclpalmitaat (1b304) rosmariiniga.<\/p>\n<p> <strong>Metaboliseeruv energia&nbsp;<\/strong><br \/> 3810 kcal\/kg<\/p>\n<p> <strong>Soovituslik p\u00e4evane kogus&nbsp;<\/strong><\/p>\n<figure class=\"table\">\n<table>\n<tbody>\n<tr>\n<th rowspan=\"2\">&nbsp;<\/th>\n<th colspan=\"12\">Koera kaal (kg)<\/th>\n<\/tr>\n<tr>\n<th>5<\/th>\n<th>10<\/th>\n<th>15<\/th>\n<th>20<\/th>\n<th>25<\/th>\n<th>30<\/th>\n<th>40<\/th>\n<th>50<\/th>\n<th>60<\/th>\n<th>70<\/th>\n<th>80<\/th>\n<th>90<\/th>\n<\/tr>\n<tr>\n<th rowspan=\"1\">P\u00e4evane toidunorm (g\/p\u00e4ev)<\/th>\n<th>70<\/th>\n<th>120<\/th>\n<th>170<\/th>\n<th>200<\/th>\n<th>240<\/th>\n<th>280<\/th>\n<th>350<\/th>\n<th>410<\/th>\n<th>470<\/th>\n<th>530<\/th>\n<th>580<\/th>\n<th>640<\/th>\n<\/tr>\n<\/tbody>\n<\/table>\n<\/figure>\n","protected":false},"excerpt":{"rendered":"<p>Brit Fresh t\u00e4istoit v\u00e4rske kana ja kartuliga t\u00e4iskasvanud koertele.<\/p>\n","protected":false},"featured_media":6359,"template":"","meta":[],"product_cat":[688,64],"product_tag":[],"class_list":{"0":"post-16764","1":"product","2":"type-product","3":"status-publish","4":"has-post-thumbnail","6":"product_cat-koerad","7":"product_cat-koeratoit","8":"pa_brand-brit-fresh","9":"pa_ean-165","10":"pa_kaal-12-000","11":"pa_tootjariik-tsehhi","13":"first","14":"instock","15":"taxable","16":"shipping-taxable","17":"purchasable","18":"product-type-simple"},"_links":{"self":[{"href":"https:\/\/kasskoer.ee\/en\/wp-json\/wp\/v2\/product\/16764","targetHints":{"allow":["GET"]}}],"collection":[{"href":"https:\/\/kasskoer.ee\/en\/wp-json\/wp\/v2\/product"}],"about":[{"href":"https:\/\/kasskoer.ee\/en\/wp-json\/wp\/v2\/types\/product"}],"wp:featuredmedia":[{"embeddable":true,"href":"https:\/\/kasskoer.ee\/en\/wp-json\/wp\/v2\/media\/6359"}],"wp:attachment":[{"href":"https:\/\/kasskoer.ee\/en\/wp-json\/wp\/v2\/media?parent=16764"}],"wp:term":[{"taxonomy":"product_cat","embeddable":true,"href":"https:\/\/kasskoer.ee\/en\/wp-json\/wp\/v2\/product_cat?post=16764"},{"taxonomy":"product_tag","embeddable":true,"href":"https:\/\/kasskoer.ee\/en\/wp-json\/wp\/v2\/product_tag?post=16764"}],"curies":[{"name":"wp","href":"https:\/\/api.w.org\/{rel}","templated":true}]}}