{"id":16767,"date":"2026-04-20T03:15:24","date_gmt":"2026-04-20T00:15:24","guid":{"rendered":"https:\/\/kasskoer.ee\/product\/brit-fresh-beef-pumpkin-large-bones-joints-koeratoit-25-kg-2\/"},"modified":"2026-04-20T03:15:26","modified_gmt":"2026-04-20T00:15:26","slug":"brit-fresh-beef-pumpkin-puppy-large-bones-joints-koeratoit-25-kg","status":"publish","type":"product","link":"https:\/\/kasskoer.ee\/en\/toode\/brit-fresh-beef-pumpkin-puppy-large-bones-joints-koeratoit-25-kg\/","title":{"rendered":"Brit Fresh Beef &#038; Pumpkin Puppy Large Bones &#038; Joints koeratoit 2,5 kg"},"content":{"rendered":"<p>V\u00e4rske veiseliha k\u00f5rvitsa, tatra, lehtpeedi ja rosmariiniga. Superpreemium klassi toit suurt t\u00f5ugu kutsikatele ja noortele koertele.<\/p>\n<p>Brit Freshi graanulid on valmistatud v\u00e4rskest lihast ja nii j\u00e4\u00e4b \u00fcks t\u00f6\u00f6tlemisaste vahele. T\u00e4nu sellele on alles liha toitev\u00e4\u00e4rtus ning eelk\u00f5ige selle loomulik maitse ja l\u00f5hn.<\/p>\n<ul>\n<li>Loomuliku arengu ja tervete liigeste tagamiseks.<\/li>\n<li>Parem maitse ja v\u00e4rske l\u00f5hn, parem pikaajaline maitsvus.<\/li>\n<li>Sisaldab naturaalseid koostisosi \u2013 k\u00f5rvitsat, kaera, tatart, linaseemneid, lehtpeeti.<\/li>\n<li>Sisaldab traditsioonilisi maitsetaimi \u2013 t\u00fc\u00fcmian, rosmariin, saialill, v\u00f5ilill, petersell.<\/li>\n<li>Ei sisalda gluteeni, soja, maisi, toiduv\u00e4rve ega keemilisi maitseaineid.<\/li>\n<\/ul>\n<p><strong>Koostis<\/strong><br \/> V\u00e4rske veiseliha (40%), kuivatatud veiseliha (25%), k\u00f5rvits (10%), kanarasv (s\u00e4ilitatakse tokoferoolide segu abil), kaer, tatar (5%), \u00f5unad, punapeet, l\u00f5he\u00f5li, \u00f5llep\u00e4rm, linaseemned, kanamaks, kollageen, vetikad, lehtpeet (0,2%), petersell, rosmariin (0,05%), t\u00fc\u00fcmian, saialill, v\u00f5ilill, probiootikumid (Enterococcus faecium 1 \u00d7 109 KM\u00dc), gl\u00fckoosamiin (1700 mg\/kg), kondroitiinsulfaat (1300 mg\/kg), frukto-oligosahhariidid (220 mg\/kg), \u03b2-gl\u00fckaanid (200 mg\/kg), mannaan-oligosahhariidid (180 mg\/kg), t\u00e4\u00e4kliilia (150 mg\/kg), roheline rannakarp (100 mg\/kg).<\/p>\n<p> <strong>Anal\u00fc\u00fctiline koostis<\/strong><br \/> Toorvalk 27,0%, toorrasv 15,0%, toorkiud 2,8%, toortuhk 7,2%, niiskus 10,0%, oomega-3 0,9%, oomega-6 1,6%, EPA (20:5 N-3) 0,3%, DHA (22:6 N-3) 0,5%, kaltsium 1,5%, fosfor 1,1%.<\/p>\n<p> <strong>Toitainelised lisandid<\/strong><br \/> Vitamiini A (3a672a) 22 000 R\u00dc, vitamiini D3 (E671) 1 800 R\u00dc, vitamiini E (3a700) 600 mg, vitamiini C (3a312) 500 mg, L-karnitiini (3a910) 550 mg, koliinkloriidi (3a890) 750 mg, biotiini (3a880) 0,9 mg, vitamiini B1 (3a821) 7 mg, vitamiini B2 9 mg, niatsiinamiidi (3a315) 42 mg, kaltsium-D-pantotenaati (3a841) 22 mg, vitamiini B6 (3a831) 8 mg, foolhapet (3a316) 1 mg, vitamiini B12 0,06 mg, aminohapete h\u00fcdraadi tsinkkelaati (3b606) 120 mg, aminohapete h\u00fcdraadi raudkelaati (E1) 95 mg, aminohapete h\u00fcdraadi mangaankelaati (E5) 50 mg, kaaliumjodiidi (3b201) 0,9 mg, aminohapete h\u00fcdraadi vaskkelaati (E4) 20 mg, Saccharomyces cerevisiae CNCM I-3060 toodetud seleeni orgaaniline vorm (inaktiveeritud seleniseeritud p\u00e4rm) (3b8.10) 0,2 mg, L-metioniini (3c305) 180 mg. Sisaldab looduslikke antioks\u00fcdante: tokoferooli ekstraktid taime\u00f5list (1b306), askorb\u00fc\u00fclpalmitaat (1b304) ja rosmariin.<\/p>\n<p> <strong>Metaboliseeruv energia<\/strong><br \/> 3 750 kcal\/kg<\/p>\n<p> <strong>Soovituslik p\u00e4evane kogus<\/strong>&nbsp;<\/p>\n<figure class=\"table\">\n<table>\n<thead>\n<tr>\n<th rowspan=\"2\">&nbsp;<\/th>\n<th rowspan=\"2\">Koera vanus (kuud)<\/th>\n<th colspan=\"8\">T\u00e4iskasvanud koera kaal (kg)<\/th>\n<\/tr>\n<tr>\n<th>30<\/th>\n<th>40<\/th>\n<th>50<\/th>\n<th>60<\/th>\n<th>70<\/th>\n<th>80<\/th>\n<th>90<\/th>\n<th>&nbsp;<\/th>\n<\/tr>\n<\/thead>\n<tbody>\n<tr>\n<th rowspan=\"7\">P\u00e4evane toidukogus (g)<\/th>\n<th>1-2<\/th>\n<td colspan=\"8\">&nbsp;<\/td>\n<\/tr>\n<tr>\n<th>2-4<\/th>\n<td>250<\/td>\n<td>270<\/td>\n<td>290<\/td>\n<td>330<\/td>\n<td>340<\/td>\n<td>400<\/td>\n<td>400<\/td>\n<td>&nbsp;<\/td>\n<\/tr>\n<tr>\n<th>4-6<\/th>\n<td>290<\/td>\n<td>360<\/td>\n<td>400<\/td>\n<td>500<\/td>\n<td>540<\/td>\n<td>600<\/td>\n<td>660<\/td>\n<td>&nbsp;<\/td>\n<\/tr>\n<tr>\n<th>6-12<\/th>\n<td>300<\/td>\n<td>370<\/td>\n<td>440<\/td>\n<td>500<\/td>\n<td>570<\/td>\n<td>630<\/td>\n<td>680<\/td>\n<td>&nbsp;<\/td>\n<\/tr>\n<tr>\n<th>12-18<\/th>\n<td>290<\/td>\n<td>360<\/td>\n<td>430<\/td>\n<td>490<\/td>\n<td>570<\/td>\n<td>630<\/td>\n<td>680<\/td>\n<td>&nbsp;<\/td>\n<\/tr>\n<tr>\n<th>18-24<\/th>\n<td>280<\/td>\n<td>350<\/td>\n<td>420<\/td>\n<td>490<\/td>\n<td>560<\/td>\n<td>610<\/td>\n<td>670<\/td>\n<td>&nbsp;<\/td>\n<\/tr>\n<tr>\n<th>24+<\/th>\n<td colspan=\"8\">Adult Large<\/td>\n<\/tr>\n<\/tbody>\n<\/table>\n<\/figure>\n","protected":false},"excerpt":{"rendered":"<p>Brit Fresh t\u00e4istoit v\u00e4rske veiseliha ja k\u00f5rvitsaga suurt kasvu kutsikatele ja noorkoertele.<\/p>\n","protected":false},"featured_media":6362,"template":"","meta":[],"product_cat":[688,64],"product_tag":[],"class_list":{"0":"post-16767","1":"product","2":"type-product","3":"status-publish","4":"has-post-thumbnail","6":"product_cat-koerad","7":"product_cat-koeratoit","8":"pa_brand-brit-fresh","9":"pa_ean-164","10":"pa_kaal-2-500","11":"pa_tootjariik-tsehhi","13":"first","14":"instock","15":"taxable","16":"shipping-taxable","17":"purchasable","18":"product-type-simple"},"_links":{"self":[{"href":"https:\/\/kasskoer.ee\/en\/wp-json\/wp\/v2\/product\/16767","targetHints":{"allow":["GET"]}}],"collection":[{"href":"https:\/\/kasskoer.ee\/en\/wp-json\/wp\/v2\/product"}],"about":[{"href":"https:\/\/kasskoer.ee\/en\/wp-json\/wp\/v2\/types\/product"}],"wp:featuredmedia":[{"embeddable":true,"href":"https:\/\/kasskoer.ee\/en\/wp-json\/wp\/v2\/media\/6362"}],"wp:attachment":[{"href":"https:\/\/kasskoer.ee\/en\/wp-json\/wp\/v2\/media?parent=16767"}],"wp:term":[{"taxonomy":"product_cat","embeddable":true,"href":"https:\/\/kasskoer.ee\/en\/wp-json\/wp\/v2\/product_cat?post=16767"},{"taxonomy":"product_tag","embeddable":true,"href":"https:\/\/kasskoer.ee\/en\/wp-json\/wp\/v2\/product_tag?post=16767"}],"curies":[{"name":"wp","href":"https:\/\/api.w.org\/{rel}","templated":true}]}}