{"id":16768,"date":"2026-04-20T03:15:24","date_gmt":"2026-04-20T00:15:24","guid":{"rendered":"https:\/\/kasskoer.ee\/product\/brit-premium-by-nature-senior-sm-koeratoit-15-kg-2\/"},"modified":"2026-04-20T03:15:27","modified_gmt":"2026-04-20T00:15:27","slug":"brit-premium-by-nature-senior-sm-koeratoit-15-kg","status":"publish","type":"product","link":"https:\/\/kasskoer.ee\/en\/toode\/brit-premium-by-nature-senior-sm-koeratoit-15-kg\/","title":{"rendered":"Brit Premium by Nature Senior S+M koeratoit 15 kg"},"content":{"rendered":"<p><strong>Brit Premium by Nature t\u00e4iss\u00f6\u00f6t v\u00e4ikest ja keskmist t\u00f5ugu (1-25kg) eakatele (\u00fcle 7-aastastele) koertele kanalihaga<\/strong>&nbsp;<\/p>\n<ul>\n<li>Vananemisvastase faktoriga koeratoit, mis sisaldab E-vitamiini ja seleeni.<\/li>\n<li>Tugev ja terve s\u00fcda.&nbsp;Naturaalsed&nbsp;antioks\u00fcdandid ja&nbsp;omega-3&nbsp;rasvhapped tugevdavad koera&nbsp;s\u00fcdant.<\/li>\n<li>Suurep\u00e4rane seedimine.&nbsp;Sisaldab kergesti seeditavat valku ja rasva.<\/li>\n<li>Toidus sisalduvad kuivatatud \u00f5unad on v\u00e4ga kergeks kiudaine allikaks, mis s\u00e4ilitab seedetrakti mikrofloora.<\/li>\n<li>Omega-3 rasvhape tagab l\u00e4ikiva ja pehme karvkatte ning terve naha.<\/li>\n<li>Ravimtaimede ja puuviljaekstraktide&nbsp;efekt tervisele ja v\u00e4limusele: aitab paremini imenduda E-vitamiinil, kaitseb keha vabade radikaalide eest, parandab toidu maitset ja s\u00f6\u00f6giisu, aitab paremini imenduda rasvhapetel toidust, parandades seel\u00e4bi naha ja liigeste tervist.<\/li>\n<\/ul>\n<p><strong>Koostis<\/strong><br \/> Kana 42% (deh\u00fcdreeritud 22%, konditustatud 20%), kaer, nisu, mais, kuivatatud \u00f5un, kanarasv (konserveeritud tokoferoolide seguga), l\u00f5he\u00f5li (2%), h\u00fcdrol\u00fc\u00fcsitud kanamaks, \u00f5llep\u00e4rm, kollageen, koorikloomade kestad (gl\u00fckosamiini allikas, 210 mg\/kg), k\u00f5hred (kondroitiini allikas, 150 mg\/kg), maitsetaimed ja puuviljad (nelk, tsitrusviljad, rosmariin, kurkum, 120 mg\/kg), mannanoligosahhariidid (120 mg\/kg), fruktooligosahhariidid (90 mg\/kg), t\u00e4\u00e4kliilia (90 mg\/kg), kuivatatud kummel (80 mg\/kg), roheline rannakarp (gl\u00fckosamiingl\u00fckaanide allikas, 50 mg\/kg), kuivatatud mustikad (50 mg\/kg).<\/p>\n<p> <strong>Anal\u00fc\u00fctiline koostis<\/strong><br \/> Toorvalk 25,0%, rasvasisaldus 13,0%, niiskus 10,0%, toortuhk 7,8%, toorkiud 3,0%, kaltsium 1,5%, fosfor 1,1%, oomega-3 0,18%, oomega-6 1,4%.<\/p>\n<p> <strong>Toitainelised lisandid<\/strong><br \/> A-vitamiin (3a672a) 15 000 R\u00dc, D3-vitamiin (E671) 1 000 R\u00dc, E-vitamiin (\u03b1-tokoferool) (3a700) 400 mg, biotiin (3a880) 0,5 mg, koliinkloriid (3a890) 500 mg, aminohapete h\u00fcdraadi tsinkkelaat (3b606) 70 mg, aminohapete h\u00fcdraadi raudkelaat (E1) 60 mg, aminohapete h\u00fcdraadi mangaankelaat (E5) 30 mg, kaaliumjodiid (3b201) 0,5 mg, aminohapete h\u00fcdraadi vaskkelaat (E4) 12 mg, Saccharomyces cerevisiae CNCM I-3060 toodetud orgaaniline seleen (3b8.10) 0,2 mg.<\/p>\n<p><strong>Metaboliseeruv energia<\/strong><br \/> 3 620 kcal\/kg<\/p>\n<p> <strong>Toitmisjuhend<\/strong><br \/> Anda loomale vastavalt tabelis soovitatud kogusele. V\u00e4rske vesi peab alatiolema saadaval. P\u00e4rast kasutamist sulgege pakend kindlalt.<\/p>\n<p> <strong>Soovituslik p\u00e4evane kogus<\/strong>&nbsp;<\/p>\n<figure class=\"table\">\n<table>\n<tbody>\n<tr>\n<th colspan=\"9\">\n<p style=\"text-align:center;\"> <strong>Koera kehakaal (kg)<\/strong><\/p>\n<\/th>\n<\/tr>\n<tr>\n<th>&nbsp;<\/th>\n<th><strong>1<\/strong><\/th>\n<th><strong>3<\/strong><\/th>\n<th><strong>5<\/strong><\/th>\n<th><strong>7<\/strong><\/th>\n<th><strong>10<\/strong><\/th>\n<th><strong>15<\/strong><\/th>\n<th><strong>20<\/strong><\/th>\n<th><strong>25<\/strong><\/th>\n<\/tr>\n<tr>\n<th rowspan=\"1\"><strong>P\u00e4evane annus (g)<\/strong><\/th>\n<th><strong>20<\/strong><\/th>\n<th><strong>45<\/strong><\/th>\n<th><strong>70<\/strong><\/th>\n<th><strong>90<\/strong><\/th>\n<th><strong>120<\/strong><\/th>\n<th><strong>160<\/strong><\/th>\n<th><strong>200<\/strong><\/th>\n<th><strong>230<\/strong><\/th>\n<\/tr>\n<\/tbody>\n<\/table>\n<\/figure>\n","protected":false},"excerpt":{"rendered":"<p>Brit Premium t\u00e4istoit v\u00e4ikest ja keskmist t\u00f5ugu (1-25kg) eakatele (7+) koertele kanalihaga.<\/p>\n","protected":false},"featured_media":6363,"template":"","meta":[],"product_cat":[688,64],"product_tag":[],"class_list":{"0":"post-16768","1":"product","2":"type-product","3":"status-publish","4":"has-post-thumbnail","6":"product_cat-koerad","7":"product_cat-koeratoit","8":"pa_brand-brit-premium","9":"pa_ean-198","10":"pa_kaal-15-000","11":"pa_tootjariik-tsehhi","13":"first","14":"instock","15":"taxable","16":"shipping-taxable","17":"purchasable","18":"product-type-simple"},"_links":{"self":[{"href":"https:\/\/kasskoer.ee\/en\/wp-json\/wp\/v2\/product\/16768","targetHints":{"allow":["GET"]}}],"collection":[{"href":"https:\/\/kasskoer.ee\/en\/wp-json\/wp\/v2\/product"}],"about":[{"href":"https:\/\/kasskoer.ee\/en\/wp-json\/wp\/v2\/types\/product"}],"wp:featuredmedia":[{"embeddable":true,"href":"https:\/\/kasskoer.ee\/en\/wp-json\/wp\/v2\/media\/6363"}],"wp:attachment":[{"href":"https:\/\/kasskoer.ee\/en\/wp-json\/wp\/v2\/media?parent=16768"}],"wp:term":[{"taxonomy":"product_cat","embeddable":true,"href":"https:\/\/kasskoer.ee\/en\/wp-json\/wp\/v2\/product_cat?post=16768"},{"taxonomy":"product_tag","embeddable":true,"href":"https:\/\/kasskoer.ee\/en\/wp-json\/wp\/v2\/product_tag?post=16768"}],"curies":[{"name":"wp","href":"https:\/\/api.w.org\/{rel}","templated":true}]}}