{"id":16772,"date":"2026-04-20T03:15:27","date_gmt":"2026-04-20T00:15:27","guid":{"rendered":"https:\/\/kasskoer.ee\/product\/brit-mono-protein-lamb-konserv-koertele-400g-2\/"},"modified":"2026-04-20T03:15:27","modified_gmt":"2026-04-20T00:15:27","slug":"brit-mono-protein-lamb-konserv-koertele-400g","status":"publish","type":"product","link":"https:\/\/kasskoer.ee\/en\/toode\/brit-mono-protein-lamb-konserv-koertele-400g\/","title":{"rendered":"Brit Mono Protein Lamb konserv koertele 400g"},"content":{"rendered":"<ul>\n<li>Sobib tundliku seedimisega, allergia ja toidutalumatuse all kannatavatele koertele.<\/li>\n<li>Suur kvaliteetse liha sisaldus ja selle s\u00e4\u00e4stev t\u00f6\u00f6tlemine tagavad suurep\u00e4rase maitse ja l\u00f5hna.<\/li>\n<li>Ideaalne t\u00e4ienduseks graanulite juurde. Aitab muuta toitu isu\u00e4ratavamaks ja varustada vedelikuga.<\/li>\n<li>Pehme pasteet seedub paremini ja seda on vanematel koertel kergem s\u00fc\u00fca.<\/li>\n<li>Ei sisalda gluteeni, soja ega GMO-sid.<\/li>\n<\/ul>\n<p><strong>Koostis<\/strong><br \/> Lammas (liha ja rupskid) 74%, hernet\u00e4rklis 3%, herne kiudaine 1%.<\/p>\n<p> <strong>Anal\u00fc\u00fctilised koostisosad<\/strong><br \/> Toorvalk 9%, toorrasv 7%, toortuhk 2%, niiskus 78%, toorkiud 0,5%, kaltsium 0,2%, fosfor 0,3%, naatrium 0,4%.<\/p>\n<p> <strong>Toidukoostis<\/strong><br \/> D3-vitamiin (3a671) 250 R\u00dc, E-vitamiin (3a700) 100 mg, tsink (3b606) 15 mg, raud (3b106) 10 mg, mangaan (3b504) 3 mg, kaaliumjodiid (3b201) 0,75 mg, vask (3b406) 0,5mg, biotiin (3a880) 0,2 mg.<\/p>\n<p> <strong>Tehnoloogilised lisandid 1 kg-s<\/strong><br \/> Jaanileivapuujahu (E410) 5 000 mg.<\/p>\n<p><strong>Metaboliseeruv energia<\/strong><br \/> 1 120 kcal\/kg<\/p>\n<p><strong>Toitmisjuhend<\/strong><\/p>\n<figure class=\"table\">\n<table>\n<tbody>\n<tr>\n<th rowspan=\"1\">T\u00e4iskasvanud koera kehakaal&nbsp;<\/th>\n<th>V\u00e4ike (1\u201310 kg)<\/th>\n<th>Keskmine (10-25kg)<\/th>\n<th>Suur (25 &#8211; 45kg)<\/th>\n<\/tr>\n<tr>\n<th rowspan=\"1\">P\u00e4evane annus<\/th>\n<th>100-400g<\/th>\n<th>400g-800g<\/th>\n<th>800-1200g<\/th>\n<\/tr>\n<\/tbody>\n<\/table>\n<\/figure>\n","protected":false},"excerpt":{"rendered":"<p>100% puhas lambavalk. Monoprotein = konserv, mis sisaldab liha ja elundeid ainult \u00fchesest loomsest allikast. T\u00e4iss\u00f6\u00f6t koertele.<\/p>\n","protected":false},"featured_media":7850,"template":"","meta":[],"product_cat":[688,106],"product_tag":[],"class_list":{"0":"post-16772","1":"product","2":"type-product","3":"status-publish","4":"has-post-thumbnail","6":"product_cat-koerad","7":"product_cat-konservid-koertele","8":"pa_brand-brit-care","9":"pa_ean-1245","10":"pa_kaal-0-400","11":"pa_tootjariik-tsehhi","13":"first","14":"instock","15":"taxable","16":"shipping-taxable","17":"purchasable","18":"product-type-simple"},"_links":{"self":[{"href":"https:\/\/kasskoer.ee\/en\/wp-json\/wp\/v2\/product\/16772","targetHints":{"allow":["GET"]}}],"collection":[{"href":"https:\/\/kasskoer.ee\/en\/wp-json\/wp\/v2\/product"}],"about":[{"href":"https:\/\/kasskoer.ee\/en\/wp-json\/wp\/v2\/types\/product"}],"wp:featuredmedia":[{"embeddable":true,"href":"https:\/\/kasskoer.ee\/en\/wp-json\/wp\/v2\/media\/7850"}],"wp:attachment":[{"href":"https:\/\/kasskoer.ee\/en\/wp-json\/wp\/v2\/media?parent=16772"}],"wp:term":[{"taxonomy":"product_cat","embeddable":true,"href":"https:\/\/kasskoer.ee\/en\/wp-json\/wp\/v2\/product_cat?post=16772"},{"taxonomy":"product_tag","embeddable":true,"href":"https:\/\/kasskoer.ee\/en\/wp-json\/wp\/v2\/product_tag?post=16772"}],"curies":[{"name":"wp","href":"https:\/\/api.w.org\/{rel}","templated":true}]}}