{"id":16774,"date":"2026-04-20T03:15:27","date_gmt":"2026-04-20T00:15:27","guid":{"rendered":"https:\/\/kasskoer.ee\/product\/carnilove-fresh-ostrich-lamb-for-small-adult-koeratoit-15-kg-2\/"},"modified":"2026-04-20T03:15:27","modified_gmt":"2026-04-20T00:15:27","slug":"carnilove-fresh-ostrich-lamb-for-small-adult-koeratoit-15-kg","status":"publish","type":"product","link":"https:\/\/kasskoer.ee\/en\/toode\/carnilove-fresh-ostrich-lamb-for-small-adult-koeratoit-15-kg\/","title":{"rendered":"Carnilove Fresh Ostrich &#038; Lamb for Small Adult koeratoit 1,5 kg"},"content":{"rendered":"<p><b>Carnilove Fresh Ostrich &#038; Lamb t\u00e4iss\u00f6\u00f6t v\u00e4ikest t\u00f5ugu t\u00e4iskasvanud koertele.<\/b>&#13;<\/p>\n<li>Retsept on koostatud loodusseadusi ja v\u00e4ikeste koerte erivajadusi silmas pidades ning sisaldab rohkesti v\u00e4rsket liha koos k\u00f6\u00f6giviljade, marjade ja \u00fcrtidega.<\/li>\n<p>&#13;<\/p>\n<li>Loodusliku men\u00fc\u00fc poole naasmine aitab kaasa toitainete paremale imendumisele ja seedimisele, hoides v\u00e4ikest t\u00f5ugu koerad heas f\u00fc\u00fcsilises vormis.<\/li>\n<p>&#13;<\/p>\n<li>Jaanalinnuliha on rasva- ja kolesteroolivaene, kuid valgurikas allikas, mis pakub palju energiat ja olulisi aminohappeid.<\/li>\n<p>&#13;<\/p>\n<li>Jaanalinnuliha ja lambaliha kombinatsiooni peetakse h\u00fcpoallergeenseks, aidates v\u00e4ltida s\u00fcgelust ja nahaprobleeme.<\/li>\n<p>&#13;<br \/>\n<br \/>&#13;<br \/>\n<b>Koostis<\/b><br \/>&#13;<br \/>\nV\u00e4rske jaanalind (26%), kuivatatud lammas (20%), kuivatatud kalkun (20%), kanarasv (s\u00e4ilitatud tokoferoolidega, 9%), k\u00f5rvits, kikerherned, herned, kanamaks (3%), l\u00f5he\u00f5li (2%), kuivatatud \u00f5unaviljaliha, porgandid, linaseemned, h\u00fcdrol\u00fc\u00fcsitud koorikloomade kestad (gl\u00fckoosamiini allikas, 0,026%), k\u00f5hreekstrakt (kondroitiini allikas, 0,016%), \u00f5llep\u00e4rm (mannan-oligosahhariidide allikas, 0,015%), sigurijuur (frukto-oligosahhariidide allikas, 0,01%), t\u00e4\u00e4kliilia (Mojave yucca) (0,01%), vetikad (0,01%), India teeleht (ps\u00fcllium) (0,01%), t\u00fc\u00fcmian (0,01%), rosmariin (0,01%), oregano (0,01%), j\u00f5hvikad (0,0008%), mustikad (0,0008%), astelpaju (0,0008%), ingver (0,0008%), salvei (0,0008%).<br \/>&#13;<br \/>\n<br \/>&#13;<br \/>\n<b>Anal\u00fc\u00fctiline koostis<\/b><br \/>&#13;<br \/>\nToorvalk 30,0%, toorrasv 17,0%, niiskus 10,0%, toortuhk 8,2%, toorkiud 3,5%, kaltsium 1,6%, fosfor 1,3%, naatrium 0,3%, oomega-3 0,6%, oomega-6 1,8%, EPA (20:5 n-3) 0,08%, DHA (22:6 n-3) 0,1%.<br \/>&#13;<br \/>\n<br \/>&#13;<br \/>\n<b>S\u00f6\u00f6dalisandid (1 kg kohta)<\/b><br \/>&#13;<br \/>\nToitainelised lisandid: A-vitamiin (3a672a) 20 000 R\u00dc, D3-vitamiin (3a671) 1 500 R\u00dc, E-vitamiin (3a700) 400 mg, tauriin (3a370) 1 400 mg, tsink (3b606) 85 mg, raud (3b106) 70 mg, mangaan (3b504) 35 mg, jood (3b201) 0,65 mg, vask (3b406) 15 mg, seleen (3b810) 0,2 mg. Sisaldab looduslikke antioks\u00fcdante: tokoferooliekstraktid taime\u00f5list (1b306(i)), askorb\u00fc\u00fclpalmitaat (1b304) ja rosmariiniekstrakt.<br \/>&#13;<br \/>\n<br \/>&#13;<br \/>\n<b>Metaboliseeruv energia<\/b><br \/>&#13;<br \/>\n3 770 kcal\/kg<\/p>\n","protected":false},"excerpt":{"rendered":"<p>V\u00e4rsket liha sisaldav teravilja- ja kartulivaba koostis v\u00e4ikeste koerat\u00f5ugude t\u00e4iskasvanud koertele.<\/p>\n","protected":false},"featured_media":6369,"template":"","meta":[],"product_cat":[688,64],"product_tag":[],"class_list":{"0":"post-16774","1":"product","2":"type-product","3":"status-publish","4":"has-post-thumbnail","6":"product_cat-koerad","7":"product_cat-koeratoit","8":"pa_brand-carnilove","9":"pa_ean-273","10":"pa_kaal-1-500","11":"pa_tootjariik-tsehhi","13":"first","14":"instock","15":"taxable","16":"shipping-taxable","17":"purchasable","18":"product-type-simple"},"_links":{"self":[{"href":"https:\/\/kasskoer.ee\/en\/wp-json\/wp\/v2\/product\/16774","targetHints":{"allow":["GET"]}}],"collection":[{"href":"https:\/\/kasskoer.ee\/en\/wp-json\/wp\/v2\/product"}],"about":[{"href":"https:\/\/kasskoer.ee\/en\/wp-json\/wp\/v2\/types\/product"}],"wp:featuredmedia":[{"embeddable":true,"href":"https:\/\/kasskoer.ee\/en\/wp-json\/wp\/v2\/media\/6369"}],"wp:attachment":[{"href":"https:\/\/kasskoer.ee\/en\/wp-json\/wp\/v2\/media?parent=16774"}],"wp:term":[{"taxonomy":"product_cat","embeddable":true,"href":"https:\/\/kasskoer.ee\/en\/wp-json\/wp\/v2\/product_cat?post=16774"},{"taxonomy":"product_tag","embeddable":true,"href":"https:\/\/kasskoer.ee\/en\/wp-json\/wp\/v2\/product_tag?post=16774"}],"curies":[{"name":"wp","href":"https:\/\/api.w.org\/{rel}","templated":true}]}}