{"id":16775,"date":"2026-04-20T03:15:27","date_gmt":"2026-04-20T00:15:27","guid":{"rendered":"https:\/\/kasskoer.ee\/product\/carnilove-fresh-chicken-rabbit-for-adult-koeratoit-15-kg-2\/"},"modified":"2026-04-20T03:15:27","modified_gmt":"2026-04-20T00:15:27","slug":"carnilove-fresh-chicken-rabbit-for-adult-koeratoit-15-kg","status":"publish","type":"product","link":"https:\/\/kasskoer.ee\/en\/toode\/carnilove-fresh-chicken-rabbit-for-adult-koeratoit-15-kg\/","title":{"rendered":"Carnilove Fresh Chicken &#038; Rabbit for Adult koeratoit 1,5 kg"},"content":{"rendered":"<p><b>Carnilove teravilja- ja kartulivaba t\u00e4iss\u00f6\u00f6t t\u00e4iskasvanud koertele v\u00e4rske kana ja k\u00fc\u00fclikuga.<\/b>&#13;<\/p>\n<li>Retsept on loodud loodusseadusi austades ning pakub teie koerale tasakaalustatud toitumist, mis \u00fchendab rohkesti v\u00e4rsket liha erinevate k\u00f6\u00f6giviljade, marjade ja \u00fcrtidega.<\/li>\n<p>&#13;<\/p>\n<li>Looduslikule toidusedelile l\u00e4hemale j\u00f5udmine parandab seedimist ning toetab lihaste ja k\u00f5hrete korrektset arengut.<\/li>\n<p>&#13;<\/p>\n<li>Rohelise rannakarbi ekstraktid aitavad hoida luid tugevate ja liigeseid tervetena.<\/li>\n<p>&#13;<\/p>\n<li>Kana on suurep\u00e4rane asendamatute aminohapete ja mineraalainete allikas. Selle k\u00f5rge valgusisaldus toetab k\u00f5igi kudede normaalset arengut ning koos k\u00fc\u00fclikulihast p\u00e4rit kergesti seeditavate valkudega muudab see retsepti eriti toitvaks.<\/li>\n<p>&#13;<\/p>\n<li>K\u00fc\u00fclik on madala rasvasisaldusega, muutes selle lahjaks ja h\u00e4sti seeditavaks.<\/li>\n<p>&#13;<br \/>\n<br \/>&#13;<br \/>\n<b>Koostis<\/b><br \/>&#13;<br \/>\nV\u00e4rske kana (40%), kuivatatud k\u00fc\u00fclik (20%), kuivatatud part (10%), k\u00f5rvits, kikerherned, herned, kanarasv (s\u00e4ilitatud tokoferoolidega, 5%), kanamaks (3%), l\u00f5he\u00f5li (2%), kuivatatud \u00f5unaviljaliha, porgandid, linaseemned, h\u00fcdrol\u00fc\u00fcsitud koorikloomade kestad (gl\u00fckoosamiini allikas, 0,026%), k\u00f5hreekstrakt (kondroitiini allikas, 0,016%), \u00f5llep\u00e4rm (mannan-oligosahhariidide allikas, 0,015%), sigurijuur (frukto-oligosahhariidide allikas, 0,01%), kuivatatud t\u00e4\u00e4kliilia (Yucca schidigera) (0,01%), kuivatatud vetikad (0,01%), ps\u00fclliumi kestad ja seemned (0,01%), kuivatatud t\u00fc\u00fcmian (0,01%), kuivatatud rosmariin (0,01%), kuivatatud pune (0,01%), kuivatatud j\u00f5hvikad (0,0008%), kuivatatud mustikad (0,0008%), kuivatatud astelpaju (0,0008%), kuivatatud ingverijuur (0,0008%), kuivatatud salvei (0,0008%).<br \/>&#13;<br \/>\n<br \/>&#13;<br \/>\n<b>Anal\u00fc\u00fctiline koostis<\/b><br \/>&#13;<br \/>\nToorvalk 35,0%, toorrasv 18,0%, niiskus 10,0%, toortuhk 8,5%, toorkiud 3,5%, kaltsium 1,4%, fosfor 1,0%, naatrium 0,3%, oomega-3 0,6%, oomega-6 1,7%, EPA (20:5 n-3) 0,08%, DHA (22:6 n-3) 0,1%.<br \/>&#13;<br \/>\n<br \/>&#13;<br \/>\n<b>S\u00f6\u00f6dalisandid (1 kg kohta)<\/b><br \/>&#13;<br \/>\nToitainelised lisandid: A-vitamiin (3a672a) 20 000 R\u00dc, D3-vitamiin (3a671) 1 500 R\u00dc, E-vitamiin (3a700) 400 mg, tauriin (3a370) 1 400 mg, tsink (3b606) 85 mg, raud (3b106) 70 mg, mangaan (3b504) 35 mg, jood (3b201) 0,65 mg, vask (3b406) 15 mg, seleen (3b810) 0,2 mg. Sisaldab looduslikke antioks\u00fcdante: tokoferooliekstraktid taime\u00f5list (1b306(i)), askorb\u00fc\u00fclpalmitaat (1b304) ja rosmariiniekstrakt.<br \/>&#13;<br \/>\n<br \/>&#13;<br \/>\n<b>Metaboliseeruv energia<\/b><br \/>&#13;<br \/>\n3 820 kcal\/kg<\/p>\n","protected":false},"excerpt":{"rendered":"<p>Teravilja- ja kartulivaba koostis t\u00e4iskasvanud koertele v\u00e4rske kana ja j\u00e4neselihaga.<\/p>\n","protected":false},"featured_media":6370,"template":"","meta":[],"product_cat":[688,64],"product_tag":[],"class_list":{"0":"post-16775","1":"product","2":"type-product","3":"status-publish","4":"has-post-thumbnail","6":"product_cat-koerad","7":"product_cat-koeratoit","8":"pa_brand-carnilove","9":"pa_ean-268","10":"pa_kaal-1-500","11":"pa_tootjariik-tsehhi","13":"first","14":"instock","15":"taxable","16":"shipping-taxable","17":"purchasable","18":"product-type-simple"},"_links":{"self":[{"href":"https:\/\/kasskoer.ee\/en\/wp-json\/wp\/v2\/product\/16775","targetHints":{"allow":["GET"]}}],"collection":[{"href":"https:\/\/kasskoer.ee\/en\/wp-json\/wp\/v2\/product"}],"about":[{"href":"https:\/\/kasskoer.ee\/en\/wp-json\/wp\/v2\/types\/product"}],"wp:featuredmedia":[{"embeddable":true,"href":"https:\/\/kasskoer.ee\/en\/wp-json\/wp\/v2\/media\/6370"}],"wp:attachment":[{"href":"https:\/\/kasskoer.ee\/en\/wp-json\/wp\/v2\/media?parent=16775"}],"wp:term":[{"taxonomy":"product_cat","embeddable":true,"href":"https:\/\/kasskoer.ee\/en\/wp-json\/wp\/v2\/product_cat?post=16775"},{"taxonomy":"product_tag","embeddable":true,"href":"https:\/\/kasskoer.ee\/en\/wp-json\/wp\/v2\/product_tag?post=16775"}],"curies":[{"name":"wp","href":"https:\/\/api.w.org\/{rel}","templated":true}]}}