{"id":16777,"date":"2026-04-20T03:15:27","date_gmt":"2026-04-20T00:15:27","guid":{"rendered":"https:\/\/kasskoer.ee\/product\/carnilove-fresh-chicken-rabbit-for-adult-koeratoit-12-kg-2\/"},"modified":"2026-04-20T03:15:27","modified_gmt":"2026-04-20T00:15:27","slug":"carnilove-fresh-chicken-rabbit-for-adult-koeratoit-12-kg","status":"publish","type":"product","link":"https:\/\/kasskoer.ee\/en\/toode\/carnilove-fresh-chicken-rabbit-for-adult-koeratoit-12-kg\/","title":{"rendered":"Carnilove Fresh Chicken &#038; Rabbit for Adult koeratoit 12 kg"},"content":{"rendered":"<h3><strong>Teravilja- ja kartulivaba koostis t\u00e4iskasvanud koertele v\u00e4rske kana ja j\u00e4neselihaga.<\/strong><\/h3>\n<p> Carnilove Fresh Chicken &amp; Rabbit on loodud loodusseadusi austades ja pakub teie koerale tasakaalustatud toitumist, mis sisaldab rikkalikult v\u00e4rsket liha koos erinevate k\u00f6\u00f6giviljade, marjade ja \u00fcrtidega. Loodusliku dieedi juurde naasmine parandab teie koera seedimist ning toetab lihaste ja k\u00f5hre \u00f5iget kasvu. Rannakarbi ekstraktid tagavad tugevad luud ja terved liigesed. Kana on suurep\u00e4rane asendamatute aminohapete ja mineraalide allikas. Selle k\u00f5rge valgusisaldus tagab k\u00f5igi kudede n\u00f5uetekohase arengu ja koos k\u00fc\u00fclikulihast kergesti seeditavate valkudega muudab see retsepti ainulaadseks ja sobib igale koerale. K\u00fc\u00fclikuliha on ka v\u00e4ga madala rasvasisaldusega, mis t\u00e4hendab, et see on erakordselt lahja.<\/p>\n<p> <strong>Koostis<\/strong><br \/> V\u00e4rske konditustatud kana(40%),kuivatatud j\u00e4nes (20%), kuivatatud part (10%), k\u00f5rvits, kikerherned, hernes, kanarasv(s\u00e4ilitatud toko- feroolidega,5%),kanamaks(3%), l\u00f5he\u00f5li (2%), \u00f5unad,porgandid,linaseemned, h\u00fcdrol\u00fc\u00fcsitud koorikloomade koorik( gl\u00fckoosamiini allikas,0,026%), k\u00f5hre ekstrakt(kondroitiiniallikas, 0,016%), \u00f5llep\u00e4rm(mannooligosahhariidi allikas,0,015%), sigur(fruktooligosahhariidiallikas, 0,01%), t\u00e4\u00e4kliilia 0,01%), vetikad (0,01%), ps\u00fclleum(0,01%), t\u00fc\u00fcmian(0,01%),rosmariin(0,01%), oregaano(0,01%), j\u00f5hvikad(0,0008%), mustikad(0,0008%), astelpaju(0,0008%), ingverijuur (0,0008%), salvei (0,0008%).<\/p>\n<p> <strong>Vitamiinid 1kg kohta<\/strong><br \/> A 20 000IU,D3 1500IU,E 400mg, tsink 85 mg, raud 70mg, magneesium 35mg,jood 0,65mg, vask 15mg, seleen 0,2mg.<\/p>\n<p> <strong>Anal\u00fc\u00fctiline koostis<\/strong><br \/> Toorvalk 35,0%, rasv 18,0%, toortuhk 8,5%, toorkiud 3,5%, niiskus 10,0%, kaltsium 1,4%, fosfor 1,0%, omega-3 0,6%, omega-6 1,7%, EPA 0,08%, DHA 0,1%.<\/p>\n<p> <strong>Metaboolne energia<\/strong><br \/> 3 820 kcal\/kg<br \/> &nbsp;<\/p>\n","protected":false},"excerpt":{"rendered":"<p>Teravilja- ja kartulivaba koostis t\u00e4iskasvanud koertele v\u00e4rske kana ja j\u00e4neselihaga.<\/p>\n","protected":false},"featured_media":6372,"template":"","meta":[],"product_cat":[688,64],"product_tag":[],"class_list":{"0":"post-16777","1":"product","2":"type-product","3":"status-publish","4":"has-post-thumbnail","6":"product_cat-koerad","7":"product_cat-koeratoit","8":"pa_brand-carnilove","9":"pa_ean-269","10":"pa_kaal-12-000","11":"pa_tootjariik-tsehhi","13":"first","14":"instock","15":"taxable","16":"shipping-taxable","17":"purchasable","18":"product-type-simple"},"_links":{"self":[{"href":"https:\/\/kasskoer.ee\/en\/wp-json\/wp\/v2\/product\/16777","targetHints":{"allow":["GET"]}}],"collection":[{"href":"https:\/\/kasskoer.ee\/en\/wp-json\/wp\/v2\/product"}],"about":[{"href":"https:\/\/kasskoer.ee\/en\/wp-json\/wp\/v2\/types\/product"}],"wp:featuredmedia":[{"embeddable":true,"href":"https:\/\/kasskoer.ee\/en\/wp-json\/wp\/v2\/media\/6372"}],"wp:attachment":[{"href":"https:\/\/kasskoer.ee\/en\/wp-json\/wp\/v2\/media?parent=16777"}],"wp:term":[{"taxonomy":"product_cat","embeddable":true,"href":"https:\/\/kasskoer.ee\/en\/wp-json\/wp\/v2\/product_cat?post=16777"},{"taxonomy":"product_tag","embeddable":true,"href":"https:\/\/kasskoer.ee\/en\/wp-json\/wp\/v2\/product_tag?post=16777"}],"curies":[{"name":"wp","href":"https:\/\/api.w.org\/{rel}","templated":true}]}}