{"id":16778,"date":"2026-04-20T03:15:27","date_gmt":"2026-04-20T00:15:27","guid":{"rendered":"https:\/\/kasskoer.ee\/product\/carnilove-fresh-carp-trout-koeratoit-12-kg-2\/"},"modified":"2026-04-20T03:15:27","modified_gmt":"2026-04-20T00:15:27","slug":"carnilove-fresh-carp-trout-koeratoit-12-kg","status":"publish","type":"product","link":"https:\/\/kasskoer.ee\/en\/toode\/carnilove-fresh-carp-trout-koeratoit-12-kg\/","title":{"rendered":"Carnilove Fresh Carp &#038; Trout koeratoit 12 kg"},"content":{"rendered":"<h3><strong>Teravilja- ja kartulivaba koostis t\u00e4iskasvanud koertele v\u00e4rske karpkala ja forelliga.<\/strong><\/h3>\n<div>\n<div>Carnilove Fresh Carp &amp; Trout on koostatud austades loodusseadusi ja pakub teie koertele tasakaalustatud toitu. Sisaldab rikkalikku v\u00e4rsket kala ja mereande koos erinevate k\u00f6\u00f6giviljade, marjade ja maitsetaimedega. Loodusliku toitumise juurde naasmine aitab s\u00e4ilitada optimaalset f\u00fc\u00fcsilist seisundit, kaitseb s\u00fcdame-veresoonkonna s\u00fcsteemi, toidab kuiva nahka ja tagab tervisliku, l\u00e4ikiva karva.Karpkala sisaldab unikaalseid valke, mis on kergesti seeditavad l\u00fchemate lihaskiudude t\u00f5ttu. Karpkala ja forelli kombinatsioon on looduslike omega-3 rasvhapete loomulik allikas, mis on naha ja karva kvaliteedi seisukohalt v\u00e4ga kasulik. DHA ja EPA olemasolu suurendavad selle erilise valgu kombinatsiooni positiivset m\u00f5ju.<\/div>\n<div> <strong>Koostis<\/strong>&nbsp;V\u00e4rske karpkala (26%), kuivatatud forell (18%), v\u00e4rske l\u00f5he kondistatud (14%), kuivatatud l\u00f5he (12%), k\u00f5rvits, kikerherned, herned, kanarasv (konserveeritud tokoferoolidega, 5%), kanamaksa ( 3%), l\u00f5he\u00f5li (2%), \u00f5unad, porgandid, linaseemned, h\u00fcdrol\u00fc\u00fcsitud koorikloomad (gl\u00fckoosamiini allikas, 0,026%), k\u00f5hreekstrakt (kondroitiini allikas, 0,016%), \u00f5lle p\u00e4rm (mannani allikas) oligosahhariidid, 0,015%), sigurijuur (frukto-oligosahhariidide allikas, 0,01%), yucca schidigera (0,01%), vetikad (0,01%), ps\u00fcllium (0,01%), t\u00fc\u00fcmian (0,01%), rosmariin (0,01%), rosmariin (0,01%) oregano (0,01%), j\u00f5hvikad (0,0008%), mustikad (0,0008%), astelpaju (0,0008%), ingverijuur (0,0008%), salvei (0,0008%)<\/p>\n<p> <strong>Vitamiinid 1 kg kohta<\/strong><br \/> A-vitamiin (3a672a) 20 000 R\u00dc, vitamiin D3 (E671) 1500 R\u00dc, E-vitamiin (a-tokoferool) (3a700) 400 mg, tsink (3b606) 85 mg, raud (E1) 70 mg, mangaan (E5) 35 mg, jood (3b201) 0,65 mg, vask (E4) 15 mg, seleen (3b8,10) 0,2 mg<\/p>\n<p> <strong>Anal\u00fc\u00fctiline koostis<\/strong><br \/> Toorproteiin 34,0%, rasvasisaldus 15,0%, niiskus 10,0%, toores tuhk 7,2%, toorkiud 3,5%, kaltsium 1,0%, fosfor 0,8%, omega-3 0,8%, omega-6 1,8%, EPA (20: 5 n -3) 0,1%, DHA (22: 6 n-3) 0,2%<\/p>\n<p> <strong>Metaboolne energia<\/strong><br \/> 3 730 kcal\/kg<\/div>\n<\/p><\/div>\n","protected":false},"excerpt":{"rendered":"<p>Teravilja- ja kartulivaba koostis t\u00e4iskasvanud koertele v\u00e4rske karpkala ja forelliga.<\/p>\n","protected":false},"featured_media":6373,"template":"","meta":[],"product_cat":[688,64],"product_tag":[],"class_list":{"0":"post-16778","1":"product","2":"type-product","3":"status-publish","4":"has-post-thumbnail","6":"product_cat-koerad","7":"product_cat-koeratoit","8":"pa_brand-carnilove","9":"pa_ean-264","10":"pa_kaal-12-000","11":"pa_tootjariik-tsehhi","13":"first","14":"instock","15":"taxable","16":"shipping-taxable","17":"purchasable","18":"product-type-simple"},"_links":{"self":[{"href":"https:\/\/kasskoer.ee\/en\/wp-json\/wp\/v2\/product\/16778","targetHints":{"allow":["GET"]}}],"collection":[{"href":"https:\/\/kasskoer.ee\/en\/wp-json\/wp\/v2\/product"}],"about":[{"href":"https:\/\/kasskoer.ee\/en\/wp-json\/wp\/v2\/types\/product"}],"wp:featuredmedia":[{"embeddable":true,"href":"https:\/\/kasskoer.ee\/en\/wp-json\/wp\/v2\/media\/6373"}],"wp:attachment":[{"href":"https:\/\/kasskoer.ee\/en\/wp-json\/wp\/v2\/media?parent=16778"}],"wp:term":[{"taxonomy":"product_cat","embeddable":true,"href":"https:\/\/kasskoer.ee\/en\/wp-json\/wp\/v2\/product_cat?post=16778"},{"taxonomy":"product_tag","embeddable":true,"href":"https:\/\/kasskoer.ee\/en\/wp-json\/wp\/v2\/product_tag?post=16778"}],"curies":[{"name":"wp","href":"https:\/\/api.w.org\/{rel}","templated":true}]}}