{"id":16781,"date":"2026-04-20T03:15:27","date_gmt":"2026-04-20T00:15:27","guid":{"rendered":"https:\/\/kasskoer.ee\/product\/lolo-pets-smakers-maiusepulgad-narilistele-ja-janestele-pahklitega-2tk-90g-2\/"},"modified":"2026-04-20T03:15:27","modified_gmt":"2026-04-20T00:15:27","slug":"lolo-pets-smakers-maiusepulgad-narilistele-ja-janestele-pahklitega-2tk-90g","status":"publish","type":"product","link":"https:\/\/kasskoer.ee\/en\/toode\/lolo-pets-smakers-maiusepulgad-narilistele-ja-janestele-pahklitega-2tk-90g\/","title":{"rendered":"LoLo Pets Smakers maiusepulgad n\u00e4rilistele ja j\u00e4nestele p\u00e4hklitega 2tk 90g"},"content":{"rendered":"<p>LoLo Pets p\u00e4hklitega &#8220;Smakers&#8221; maius. T\u00e4iends\u00f6\u00f6t n\u00e4rilistele.&#13;<\/p>\n<li>V\u00e4ga maitsev maius n\u00e4rilisele, mis aitab hoida hambad tervena.<\/li>\n<p>&#13;<\/p>\n<li>Sisaldab looduslikke vitamiine.<\/li>\n<p>&#13;<br \/>\n<br \/>&#13;<br \/>\n<b>Koostis<\/b><br \/>&#13;<br \/>\nNisu, nisujahu, kooritud kaer, p\u00e4hkel, kooritud l\u00f5igatud maap\u00e4hkel (11,5%), kookosp\u00e4hkel, p\u00e4rm. Lisandid: v\u00e4rvained.<br \/>&#13;<br \/>\n<br \/>&#13;<br \/>\n<b>Anal\u00fc\u00fctilised koostisosad<\/b><br \/>&#13;<br \/>\nToorvalk (min) 11,2%, toorrasv (min) 4,9%, toorkiud (maks) 3,7%, toortuhk (maks) 2,49%, niiskus (maks) 12,0%.<\/p>\n","protected":false},"excerpt":{"rendered":"<p>LoLo Pets Smakers maiusepulgad p\u00e4hklitega n\u00e4rilistele ja j\u00e4nestele.<\/p>\n","protected":false},"featured_media":13714,"template":"","meta":[],"product_cat":[693,3078,994],"product_tag":[],"class_list":{"0":"post-16781","1":"product","2":"type-product","3":"status-publish","4":"has-post-thumbnail","6":"product_cat-muud-loomad","7":"product_cat-narilised","8":"product_cat-nariliste-maiused","9":"pa_brand-lolo-pets","10":"pa_ean-1246","11":"pa_kaal-0-090","12":"pa_tootjariik-poola","14":"first","15":"outofstock","16":"taxable","17":"shipping-taxable","18":"purchasable","19":"product-type-simple"},"_links":{"self":[{"href":"https:\/\/kasskoer.ee\/en\/wp-json\/wp\/v2\/product\/16781","targetHints":{"allow":["GET"]}}],"collection":[{"href":"https:\/\/kasskoer.ee\/en\/wp-json\/wp\/v2\/product"}],"about":[{"href":"https:\/\/kasskoer.ee\/en\/wp-json\/wp\/v2\/types\/product"}],"wp:featuredmedia":[{"embeddable":true,"href":"https:\/\/kasskoer.ee\/en\/wp-json\/wp\/v2\/media\/13714"}],"wp:attachment":[{"href":"https:\/\/kasskoer.ee\/en\/wp-json\/wp\/v2\/media?parent=16781"}],"wp:term":[{"taxonomy":"product_cat","embeddable":true,"href":"https:\/\/kasskoer.ee\/en\/wp-json\/wp\/v2\/product_cat?post=16781"},{"taxonomy":"product_tag","embeddable":true,"href":"https:\/\/kasskoer.ee\/en\/wp-json\/wp\/v2\/product_tag?post=16781"}],"curies":[{"name":"wp","href":"https:\/\/api.w.org\/{rel}","templated":true}]}}