{"id":16783,"date":"2026-04-20T03:15:27","date_gmt":"2026-04-20T00:15:27","guid":{"rendered":"https:\/\/kasskoer.ee\/product\/brit-premium-by-nature-sport-koeratoit-15-kg-2\/"},"modified":"2026-04-20T03:15:28","modified_gmt":"2026-04-20T00:15:28","slug":"brit-premium-by-nature-sport-koeratoit-15-kg","status":"publish","type":"product","link":"https:\/\/kasskoer.ee\/en\/toode\/brit-premium-by-nature-sport-koeratoit-15-kg\/","title":{"rendered":"Brit Premium by Nature Sport koeratoit 15 kg"},"content":{"rendered":"<p><b>Brit Premium by Nature t\u00e4iss\u00f6\u00f6t t\u00e4iskasvanud koertele kanaga, kellel on k\u00f5rgendatud energiavajadus.<\/b>&#13;<\/p>\n<li>Suur kana sisaldus tagab optimaalse lihaste arengu.<\/li>\n<p>&#13;<\/p>\n<li>Terved liigesed t\u00e4nu koostises olevale gl\u00fckosamiinile ja kondroitiinile.<\/li>\n<p>&#13;<\/p>\n<li>Tugev ja terve s\u00fcda &#8211; naturaalsed antioks\u00fcdandid ja oomega-3 rasvhapped tugevdavad koera s\u00fcdant.<\/li>\n<p>&#13;<\/p>\n<li>Sisaldab kollageeni, rohelist rannakarpi ja koorikloomade kestasid liigeste ja k\u00f5hrede tervise toetamiseks.<\/li>\n<p>&#13;<\/p>\n<li>Suur oomega-3 rasvhapete sisaldus terve naha ning l\u00e4ikiva karvkatte jaoks.<\/li>\n<p>&#13;<\/p>\n<li>Sisaldab puuvilju ja maitsetaimi hea seedimise ja immuunsuse toetamiseks.<\/li>\n<p>&#13;<\/p>\n<li>Toidus sisalduvad kuivatatud \u00f5unad on v\u00e4ga kergeks kiudainete allikaks, mis aitavad s\u00e4ilitada seedetrakti mikrofloorat.<\/li>\n<p>&#13;<\/p>\n<li>Soovitatav toit jahi-, t\u00f6\u00f6- v\u00f5i valvekoertele. Saab kasutada ka p\u00e4rast pikka haigust.<\/li>\n<p>&#13;<br \/>\n<br \/>&#13;<br \/>\n<b>Koostis<\/b><br \/>&#13;<br \/>\nKana 50% (deh\u00fcdreeritud 30%, konditustatud 20%), kaer, kanarasv (s\u00e4ilitatud segatud tokoferoolidega), nisu, mais, l\u00f5he\u00f5li (2%), h\u00fcdrol\u00fc\u00fcsitud kanamaks, \u00f5llep\u00e4rm, kuivatatud \u00f5unad, kollageen, koorikloomade kestad (gl\u00fckoosamiini allikas, 260 mg\/kg), k\u00f5hred (kondroitiini allikas, 180 mg\/kg), maitsetaimed ja puuviljad (nelk, tsitrus, rosmariin, kurkum, 150 mg\/kg), mannan-oligosahhariidid (150 mg\/kg), frukto-oligosahhariidid (100 mg\/kg), t\u00e4\u00e4kliilia (Mojave yucca) (100 mg\/kg), kuivatatud kummel (90 mg\/kg), roheline rannakarp (gl\u00fckoosaminogl\u00fckaanide allikas, 60 mg\/kg), kuivatatud mustikad (60 mg\/kg).<br \/>&#13;<br \/>\n<br \/>&#13;<br \/>\n<b>Anal\u00fc\u00fctiline koostis<\/b><br \/>&#13;<br \/>\nToorvalk 31,0%, toorrasv 22,0%, niiskus 10,0%, toortuhk 7,0%, toorkiud 1,5%, kaltsium 1,5%, fosfor 1,1%, oomega-3 0,25%, oomega-6 2,5%.<br \/>&#13;<br \/>\n<br \/>&#13;<br \/>\n<b>S\u00f6\u00f6dalisandid (1 kg kohta)<\/b><br \/>&#13;<br \/>\nToitainelised lisandid: A-vitamiin (3a672a) 20 000 R\u00dc, D3-vitamiin (E671) 1 200 R\u00dc, E-vitamiin (\u03b1-tokoferool) (3a700) 500 mg, L-karnitiin (3a910) 250 mg, biotiin (3a880) 0,6 mg, koliinkloriid (3a890) 600 mg, tsingi aminohapete kelaat h\u00fcdraat (3b606) 90 mg, raua aminohapete kelaat h\u00fcdraat (E1) 80 mg, mangaani aminohapete kelaat h\u00fcdraat (E5) 35 mg, kaaliumjodiid (3b201) 0,65 mg, vase aminohapete kelaat h\u00fcdraat (E4) 15 mg, seleeni orgaaniline vorm toodetud Saccaromyces cerevisiae CNCM I-3060 (inaktiveeritud seleniidip\u00e4rm) (3b8.10) 0,2 mg. Sisaldab ELi poolt heakskiidetud antioks\u00fcdante: taime\u00f5lidest saadud tokoferooliekstraktid (1b306), askorb\u00fc\u00fclpalmitaat (1b304) ja rosmariiniekstrakt.<br \/>&#13;<br \/>\n<br \/>&#13;<br \/>\n<b>Metaboliseeruv energia<\/b><br \/>&#13;<br \/>\n4 200 kcal\/kg<br \/>&#13;<br \/>\n<br \/>&#13;<br \/>\n <b>S\u00f6\u00f6tmisjuhend<\/b><br \/>&#13;<br \/>\nV\u00f5ib serveerida kuivalt v\u00f5i leige veega niisutatult, sobib koertele, kelle energiakulu on k\u00f5rge \u2013 soovitatav p\u00e4evane toidukogus tuleks vastavalt koera energiakulule jagada mitmeks v\u00e4iksemaks portsjoniks, p\u00e4evast kogust saab vajadusel kohandada vastavalt koera aktiivsustasemele, soovitatav p\u00e4evane kogus on toodud s\u00f6\u00f6tmistabelis, esmakordsel pakkumisel kasutada v\u00e4iksemaid koguseid ja segada eelmise toiduga ning suurendada Brit Premiumi osa j\u00e4rk-j\u00e4rgult, tagada koerale alati v\u00e4rske joogivesi.<br \/>&#13;<br \/>\n <br \/>&#13;<br \/>\n <b>P\u00e4evane soovituslik kogus<\/b><br \/> &#13;<\/p>\n<figure class=\"table\">\n<table>\n<tbody>\n<tr>\n<th rowspan=\"2\"> <\/th>\n<th colspan=\"12\"><strong>Koera kaal (kg)<\/strong><\/th>\n<\/tr>\n<tr>\n<th>5<\/th>\n<th>10<\/th>\n<th>15<\/th>\n<th>20<\/th>\n<th>25<\/th>\n<th>30<\/th>\n<th>40<\/th>\n<th>50<\/th>\n<th>60<\/th>\n<th>70<\/th>\n<th>80<\/th>\n<th>90<\/th>\n<\/tr>\n<tr>\n<th rowspan=\"1\"><strong>Tavaline aktiivsus(g\/p\u00e4evas)<\/strong><\/th>\n<th>60<\/th>\n<th>110<\/th>\n<th>140<\/th>\n<th>180<\/th>\n<th>210<\/th>\n<th>250<\/th>\n<th>310<\/th>\n<th>360<\/th>\n<th>410<\/th>\n<th>460<\/th>\n<th>520<\/th>\n<th>570<\/th>\n<\/tr>\n<tr>\n<th rowspan=\"1\"><strong>K\u00f5rge aktiivsus(g\/p\u00e4evas)<\/strong><\/th>\n<th>70<\/th>\n<th>130<\/th>\n<th>180<\/th>\n<th>210<\/th>\n<th>250<\/th>\n<th>280<\/th>\n<th>350<\/th>\n<th>420<\/th>\n<th>480<\/th>\n<th>530<\/th>\n<th>570<\/th>\n<th>620<\/th>\n<\/tr>\n<\/tbody>\n<\/table>\n<\/figure>\n","protected":false},"excerpt":{"rendered":"<p>Brit Premium t\u00e4istoit t\u00e4iskasvanud koertele kanalihaga, kellel on k\u00f5rgendatud energiavajadus.<\/p>\n","protected":false},"featured_media":6378,"template":"","meta":[],"product_cat":[688,64],"product_tag":[],"class_list":{"0":"post-16783","1":"product","2":"type-product","3":"status-publish","4":"has-post-thumbnail","6":"product_cat-koerad","7":"product_cat-koeratoit","8":"pa_brand-brit-premium","9":"pa_ean-202","10":"pa_kaal-15-000","11":"pa_tootjariik-tsehhi","13":"first","14":"instock","15":"taxable","16":"shipping-taxable","17":"purchasable","18":"product-type-simple"},"_links":{"self":[{"href":"https:\/\/kasskoer.ee\/en\/wp-json\/wp\/v2\/product\/16783","targetHints":{"allow":["GET"]}}],"collection":[{"href":"https:\/\/kasskoer.ee\/en\/wp-json\/wp\/v2\/product"}],"about":[{"href":"https:\/\/kasskoer.ee\/en\/wp-json\/wp\/v2\/types\/product"}],"wp:featuredmedia":[{"embeddable":true,"href":"https:\/\/kasskoer.ee\/en\/wp-json\/wp\/v2\/media\/6378"}],"wp:attachment":[{"href":"https:\/\/kasskoer.ee\/en\/wp-json\/wp\/v2\/media?parent=16783"}],"wp:term":[{"taxonomy":"product_cat","embeddable":true,"href":"https:\/\/kasskoer.ee\/en\/wp-json\/wp\/v2\/product_cat?post=16783"},{"taxonomy":"product_tag","embeddable":true,"href":"https:\/\/kasskoer.ee\/en\/wp-json\/wp\/v2\/product_tag?post=16783"}],"curies":[{"name":"wp","href":"https:\/\/api.w.org\/{rel}","templated":true}]}}