{"id":16784,"date":"2026-04-20T03:15:27","date_gmt":"2026-04-20T00:15:27","guid":{"rendered":"https:\/\/kasskoer.ee\/product\/brit-premium-by-nature-senior-lxl-koeratoit-15-kg-2\/"},"modified":"2026-04-20T03:15:28","modified_gmt":"2026-04-20T00:15:28","slug":"brit-premium-by-nature-senior-lxl-koeratoit-15-kg","status":"publish","type":"product","link":"https:\/\/kasskoer.ee\/en\/toode\/brit-premium-by-nature-senior-lxl-koeratoit-15-kg\/","title":{"rendered":"Brit Premium by Nature Senior L+XL koeratoit 15 kg"},"content":{"rendered":"<p><b>Brit Premium by Nature t\u00e4iss\u00f6\u00f6t suurt ja v\u00e4ga suurt kasvu (25-90kg) vanadele (7+) koertele kanalihaga.<\/b>&#13;<\/p>\n<li>Vananemisvastase faktoriga koeratoit, mis sisaldab E-vitamiini ja seleeni.<\/li>\n<p>&#13;<\/p>\n<li>Tugev ja terve s\u00fcda. Naturaalsed antioks\u00fcdandid ja oomega-3 rasvhapped tugevdavad koera s\u00fcdant.<\/li>\n<p>&#13;<\/p>\n<li>Suurep\u00e4rane seedimine. Sisaldab kergesti seeditavat valku ja rasva.<\/li>\n<p>&#13;<\/p>\n<li>Toidus sisalduvad kuivatatud \u00f5unad on v\u00e4ga kergeks kiudaine allikaks, mis s\u00e4ilitab seedetrakti mikrofloora.<\/li>\n<p>&#13;<\/p>\n<li>Oomega-3 rasvhape tagab l\u00e4ikiva ja pehme karvkatte ning terve naha.<\/li>\n<p>&#13;<\/p>\n<li>Ravimtaimede ja puuviljaekstraktide efekt tervisele ja v\u00e4limusele: aitab paremini imenduda E-vitamiinil, kaitseb keha vabade radikaalide eest, parandab toidu maitset ja s\u00f6\u00f6giisu, aitab paremini imenduda rasvhapetel toidust, parandades seel\u00e4bi naha ja liigeste tervist.<\/li>\n<p>&#13;<br \/>\n<br \/>&#13;<br \/>\n<b>Koostis<\/b><br \/>&#13;<br \/>\nKana 45 % (deh\u00fcdreeritud 25 %, konditustatud 20%), kaer, nisu, mais, kuivatatud \u00f5un, kanarasv (konserveeritud tokoferoolide seguga), l\u00f5he\u00f5li (2%), h\u00fcdrol\u00fc\u00fcsitud kanamaks, \u00f5llep\u00e4rm, kollageen, koorikloomade kestad (gl\u00fckosamiini allikas, 210 mg\/kg), k\u00f5hred (kondroitiini allikas, 150 mg\/kg), maitsetaimed ja puuviljad (nelk, tsitrusviljad, rosmariin, kurkum, 120 mg\/kg), mannanoligosahhariidid (120 mg\/kg), fruktooligosahhariidid (90 mg\/kg), t\u00e4\u00e4kliilia (90 mg\/kg), kuivatatud kummel (80 mg\/kg), roheline rannakarp (gl\u00fckosamiingl\u00fckaanide allikas, 50 mg\/kg), kuivatatud mustikad (50 mg\/kg).<br \/>&#13;<br \/>\n<br \/>&#13;<br \/>\n<b>Anal\u00fc\u00fctiline koostis<\/b><br \/>&#13;<br \/>\nToorvalk 27,0 %, rasvasisaldus 14,0 %, niiskus 10,0%, toortuhk 7,2 %, toorkiud 3,0 %, kaltsium 1,5%, fosfor 1,0 %, oomega-3 0,18 %, oomega-6 1,4 %.<br \/>&#13;<br \/>\n<br \/>&#13;<br \/>\n<b>S\u00f6\u00f6dalisandid (1 kg kohta)<\/b><br \/>&#13;<br \/>\nToitainelised lisandid: A-vitamiin (3a672a) 15 000 R\u00dc, D3-vitamiin (E671) 1 000 R\u00dc, E-vitamiin (\u03b1-tokoferool) (3a700) 400 mg, biotiin (3a880) 0,5 mg, koliinkloriid (3a890) 500 mg, aminohapete h\u00fcdraadi tsinkkelaat (3b606) 70 mg, aminohapete h\u00fcdraadi raudkelaat (E1) 60 mg, aminohapete h\u00fcdraadi mangaankelaat (E5) 30 mg, kaaliumjodiid (3b201) 0,5 mg, aminohapete h\u00fcdraadi vaskkelaat (E4) 12 mg, Saccharomyces cerevisiae CNCM I-3060 toodetud orgaaniline seleen (3b8.10) 0,2 mg. Sisaldab ELi poolt heakskiidetud antioks\u00fcdante: taime\u00f5lidest saadud tokoferooliekstraktid (1b306), askorb\u00fc\u00fclpalmitaat (1b304) ja rosmariiniekstrakt.<br \/>&#13;<br \/>\n<br \/>&#13;<br \/>\n<b>Metaboliseeruv energia<\/b><br \/>&#13;<br \/>\n3770 kcal\/kg<br \/>&#13;<br \/>\n<br \/>&#13;<br \/>\n<b>Toitmisjuhend<\/b><br \/>&#13;<br \/>\nAnda loomale vastavalt tabelis soovitatud kogusele. V\u00e4rske vesi peab alati olema saadaval. P\u00e4rast kasutamist sulgege pakend kindlalt.<br \/>&#13;<br \/>\n<br \/>&#13;<br \/>\n<b>Soovituslik p\u00e4evane kogus<\/b> <\/p>\n<figure class=\"table\">\n<table>\n<tbody>\n<tr>\n<th rowspan=\"2\">&nbsp;<\/th>\n<th colspan=\"10\"><strong>T\u00e4iskasvanud koera kehakaal (kg)<\/strong><\/th>\n<\/tr>\n<tr>\n<th><strong>25<\/strong><\/th>\n<th><strong>30<\/strong><\/th>\n<th><strong>35<\/strong><\/th>\n<th><strong>40<\/strong><\/th>\n<th><strong>45<\/strong><\/th>\n<th><strong>50<\/strong><\/th>\n<th><strong>60<\/strong><\/th>\n<th><strong>70<\/strong><\/th>\n<th><strong>80<\/strong><\/th>\n<th><strong>90<\/strong><\/th>\n<\/tr>\n<tr>\n<th rowspan=\"1\"><strong>P\u00e4evane annus (g)<\/strong><\/th>\n<th><strong>230<\/strong><\/th>\n<th><strong>270<\/strong><\/th>\n<th><strong>300<\/strong><\/th>\n<th><strong>330<\/strong><\/th>\n<th><strong>370<\/strong><\/th>\n<th><strong>390<\/strong><\/th>\n<th><strong>440<\/strong><\/th>\n<th><strong>490<\/strong><\/th>\n<th><strong>540<\/strong><\/th>\n<th><strong>590<\/strong><\/th>\n<\/tr>\n<\/tbody>\n<\/table>\n<\/figure>\n","protected":false},"excerpt":{"rendered":"<p>Brit Premium t\u00e4istoit suurt ja v\u00e4ga suurt kasvu (25-90kg) vanadele (7+) koertele kanalihaga.<\/p>\n","protected":false},"featured_media":6379,"template":"","meta":[],"product_cat":[688,64],"product_tag":[],"class_list":{"0":"post-16784","1":"product","2":"type-product","3":"status-publish","4":"has-post-thumbnail","6":"product_cat-koerad","7":"product_cat-koeratoit","8":"pa_brand-brit-premium","9":"pa_ean-197","10":"pa_kaal-15-000","11":"pa_tootjariik-tsehhi","13":"first","14":"instock","15":"taxable","16":"shipping-taxable","17":"purchasable","18":"product-type-simple"},"_links":{"self":[{"href":"https:\/\/kasskoer.ee\/en\/wp-json\/wp\/v2\/product\/16784","targetHints":{"allow":["GET"]}}],"collection":[{"href":"https:\/\/kasskoer.ee\/en\/wp-json\/wp\/v2\/product"}],"about":[{"href":"https:\/\/kasskoer.ee\/en\/wp-json\/wp\/v2\/types\/product"}],"wp:featuredmedia":[{"embeddable":true,"href":"https:\/\/kasskoer.ee\/en\/wp-json\/wp\/v2\/media\/6379"}],"wp:attachment":[{"href":"https:\/\/kasskoer.ee\/en\/wp-json\/wp\/v2\/media?parent=16784"}],"wp:term":[{"taxonomy":"product_cat","embeddable":true,"href":"https:\/\/kasskoer.ee\/en\/wp-json\/wp\/v2\/product_cat?post=16784"},{"taxonomy":"product_tag","embeddable":true,"href":"https:\/\/kasskoer.ee\/en\/wp-json\/wp\/v2\/product_tag?post=16784"}],"curies":[{"name":"wp","href":"https:\/\/api.w.org\/{rel}","templated":true}]}}