{"id":16785,"date":"2026-04-20T03:15:27","date_gmt":"2026-04-20T00:15:27","guid":{"rendered":"https:\/\/kasskoer.ee\/product\/brit-premium-by-nature-light-koeratoit-15-kg-2\/"},"modified":"2026-04-20T03:15:28","modified_gmt":"2026-04-20T00:15:28","slug":"brit-premium-by-nature-light-koeratoit-15-kg","status":"publish","type":"product","link":"https:\/\/kasskoer.ee\/en\/toode\/brit-premium-by-nature-light-koeratoit-15-kg\/","title":{"rendered":"Brit Premium by Nature Light koeratoit 15 kg"},"content":{"rendered":"<p><strong>Brit Premium t\u00e4istoit t\u00e4iskasvanud koertele kalkunilihaga, kellel on probleeme \u00fclekaalulisusega.<\/strong><\/p>\n<ul>\n<li>Valgu ja rasva sisalduse suhe tagab kaalukaotuse rasvkoe, mitte lihasmassi arvelt.<\/li>\n<li>Toidus sisalduvad kuivatatud \u00f5unad on v\u00e4ga kalorivaeseks kiudaine allikaks, mis s\u00e4ilitab seedetrakti mikrofloora.<\/li>\n<li>Kehakaalu optimaalne reguleerimine.<\/li>\n<li>Kollageen, rohekarp ja koorikloomade kestad liigete ja k\u00f5hrede jaoks.<\/li>\n<li>Suur oomega-3 rasvhapete sisaldus terve s\u00fcdame ja naha ning l\u00e4ikiva karvkatte jaoks.<\/li>\n<li>Puuviljad ja maitsetaimed hea seedimise ja immuunsuse jaoks.<\/li>\n<\/ul>\n<p><strong>Koostis<\/strong><br \/> Kalkun 30% (deh\u00fcdreeritud 20%, konditustatud 10%), deh\u00fcdreeritud kana (10%), kaer, nisu, kuivatatud \u00f5un, bambuse lignotselluloos, mais, l\u00f5he\u00f5li (2%), h\u00fcdrol\u00fc\u00fcsitud kanamaks, kanarasv (konserveeritud tokoferoolide seguga), \u00f5llep\u00e4rm, kollageen, koorikloomade kestad (gl\u00fckosamiini allikas 260 mg\/kg), k\u00f5hred (kondroitiini allikas 180 mg\/kg), maitsetaimed ja puuviljad (nelk, tsitrusviljad, rosmariin, kurkum 150 mg\/kg), mannanoligosahhariidid (150 mg\/kg), fruktooligosahhariidid (100 mg\/kg), t\u00e4\u00e4kliilia (100 mg\/kg), kuivatatud kummel (90 mg\/kg), roheline rannakarp (gl\u00fckosamiingl\u00fckaanide allikas 60 mg\/kg), kuivatatud mustikad (60 mg\/kg).<\/p>\n<p> <strong>Anal\u00fc\u00fctiline koostis<\/strong><br \/> Toorvalk 25,0 %, rasvasisaldus 8,0 %, niiskus 10,0 %, toortuhk 7,6 %, toorkiud 6,5 %, kaltsium 1,6 %, fosfor 1,2 %, oomega-3 0,1 %, oomega-6 0,7 %.<\/p>\n<p> <strong>Toitainelised lisandid<\/strong><br \/> A-vitamiin (3a672a) 20 000 R\u00dc, D3-vitamiin (E671) 1 200 R\u00dc, E-vitamiin (\u03b1-tokoferool) (3a700) 500 mg, L-karnitiin (3a910) 100 mg, biotiin (3a880) 0,6 mg, koliinkloriid (3a890) 600 mg, aminohapete h\u00fcdraadi tsinkkelaat (3b606) 90 mg, aminohapete h\u00fcdraadi raudkelaat (E1) 80 mg, aminohapete h\u00fcdraadi mangaankelaat (E5) 35 mg, kaaliumjodiid (3b201) 0,65 mg, aminohapete h\u00fcdraadi vaskkelaat (E4) 15 mg, Saccharomyces cerevisiae CNCM I-3060 toodetud orgaaniline seleen (3b8.10) 0,2 mg. Sisaldab ELi poolt heakskiidetud antioks\u00fcdante: taime\u00f5lidest saadud tokoferooliekstraktid (1b306), askorb\u00fc\u00fclpalmitaat (1b304) ja rosmariiniekstrakt.<\/p>\n<p> <strong>Metaboliseeruv energia<\/strong><br \/> 3 180 kcal\/kg<\/p>\n<p> <strong>Toitmisjuhend<\/strong><br \/> Anda loomale vastavalt tabelis soovitatud kogusele. V\u00e4rske vesi peab alatiolema saadaval. P\u00e4rast kasutamist sulgege pakend kindlalt.<\/p>\n<p> <strong>P\u00e4evane soovituslik kogus<\/strong>&nbsp;<\/p>\n<figure class=\"table\">\n<table>\n<tbody>\n<tr>\n<th rowspan=\"2\">&nbsp;<\/th>\n<th colspan=\"12\"><strong>Koera kehakaal (kg)<\/strong><\/th>\n<\/tr>\n<tr>\n<th><strong>5<\/strong><\/th>\n<th><strong>10<\/strong><\/th>\n<th><strong>15<\/strong><\/th>\n<th><strong>20<\/strong><\/th>\n<th><strong>25<\/strong><\/th>\n<th><strong>30<\/strong><\/th>\n<th><strong>40<\/strong><\/th>\n<th><strong>50<\/strong><\/th>\n<th><strong>60<\/strong><\/th>\n<th><strong>70<\/strong><\/th>\n<th><strong>80<\/strong><\/th>\n<th><strong>90<\/strong><\/th>\n<\/tr>\n<tr>\n<th rowspan=\"1\"><strong>Kaalu hoidmine (g\/p\u00e4evas)<\/strong><\/th>\n<th><strong>80<\/strong><\/th>\n<th><strong>140<\/strong><\/th>\n<th><strong>190<\/strong><\/th>\n<th><strong>230<\/strong><\/th>\n<th><strong>280<\/strong><\/th>\n<th><strong>320<\/strong><\/th>\n<th><strong>400<\/strong><\/th>\n<th><strong>470<\/strong><\/th>\n<th><strong>550<\/strong><\/th>\n<th><strong>610<\/strong><\/th>\n<th><strong>680<\/strong><\/th>\n<th><strong>740<\/strong><\/th>\n<\/tr>\n<tr>\n<th rowspan=\"1\"><strong>Kaalu langetamine (g\/p\u00e4evas)<\/strong><\/th>\n<th><strong>70<\/strong><\/th>\n<th><strong>120<\/strong><\/th>\n<th><strong>160<\/strong><\/th>\n<th><strong>200<\/strong><\/th>\n<th><strong>240<\/strong><\/th>\n<th><strong>280<\/strong><\/th>\n<th><strong>350<\/strong><\/th>\n<th><strong>410<\/strong><\/th>\n<th><strong>480<\/strong><\/th>\n<th><strong>540<\/strong><\/th>\n<th><strong>600<\/strong><\/th>\n<th><strong>650<\/strong><\/th>\n<\/tr>\n<\/tbody>\n<\/table>\n<\/figure>\n","protected":false},"excerpt":{"rendered":"<p>Brit Premium t\u00e4istoit t\u00e4iskasvanud koertele kalkunilihaga, kellel on probleeme \u00fclekaalulisusega.<\/p>\n","protected":false},"featured_media":6380,"template":"","meta":[],"product_cat":[688,64],"product_tag":[],"class_list":{"0":"post-16785","1":"product","2":"type-product","3":"status-publish","4":"has-post-thumbnail","6":"product_cat-koerad","7":"product_cat-koeratoit","8":"pa_brand-brit-premium","9":"pa_ean-195","10":"pa_kaal-15-000","11":"pa_tootjariik-tsehhi","13":"first","14":"instock","15":"taxable","16":"shipping-taxable","17":"purchasable","18":"product-type-simple"},"_links":{"self":[{"href":"https:\/\/kasskoer.ee\/en\/wp-json\/wp\/v2\/product\/16785","targetHints":{"allow":["GET"]}}],"collection":[{"href":"https:\/\/kasskoer.ee\/en\/wp-json\/wp\/v2\/product"}],"about":[{"href":"https:\/\/kasskoer.ee\/en\/wp-json\/wp\/v2\/types\/product"}],"wp:featuredmedia":[{"embeddable":true,"href":"https:\/\/kasskoer.ee\/en\/wp-json\/wp\/v2\/media\/6380"}],"wp:attachment":[{"href":"https:\/\/kasskoer.ee\/en\/wp-json\/wp\/v2\/media?parent=16785"}],"wp:term":[{"taxonomy":"product_cat","embeddable":true,"href":"https:\/\/kasskoer.ee\/en\/wp-json\/wp\/v2\/product_cat?post=16785"},{"taxonomy":"product_tag","embeddable":true,"href":"https:\/\/kasskoer.ee\/en\/wp-json\/wp\/v2\/product_tag?post=16785"}],"curies":[{"name":"wp","href":"https:\/\/api.w.org\/{rel}","templated":true}]}}