{"id":16786,"date":"2026-04-20T03:15:27","date_gmt":"2026-04-20T00:15:27","guid":{"rendered":"https:\/\/kasskoer.ee\/product\/brit-premium-by-nature-sensitive-lamb-koeratoit-3-kg-2\/"},"modified":"2026-04-20T03:15:28","modified_gmt":"2026-04-20T00:15:28","slug":"brit-premium-by-nature-sensitive-lamb-koeratoit-3-kg","status":"publish","type":"product","link":"https:\/\/kasskoer.ee\/en\/toode\/brit-premium-by-nature-sensitive-lamb-koeratoit-3-kg\/","title":{"rendered":"Brit Premium by Nature Sensitive Lamb koeratoit 3 kg"},"content":{"rendered":"<p><b>Brit Premium by Nature t\u00e4iss\u00f6\u00f6t t\u00e4iskasvanud tundlikele allergilistele koertele, kellel on seedetrakti, naha ja karva probleemid.<\/b>&#13;<\/p>\n<li>H\u00fcpoallergeenne koostis lambaliha ja riisiga.<\/li>\n<p>&#13;<\/p>\n<li>Kergesti seeditavad valgud ja rasvad tagavad suurep\u00e4rase seedimise.<\/li>\n<p>&#13;<\/p>\n<li>Tugev ja terve s\u00fcda &#8211; naturaalsed antioks\u00fcdandid ja oomega-3 rasvhapped tugevdavad koera s\u00fcdant.<\/li>\n<p>&#13;<\/p>\n<li>Sisaldab kollageeni, rohelist rannakarpi ja koorikloomade kestasid liigeste ja k\u00f5hrede tervise toetamiseks.<\/li>\n<p>&#13;<\/p>\n<li>Prebiootikumid (mannoos ja fruktooligosahhariidid) ja looduslikud antioks\u00fcdandid parandavad koerte immuunsust.<\/li>\n<p>&#13;<\/p>\n<li>Sisaldab puuvilju ja maitsetaimi hea seedimise ja immuunsuse toetamiseks.<\/li>\n<p>&#13;<\/p>\n<li>Toidus sisalduvad kuivatatud \u00f5unad on v\u00e4ga kergeks kiudainete allikaks, mis aitavad s\u00e4ilitada seedetrakti mikrofloorat.<\/li>\n<p>&#13;<br \/>\n<br \/>&#13;<br \/>\n<b>Koostis<\/b><br \/>&#13;<br \/>\nLammas 35% (deh\u00fcdreeritud 20%, konditustatud 15%), riis, kanarasv (s\u00e4ilitatud segatud tokoferoolidega), riisikliid, kuivatatud \u00f5unad, l\u00f5he\u00f5li (2%), h\u00fcdrol\u00fc\u00fcsitud kanamaks, \u00f5llep\u00e4rm, kollageen, koorikloomade kestad (gl\u00fckoosamiini allikas, 210 mg\/kg), k\u00f5hred (kondroitiini allikas, 150 mg\/kg), maitsetaimed ja puuviljad (nelk, tsitrus, rosmariin, kurkum, 120 mg\/kg), mannan-oligosahhariidid (120 mg\/kg), frukto-oligosahhariidid (90 mg\/kg), t\u00e4\u00e4kliilia (Mojave yucca) (90 mg\/kg), kuivatatud kummel (80 mg\/kg), roheline rannakarp (gl\u00fckoosaminogl\u00fckaanide allikas, 50 mg\/kg), kuivatatud mustikad (50 mg\/kg).<br \/>&#13;<br \/>\n<br \/>&#13;<br \/>\n<b>Anal\u00fc\u00fctiline koostis<\/b><br \/>&#13;<br \/>\nToorvalk 26,0%, toorrasv 13,0%, niiskus 10,0%, toortuhk 7,0%, toorkiud 3,0%, kaltsium 1,6%, fosfor 1,1%, oomega-3 0,2%, oomega-6 1,5%.<br \/>&#13;<br \/>\n<br \/>&#13;<br \/>\n<b>S\u00f6\u00f6dalisandid (1 kg kohta)<\/b><br \/>&#13;<br \/>\nToitainelised lisandid: A-vitamiin (3a672a) 15 000 R\u00dc, D3-vitamiin (E671) 1 000 R\u00dc, E-vitamiin (\u03b1-tokoferool) (3a700) 400 mg, biotiin (3a880) 0,5 mg, koliinkloriid (3a890) 500 mg, tsingi aminohapete kelaat h\u00fcdraat (3b606) 70 mg, raua aminohapete kelaat h\u00fcdraat (E1) 60 mg, mangaani aminohapete kelaat h\u00fcdraat (E5) 30 mg, kaaliumjodiid (3b201) 0,5 mg, vase aminohapete kelaat h\u00fcdraat (E4) 12 mg, seleeni orgaaniline vorm toodetud Saccaromyces cerevisiae CNCM I-3060 (inaktiveeritud seleniidip\u00e4rm) (3b8.10) 0,2 mg. Sisaldab ELis heaks kiidetud antioks\u00fcdante: tokoferooliekstraktid taime\u00f5list (1b306), askorb\u00fc\u00fclpalmitaat (1b304) ja rosmariiniekstrakt.<br \/>&#13;<br \/>\n<br \/>&#13;<br \/>\n<b>Metaboliseeruv energia<\/b><br \/>&#13;<br \/>\n3 660 kcal\/kg<br \/>&#13;<br \/>\n<br \/>&#13;<br \/>\n <b>S\u00f6\u00f6tmisjuhend<\/b><br \/>&#13;<br \/>\nV\u00f5ib serveerida kuivalt v\u00f5i leige veega niisutatult, toit tuleks jagada 1\u20132 v\u00f5rdseks portsjoniks p\u00e4eva jooksul, soovitatav p\u00e4evane kogus on toodud s\u00f6\u00f6tmistabelis, esmakordsel pakkumisel kasutada v\u00e4iksemaid koguseid ja segada eelmise toiduga ning suurendada Brit Premiumi osa j\u00e4rk-j\u00e4rgult, tagada koerale alati v\u00e4rske joogivesi.<br \/>&#13;<br \/>\n <br \/>&#13;<br \/>\n <b>P\u00e4evane soovituslik kogus<\/b><br \/> &#13;<\/p>\n<figure class=\"table\">\n<table>\n<tbody>\n<tr>\n<td><strong>Koera kaal (kg)<\/strong><\/td>\n<td>5<\/td>\n<td>10<\/td>\n<td>15<\/td>\n<td>20<\/td>\n<td>25<\/td>\n<td>30<\/td>\n<td>40<\/td>\n<td>50<\/td>\n<td>60<\/td>\n<td>70<\/td>\n<td>80<\/td>\n<td>90<\/td>\n<\/tr>\n<tr>\n<td><strong>P\u00e4evane kogus (g\/p\u00e4evas)<\/strong><\/td>\n<td>75<\/td>\n<td>120<\/td>\n<td>170<\/td>\n<td>200<\/td>\n<td>250<\/td>\n<td>280<\/td>\n<td>340<\/td>\n<td>400<\/td>\n<td>460<\/td>\n<td>520<\/td>\n<td>570<\/td>\n<td>630<\/td>\n<\/tr>\n<\/tbody>\n<\/table>\n<\/figure>\n","protected":false},"excerpt":{"rendered":"<p>Brit Premium t\u00e4istoit t\u00e4iskasvanud tundliku seedimisega koertele lambalihaga.<\/p>\n","protected":false},"featured_media":6381,"template":"","meta":[],"product_cat":[688,64],"product_tag":[],"class_list":{"0":"post-16786","1":"product","2":"type-product","3":"status-publish","4":"has-post-thumbnail","6":"product_cat-koerad","7":"product_cat-koeratoit","8":"pa_brand-brit-premium","9":"pa_ean-201","10":"pa_kaal-3-000","11":"pa_tootjariik-tsehhi","13":"first","14":"instock","15":"taxable","16":"shipping-taxable","17":"purchasable","18":"product-type-simple"},"_links":{"self":[{"href":"https:\/\/kasskoer.ee\/en\/wp-json\/wp\/v2\/product\/16786","targetHints":{"allow":["GET"]}}],"collection":[{"href":"https:\/\/kasskoer.ee\/en\/wp-json\/wp\/v2\/product"}],"about":[{"href":"https:\/\/kasskoer.ee\/en\/wp-json\/wp\/v2\/types\/product"}],"wp:featuredmedia":[{"embeddable":true,"href":"https:\/\/kasskoer.ee\/en\/wp-json\/wp\/v2\/media\/6381"}],"wp:attachment":[{"href":"https:\/\/kasskoer.ee\/en\/wp-json\/wp\/v2\/media?parent=16786"}],"wp:term":[{"taxonomy":"product_cat","embeddable":true,"href":"https:\/\/kasskoer.ee\/en\/wp-json\/wp\/v2\/product_cat?post=16786"},{"taxonomy":"product_tag","embeddable":true,"href":"https:\/\/kasskoer.ee\/en\/wp-json\/wp\/v2\/product_tag?post=16786"}],"curies":[{"name":"wp","href":"https:\/\/api.w.org\/{rel}","templated":true}]}}