{"id":16788,"date":"2026-04-20T03:15:27","date_gmt":"2026-04-20T00:15:27","guid":{"rendered":"https:\/\/kasskoer.ee\/product\/brit-premium-by-nature-junior-l-koeratoit-15-kg-2\/"},"modified":"2026-04-20T03:15:28","modified_gmt":"2026-04-20T00:15:28","slug":"brit-premium-by-nature-junior-l-koeratoit-15-kg","status":"publish","type":"product","link":"https:\/\/kasskoer.ee\/en\/toode\/brit-premium-by-nature-junior-l-koeratoit-15-kg\/","title":{"rendered":"Brit Premium by Nature Junior L koeratoit 15 kg"},"content":{"rendered":"<p><strong>Brit Premium by Nature t\u00e4iss\u00f6\u00f6t suurt t\u00f5ugu (25-45kg) noortele (kuni 24 kuud) koertele kanalihaga.<\/strong><\/p>\n<ul>\n<li>Tasakaalustatud kasv loomsete rasvade suure sisalduse t\u00f5ttu.<\/li>\n<li>Terved liigesed&nbsp;t\u00e4nu koostises oleva&nbsp;gl\u00fckosamiinile ja kondroitiinile.<\/li>\n<li>Kaltsiumi ja fosfori optimaalne suhe annab koerale tervisliku kehaehituse ja terved luud.<\/li>\n<li>Prebiootikumid (mannoos ja fruktooligosahhariidid) ja looduslikud antioks\u00fcdandid parandavad koerte immuunsust.<\/li>\n<li>Toidus sisalduvad kuivatatud \u00f5unad on v\u00e4ga kergeks kiudaine allikaks, mis s\u00e4ilitab seedetrakti mikrofloora.<\/li>\n<li>Omega 3 rasvhape tagab l\u00e4ikiva ja pehme karvkatte ning terve naha.<\/li>\n<li>Ravimtaimede ja puuviljaekstraktide&nbsp;efekt tervisele ja v\u00e4limusele: aitab paremini imenduda E-vitamiinil, kaitseb keha vabade radikaalide eest, parandab toidu maitset ja s\u00f6\u00f6giisu, aitab paremini imenduda rasvhapetel toidust, parandades seel\u00e4bi naha ja liigeste tervist.<\/li>\n<\/ul>\n<p><strong>Koostis<\/strong><br \/> Kana 45 % (deh\u00fcdreeritud 25 %, konditustatud 20%), kaer, nisu, kanarasv (konserveeritud tokoferoolide seguga), mais, l\u00f5he\u00f5li (2%), kuivatatud \u00f5un, h\u00fcdrol\u00fc\u00fcsitud kanamaks, \u00f5llep\u00e4rm, kollageen, koorikloomade kestad (gl\u00fckosamiini allikas, 260 mg\/kg), k\u00f5hred (kondroitiini allikas, 180 mg\/kg), maitsetaimed ja puuviljad (nelk, tsitrusviljad, rosmariin, kurkum, 150 mg\/kg), mannanoligosahhariidid (150 mg\/kg), fruktooligosahhariidid (100 mg\/kg), t\u00e4\u00e4kliilia (100 mg\/kg), kuivatatud kummel (90 mg\/kg), roheline rannakarp (gl\u00fckosamiingl\u00fckaanide allikas, 60 mg\/kg), kuivatatud mustikad (60 mg\/kg).<\/p>\n<p> <strong>Anal\u00fc\u00fctiline koostis<\/strong><br \/> Toorvalk 28,0 %, rasvasisaldus 16,0 %, niiskus 10,0%, toortuhk 7,2 %, toorkiud 2,0%, kaltsium 1,5%, fosfor 1,1%, oomega-3 0,2 %, oomega-6 1,8 %.<\/p>\n<p> <strong>Toitainelised lisandid<\/strong><br \/> A-vitamiin (3a672a) 20 000 R\u00dc, D3-vitamiin (E671) 1 200 R\u00dc, E-vitamiin (\u03b1-tokoferool) (3a700) 500 mg, biotiin (3a880) 0,6 mg, koliinkloriid (3a890) 600 mg, aminohapete h\u00fcdraadi tsinkkelaat (3b606) 90 mg, aminohapete h\u00fcdraadi raudkelaat (E1) 80 mg, aminohapete h\u00fcdraadi mangaankelaat (E5) 35 mg, kaaliumjodiid (3b201) 0,65 mg, aminohapete h\u00fcdraadi vaskkelaat (E4) 15 mg, Saccharomyces cerevisiae CNCM I-3060 toodetud orgaaniline seleen (3b8.10) 0,2 mg. Sisaldab ELi poolt heakskiidetud antioks\u00fcdante: taime\u00f5lidest saadud tokoferooliekstraktid (1b306), askorb\u00fc\u00fclpalmitaat (1b304) ja rosmariiniekstrakt.<br \/> <strong>Metaboliseeruv energia<\/strong><br \/> 3 850 kcal\/kg<\/p>\n<p> <strong>Toitmisjuhend<\/strong><br \/> Anda loomale vastavalt tabelis soovitatud kogusele. V\u00e4rske vesi peab alati olema saadaval. P\u00e4rast kasutamist sulgege pakend kindlalt.<\/p>\n<p> <strong>Soovituslik p\u00e4evane kogus<\/strong>&nbsp;<\/p>\n<figure class=\"table\">\n<table>\n<tbody>\n<tr>\n<th><strong>Koera vanus (kuudes)<\/strong><\/th>\n<th><strong>Koera kaal (kg)<\/strong><\/th>\n<th><strong>25<\/strong><\/th>\n<th><strong>30<\/strong><\/th>\n<th><strong>35<\/strong><\/th>\n<th><strong>40<\/strong><\/th>\n<th><strong>45<\/strong><\/th>\n<\/tr>\n<tr>\n<th>1 \u2013 4<\/th>\n<th rowspan=\"5\">P\u00e4evane kogus (g)<\/th>\n<th>230<\/th>\n<th>250<\/th>\n<th>260<\/th>\n<th>270<\/th>\n<th>280<\/th>\n<\/tr>\n<tr>\n<th>4 &#8211; 6<\/th>\n<th>240<\/th>\n<th>270<\/th>\n<th>300<\/th>\n<th>330<\/th>\n<th>350<\/th>\n<\/tr>\n<tr>\n<th>6 &#8211; 12<\/th>\n<th>230<\/th>\n<th>270<\/th>\n<th>300<\/th>\n<th>340<\/th>\n<th>380<\/th>\n<\/tr>\n<tr>\n<th>12 &#8211; 18<\/th>\n<th>220<\/th>\n<th>270<\/th>\n<th>290<\/th>\n<th>330<\/th>\n<th>370<\/th>\n<\/tr>\n<tr>\n<th>18 &#8211; 24<\/th>\n<th>220<\/th>\n<th>260<\/th>\n<th>280<\/th>\n<th>320<\/th>\n<th>360<\/th>\n<\/tr>\n<tr>\n<th>24+<\/th>\n<th colspan=\"5\">L Adult<\/th>\n<th>&nbsp;<\/th>\n<\/tr>\n<\/tbody>\n<\/table>\n<\/figure>\n","protected":false},"excerpt":{"rendered":"<p>Brit Premium t\u00e4istoit suurt t\u00f5ugu noortele (kuni 24 kuud) koertele (25-45kg) kanalihaga.<\/p>\n","protected":false},"featured_media":6383,"template":"","meta":[],"product_cat":[688,64],"product_tag":[],"class_list":{"0":"post-16788","1":"product","2":"type-product","3":"status-publish","4":"has-post-thumbnail","6":"product_cat-koerad","7":"product_cat-koeratoit","8":"pa_brand-brit-premium","9":"pa_ean-185","10":"pa_kaal-15-000","11":"pa_tootjariik-tsehhi","13":"first","14":"instock","15":"taxable","16":"shipping-taxable","17":"purchasable","18":"product-type-simple"},"_links":{"self":[{"href":"https:\/\/kasskoer.ee\/en\/wp-json\/wp\/v2\/product\/16788","targetHints":{"allow":["GET"]}}],"collection":[{"href":"https:\/\/kasskoer.ee\/en\/wp-json\/wp\/v2\/product"}],"about":[{"href":"https:\/\/kasskoer.ee\/en\/wp-json\/wp\/v2\/types\/product"}],"wp:featuredmedia":[{"embeddable":true,"href":"https:\/\/kasskoer.ee\/en\/wp-json\/wp\/v2\/media\/6383"}],"wp:attachment":[{"href":"https:\/\/kasskoer.ee\/en\/wp-json\/wp\/v2\/media?parent=16788"}],"wp:term":[{"taxonomy":"product_cat","embeddable":true,"href":"https:\/\/kasskoer.ee\/en\/wp-json\/wp\/v2\/product_cat?post=16788"},{"taxonomy":"product_tag","embeddable":true,"href":"https:\/\/kasskoer.ee\/en\/wp-json\/wp\/v2\/product_tag?post=16788"}],"curies":[{"name":"wp","href":"https:\/\/api.w.org\/{rel}","templated":true}]}}