{"id":16814,"date":"2026-04-20T03:15:27","date_gmt":"2026-04-20T00:15:27","guid":{"rendered":"https:\/\/kasskoer.ee\/product\/brit-premium-sport-beef-fish-vorst-koertele-800g-2\/"},"modified":"2026-04-20T03:15:29","modified_gmt":"2026-04-20T00:15:29","slug":"brit-premium-sport-beef-fish-vorst-koertele-800g","status":"publish","type":"product","link":"https:\/\/kasskoer.ee\/en\/toode\/brit-premium-sport-beef-fish-vorst-koertele-800g\/","title":{"rendered":"Brit Premium Sport Beef &#038; Fish vorst koertele 800g"},"content":{"rendered":"<p>Suurep\u00e4rane palju liha sisaldav toit, mis sobib suure f\u00fc\u00fcsilise koormusega koertele \u2013 aktiivsetele, teenistus- ja veokoertele, samuti haigusest taastumise ajal. Suur veiseliha ja kala ning maksa sisaldus m\u00f5jutab teie koera toitumist soodsalt.<\/p>\n<p>T\u00e4iss\u00f6\u00f6t koertele.<\/p>\n<p style=\"margin-left:0px;\"><strong>Koostis<\/strong><\/p>\n<p style=\"margin-left:0px;\">Veis (veiseliha, maks, s\u00fcda) 85%, kala 10%, riis 3,6%, puljong 0,9%, kollageen 0,5%.<\/p>\n<p style=\"margin-left:0px;\"><strong>Anal\u00fc\u00fctilised koostisosad<\/strong><\/p>\n<p style=\"margin-left:0px;\">Niiskus 65,0%, toorvalk 12,0%, toorrasv 16,0%, toortuhk 3,0%, toorkiud 0,5%.<\/p>\n<p style=\"margin-left:0px;\"><strong>Toidukoostis<\/strong><\/p>\n<p style=\"margin-left:0px;\">D3-vitamin (E671) 250 R\u00dc, E-vitamiin (3a700) 100 mg, tsink (3b606) 12 mg, raud (E1) 10 mg, mangaan (E5) 2 mg, jood (3b201) 0,7 mg, vask (E4) 0,5 mg, biotiin (3a880) 0,2 mg.<\/p>\n<p style=\"margin-left:0px;\"><strong>Metaboliseeruv energia<\/strong><\/p>\n<p style=\"margin-left:0px;\">2010 kcal\/kg<\/p>\n<p style=\"margin-left:0px;\"><strong>Toitmisjuhend<\/strong><\/p>\n<p style=\"margin-left:0px;\">Brit Premium Meat Sausage on koertele m\u00f5eldud t\u00e4iss\u00f6\u00f6t v\u00f5i ideaalne t\u00e4iendus graanulitele, BARF-toidule ja keedetud lihale. Kui te annate seda koerale toidu ja maitsete mitmekesistamiseks, v\u00e4hendage tema igap\u00e4evase toidu p\u00e4evast annust.<\/p>\n<figure class=\"table\">\n<table>\n<tbody>\n<tr>\n<th><strong>Koera kehakaal (kg)<\/strong><\/th>\n<td>5<\/td>\n<td>10<\/td>\n<td>15<\/td>\n<td>20<\/td>\n<td>\u00fcle 30<\/td>\n<\/tr>\n<tr>\n<th><strong>T\u00e4iss\u00f6\u00f6dana kasutamisel (g)<\/strong><\/th>\n<td>200<\/td>\n<td>300<\/td>\n<td>430<\/td>\n<td>550<\/td>\n<td>800 &#8211; 1500<\/td>\n<\/tr>\n<tr>\n<th><strong>T\u00e4iends\u00f6\u00f6dana (50 : 50) kasutamisel (g)<\/strong><\/th>\n<td>100<\/td>\n<td>150<\/td>\n<td>215<\/td>\n<td>275<\/td>\n<td>400 &#8211; 750<\/td>\n<\/tr>\n<\/tbody>\n<\/table>\n<\/figure>\n","protected":false},"excerpt":{"rendered":"<p>Brit Premium koeravorst veiseliha ja kalaga aktiivsetele koertele.<\/p>\n","protected":false},"featured_media":6409,"template":"","meta":[],"product_cat":[688,106],"product_tag":[],"class_list":{"0":"post-16814","1":"product","2":"type-product","3":"status-publish","4":"has-post-thumbnail","6":"product_cat-koerad","7":"product_cat-konservid-koertele","8":"pa_brand-brit-premium","9":"pa_ean-225","10":"pa_kaal-0-800","11":"pa_tootjariik-tsehhi","13":"first","14":"instock","15":"taxable","16":"shipping-taxable","17":"purchasable","18":"product-type-simple"},"_links":{"self":[{"href":"https:\/\/kasskoer.ee\/en\/wp-json\/wp\/v2\/product\/16814","targetHints":{"allow":["GET"]}}],"collection":[{"href":"https:\/\/kasskoer.ee\/en\/wp-json\/wp\/v2\/product"}],"about":[{"href":"https:\/\/kasskoer.ee\/en\/wp-json\/wp\/v2\/types\/product"}],"wp:featuredmedia":[{"embeddable":true,"href":"https:\/\/kasskoer.ee\/en\/wp-json\/wp\/v2\/media\/6409"}],"wp:attachment":[{"href":"https:\/\/kasskoer.ee\/en\/wp-json\/wp\/v2\/media?parent=16814"}],"wp:term":[{"taxonomy":"product_cat","embeddable":true,"href":"https:\/\/kasskoer.ee\/en\/wp-json\/wp\/v2\/product_cat?post=16814"},{"taxonomy":"product_tag","embeddable":true,"href":"https:\/\/kasskoer.ee\/en\/wp-json\/wp\/v2\/product_tag?post=16814"}],"curies":[{"name":"wp","href":"https:\/\/api.w.org\/{rel}","templated":true}]}}