{"id":16815,"date":"2026-04-20T03:15:27","date_gmt":"2026-04-20T00:15:27","guid":{"rendered":"https:\/\/kasskoer.ee\/product\/carnilove-cat-chicken-lamb-konserv-kassidele-100g-2\/"},"modified":"2026-04-20T03:15:29","modified_gmt":"2026-04-20T00:15:29","slug":"carnilove-cat-chicken-lamb-konserv-kassidele-100g","status":"publish","type":"product","link":"https:\/\/kasskoer.ee\/en\/toode\/carnilove-cat-chicken-lamb-konserv-kassidele-100g\/","title":{"rendered":"Carnilove Cat Chicken &#038; Lamb konserv kassidele 100g"},"content":{"rendered":"<p><strong>Koostis<\/strong><br \/> <span style=\"color: rgb(56, 56, 56); font-family: &quot;Noto Sans&quot;, sans-serif; font-size: 12.25px;\">Kanaliha 35%, kanamaks, kanas\u00fcda, puljong 42,9%, talleliha 20%, j\u00f5hvikad 1%, mineraalained 1%, lina\u00f5li 0,1%<\/span><\/p>\n<p> <strong>Toitainelised lisandid<\/strong><br \/> D3-vitamiin (E671) 200 R\u00dc, E-vitamiin (\u03b1-tokoferool) (3a700) 30 mg, C-vitamiin (3a312) 40 mg, B1-vitamiin (3a821) 13 mg, B2-vitamiin 6 mg, B6-vitamiin (3a831) 3 mg, nikotiinamiid (3a315) 17 mg, kaltsiumpantotenaat (3a841) 12 mg, foolhape (3a316) 0,6 mg, koliinkloriid (3a890) 700 mg, tsink (3b606) 15 mg, mangaan (E5) 3 mg, jood (3b201) 0,75 mg, tauriin (3a370) 1500 mg, biotiin 300 \u00b5g, B12-vitamiin 75 \u00b5g.<\/p>\n<p> <strong>Anal\u00fc\u00fctilised koostisosad 1KG kohta<\/strong><br \/> Toorvalk 10,8%, rasvasisaldus 6,8%, toortuhk 2,3%, toorkiud 0,4%, niiskus 79%.<\/p>\n<p> <strong>Metaboliseeruv energia<\/strong><br \/> 1050 kcal\/kg<\/p>\n","protected":false},"excerpt":{"rendered":"<p>Carnilove valge kanaliha lihasmassist ja talleliha t\u00e4iskasvanud kassidele. Niiske superpremium t\u00e4iss\u00f6\u00f6t t\u00e4iskasvanud kassidele.<\/p>\n","protected":false},"featured_media":6410,"template":"","meta":[],"product_cat":[689,33],"product_tag":[],"class_list":{"0":"post-16815","1":"product","2":"type-product","3":"status-publish","4":"has-post-thumbnail","6":"product_cat-kassid","7":"product_cat-konservid-kassidele","8":"pa_brand-carnilove","9":"pa_ean-233","10":"pa_kaal-0-100","11":"pa_tootjariik-tsehhi","13":"first","14":"instock","15":"taxable","16":"shipping-taxable","17":"purchasable","18":"product-type-simple"},"_links":{"self":[{"href":"https:\/\/kasskoer.ee\/en\/wp-json\/wp\/v2\/product\/16815","targetHints":{"allow":["GET"]}}],"collection":[{"href":"https:\/\/kasskoer.ee\/en\/wp-json\/wp\/v2\/product"}],"about":[{"href":"https:\/\/kasskoer.ee\/en\/wp-json\/wp\/v2\/types\/product"}],"wp:featuredmedia":[{"embeddable":true,"href":"https:\/\/kasskoer.ee\/en\/wp-json\/wp\/v2\/media\/6410"}],"wp:attachment":[{"href":"https:\/\/kasskoer.ee\/en\/wp-json\/wp\/v2\/media?parent=16815"}],"wp:term":[{"taxonomy":"product_cat","embeddable":true,"href":"https:\/\/kasskoer.ee\/en\/wp-json\/wp\/v2\/product_cat?post=16815"},{"taxonomy":"product_tag","embeddable":true,"href":"https:\/\/kasskoer.ee\/en\/wp-json\/wp\/v2\/product_tag?post=16815"}],"curies":[{"name":"wp","href":"https:\/\/api.w.org\/{rel}","templated":true}]}}