{"id":16818,"date":"2026-04-20T03:15:29","date_gmt":"2026-04-20T00:15:29","guid":{"rendered":"https:\/\/kasskoer.ee\/product\/carnilove-cat-turkey-salmon-konserv-kassidele-100g-2\/"},"modified":"2026-04-20T03:15:30","modified_gmt":"2026-04-20T00:15:30","slug":"carnilove-cat-turkey-salmon-konserv-kassidele-100g","status":"publish","type":"product","link":"https:\/\/kasskoer.ee\/en\/toode\/carnilove-cat-turkey-salmon-konserv-kassidele-100g\/","title":{"rendered":"Carnilove Cat Turkey &#038; Salmon konserv kassidele 100g"},"content":{"rendered":"<p><strong>Koostis<\/strong><br \/> 35% kalkuniliha, kalkunimaks, kalkunis\u00fcdamed, puljong, 20% l\u00f5he, 1% j\u00f5hvikaid, 1% mineraalaineid, 0,1% l\u00f5he\u00f5li.<\/p>\n<p> <strong>Toitainelised lisandid<\/strong><br \/> Vitamiini D3 (E671) 300 R\u00dc, vitamiini E (3a700) 150 mg, tauriini (3a370) 650 mg, biotiini (3a880) 0,3 mg, vaske (3B405) 0,6 mg, rauda (3B106) 12 mg, joodi (3b201) 1 mg, mangaani (3B504) 2,5 mg, tsinki (3b606) 15 mg.<\/p>\n<p> <strong>Anal\u00fc\u00fctilised koostisosad 1KG kohta<\/strong><br \/> Toorvalku 10,6%, toorrasva 6,5%, toortuhka 2,3%, toorkiudu 0,4%, niiskust 79%, kaltsiumit 0,2%, fosforit 0,3%, naatriumit 0,3%.<\/p>\n<p> <strong>Metaboliseeruv energia<\/strong><br \/> 1040 kcal\/kg<\/p>\n","protected":false},"excerpt":{"rendered":"<p>Carnilove valge kalkuniliha lihasmassist ja l\u00f5he t\u00e4iskasvanud kassidele. Niiske superpremium t\u00e4iss\u00f6\u00f6t t\u00e4iskasvanud kassidele.<\/p>\n","protected":false},"featured_media":6413,"template":"","meta":[],"product_cat":[689,33],"product_tag":[],"class_list":{"0":"post-16818","1":"product","2":"type-product","3":"status-publish","4":"has-post-thumbnail","6":"product_cat-kassid","7":"product_cat-konservid-kassidele","8":"pa_brand-carnilove","9":"pa_ean-246","10":"pa_kaal-0-100","11":"pa_tootjariik-tsehhi","13":"first","14":"instock","15":"taxable","16":"shipping-taxable","17":"purchasable","18":"product-type-simple"},"_links":{"self":[{"href":"https:\/\/kasskoer.ee\/en\/wp-json\/wp\/v2\/product\/16818","targetHints":{"allow":["GET"]}}],"collection":[{"href":"https:\/\/kasskoer.ee\/en\/wp-json\/wp\/v2\/product"}],"about":[{"href":"https:\/\/kasskoer.ee\/en\/wp-json\/wp\/v2\/types\/product"}],"wp:featuredmedia":[{"embeddable":true,"href":"https:\/\/kasskoer.ee\/en\/wp-json\/wp\/v2\/media\/6413"}],"wp:attachment":[{"href":"https:\/\/kasskoer.ee\/en\/wp-json\/wp\/v2\/media?parent=16818"}],"wp:term":[{"taxonomy":"product_cat","embeddable":true,"href":"https:\/\/kasskoer.ee\/en\/wp-json\/wp\/v2\/product_cat?post=16818"},{"taxonomy":"product_tag","embeddable":true,"href":"https:\/\/kasskoer.ee\/en\/wp-json\/wp\/v2\/product_tag?post=16818"}],"curies":[{"name":"wp","href":"https:\/\/api.w.org\/{rel}","templated":true}]}}