{"id":16819,"date":"2026-04-20T03:15:29","date_gmt":"2026-04-20T00:15:29","guid":{"rendered":"https:\/\/kasskoer.ee\/product\/carnilove-cat-chicken-duck-pheasant-konserv-kassidele-100g-2\/"},"modified":"2026-04-20T03:15:30","modified_gmt":"2026-04-20T00:15:30","slug":"carnilove-cat-chicken-duck-pheasant-konserv-kassidele-100g","status":"publish","type":"product","link":"https:\/\/kasskoer.ee\/en\/toode\/carnilove-cat-chicken-duck-pheasant-konserv-kassidele-100g\/","title":{"rendered":"Carnilove Cat Chicken Duck &#038; Pheasant konserv kassidele 100g"},"content":{"rendered":"<p><strong>Koostis<\/strong><br \/> Kanaliha 35%, kanamaks, kanas\u00fcda, puljong 42,9%, part 10%, faasan 10%, j\u00f5hvikad 1%, mineraalained 1%, lina\u00f5li 0,1%.<\/p>\n<p> <strong>Toitainelised lisandid<\/strong><br \/> D3-vitamiin (E671) 200 R\u00dc, E-vitamiin (\u03b1-tokoferool) (3a700) 30 mg, C-vitamiin (3a312) 40 mg, B1-vitamiin (3a821) 13 mg, B2-vitamiin 6 mg, B6-vitamiin (3a831) 3 mg, nikotiinamiid (3a315) 17 mg, kaltsiumpantotenaat (3a841) 12 mg, foolhape (3a316) 0,6 mg, koliinkloriid (3a890) 700 mg, tsink (3b606) 15 mg, mangaan (E5) 3 mg, jood (3b201) 0,75 mg, tauriin (3a370) 1500 mg, biotiin 300 \u00b5g, B12-vitamiin 75 \u00b5g.<\/p>\n<p> <strong>Anal\u00fc\u00fctilised koostisosad 1KG kohta<\/strong><br \/> toorvalk 10,6%, rasvasisaldus 6,6%, toortuhk 2,4%, toorkiud 0,4%, niiskus 79%.<\/p>\n<p> <strong>Metaboliseeruv energia<\/strong><br \/> 1040 kcal\/kg<\/p>\n","protected":false},"excerpt":{"rendered":"<p>Carnilove valge kanaliha lihasmassist, part ja faasan t\u00e4iskasvanud kassidele. Niiske superpremium t\u00e4iss\u00f6\u00f6t t\u00e4iskasvanud kassidele.<\/p>\n","protected":false},"featured_media":6414,"template":"","meta":[],"product_cat":[689,33],"product_tag":[],"class_list":{"0":"post-16819","1":"product","2":"type-product","3":"status-publish","4":"has-post-thumbnail","6":"product_cat-kassid","7":"product_cat-konservid-kassidele","8":"pa_brand-carnilove","9":"pa_ean-234","10":"pa_kaal-0-100","11":"pa_tootjariik-tsehhi","13":"first","14":"instock","15":"taxable","16":"shipping-taxable","17":"purchasable","18":"product-type-simple"},"_links":{"self":[{"href":"https:\/\/kasskoer.ee\/en\/wp-json\/wp\/v2\/product\/16819","targetHints":{"allow":["GET"]}}],"collection":[{"href":"https:\/\/kasskoer.ee\/en\/wp-json\/wp\/v2\/product"}],"about":[{"href":"https:\/\/kasskoer.ee\/en\/wp-json\/wp\/v2\/types\/product"}],"wp:featuredmedia":[{"embeddable":true,"href":"https:\/\/kasskoer.ee\/en\/wp-json\/wp\/v2\/media\/6414"}],"wp:attachment":[{"href":"https:\/\/kasskoer.ee\/en\/wp-json\/wp\/v2\/media?parent=16819"}],"wp:term":[{"taxonomy":"product_cat","embeddable":true,"href":"https:\/\/kasskoer.ee\/en\/wp-json\/wp\/v2\/product_cat?post=16819"},{"taxonomy":"product_tag","embeddable":true,"href":"https:\/\/kasskoer.ee\/en\/wp-json\/wp\/v2\/product_tag?post=16819"}],"curies":[{"name":"wp","href":"https:\/\/api.w.org\/{rel}","templated":true}]}}