{"id":16825,"date":"2026-04-20T03:15:29","date_gmt":"2026-04-20T00:15:29","guid":{"rendered":"https:\/\/kasskoer.ee\/product\/record-puuvillane-noorilelu-koertele-31cm-2\/"},"modified":"2026-04-20T03:15:30","modified_gmt":"2026-04-20T00:15:30","slug":"record-puuvillane-noorilelu-koertele-31cm","status":"publish","type":"product","link":"https:\/\/kasskoer.ee\/en\/toode\/record-puuvillane-noorilelu-koertele-31cm\/","title":{"rendered":"Record puuvillane n\u00f6\u00f6rilelu koertele 31cm"},"content":{"rendered":"<p>N\u00f6\u00f6rim\u00e4nguasja v\u00e4limine osa on valmistatud puuvillast ja looduslikust kiust.<br \/> N\u00f6\u00f6ri sisemus on valmistatud 70% puuvillast ja 30% pol\u00fcesterist.<\/p>\n","protected":false},"excerpt":{"rendered":"<p>Record vastupidav puuvillane n\u00f6\u00f6rilelu koertele 31cm.<\/p>\n","protected":false},"featured_media":6420,"template":"","meta":[],"product_cat":[1326,688],"product_tag":[],"class_list":{"0":"post-16825","1":"product","2":"type-product","3":"status-publish","4":"has-post-thumbnail","6":"product_cat-koerte-manguasjad","7":"product_cat-koerad","8":"pa_brand-record","9":"pa_ean-546","10":"pa_kaal-0-420","11":"pa_tootjariik-itaalia","13":"first","14":"instock","15":"taxable","16":"shipping-taxable","17":"purchasable","18":"product-type-simple"},"_links":{"self":[{"href":"https:\/\/kasskoer.ee\/en\/wp-json\/wp\/v2\/product\/16825","targetHints":{"allow":["GET"]}}],"collection":[{"href":"https:\/\/kasskoer.ee\/en\/wp-json\/wp\/v2\/product"}],"about":[{"href":"https:\/\/kasskoer.ee\/en\/wp-json\/wp\/v2\/types\/product"}],"wp:featuredmedia":[{"embeddable":true,"href":"https:\/\/kasskoer.ee\/en\/wp-json\/wp\/v2\/media\/6420"}],"wp:attachment":[{"href":"https:\/\/kasskoer.ee\/en\/wp-json\/wp\/v2\/media?parent=16825"}],"wp:term":[{"taxonomy":"product_cat","embeddable":true,"href":"https:\/\/kasskoer.ee\/en\/wp-json\/wp\/v2\/product_cat?post=16825"},{"taxonomy":"product_tag","embeddable":true,"href":"https:\/\/kasskoer.ee\/en\/wp-json\/wp\/v2\/product_tag?post=16825"}],"curies":[{"name":"wp","href":"https:\/\/api.w.org\/{rel}","templated":true}]}}