{"id":16829,"date":"2026-04-20T03:15:29","date_gmt":"2026-04-20T00:15:29","guid":{"rendered":"https:\/\/kasskoer.ee\/product\/record-korvapuhastusvahend-koertele-100ml-2\/"},"modified":"2026-04-20T03:15:30","modified_gmt":"2026-04-20T00:15:30","slug":"record-korvapuhastusvahend-koertele-100ml","status":"publish","type":"product","link":"https:\/\/kasskoer.ee\/en\/toode\/record-korvapuhastusvahend-koertele-100ml\/","title":{"rendered":"Record k\u00f5rvapuhastusvahend koertele 100ml"},"content":{"rendered":"<p>Vahend aitab \u00f5rnalt puhastada k\u00f5rvu, eemaldades mustuse. Vahendil on ka punetuse vastane toime.<br \/>Sobib k\u00f5ikidele koerat\u00f5ugudele.<\/p>\n<p><strong>Koostis<\/strong><\/p>\n<p>Vesi, pol\u00fcsorbaat 20, PEG-40 h\u00fcdrogeenitud kastoor\u00f5li, prop\u00fcleengl\u00fckool, allantoiin, t\u00fc\u00fcmiani lehtede ekstrakt, aedsalvei ekstrakt, rosmariini lehtede ekstrakt, parf\u00fc\u00fcm, tsetrimooniumkloriid, tetranaatrium-EDTA, naatriumdeh\u00fcdroatsetaat, lin\u00fc\u00fclpropionaal, lin\u00fc\u00fclpropionaal, lint\u00fc\u00fclfenaal, h\u00fcdroks\u00fctsitronellaal, limoneen, h\u00fcdroks\u00fcisoheks\u00fc\u00fcl-3-ts\u00fcklohekseen karboksaldeh\u00fc\u00fcd, tsitronellool, kumariin.<\/p>\n","protected":false},"excerpt":{"rendered":"<p>Record \u00f5rn k\u00f5rva puhastamise vahend.<\/p>\n","protected":false},"featured_media":13754,"template":"","meta":[],"product_cat":[688,365],"product_tag":[],"class_list":{"0":"post-16829","1":"product","2":"type-product","3":"status-publish","4":"has-post-thumbnail","6":"product_cat-koerad","7":"product_cat-koerte-tarvikud","8":"pa_brand-record","9":"pa_ean-1011","10":"pa_kaal-0-100","11":"pa_tootjariik-itaalia","13":"first","14":"instock","15":"taxable","16":"shipping-taxable","17":"purchasable","18":"product-type-simple"},"_links":{"self":[{"href":"https:\/\/kasskoer.ee\/en\/wp-json\/wp\/v2\/product\/16829","targetHints":{"allow":["GET"]}}],"collection":[{"href":"https:\/\/kasskoer.ee\/en\/wp-json\/wp\/v2\/product"}],"about":[{"href":"https:\/\/kasskoer.ee\/en\/wp-json\/wp\/v2\/types\/product"}],"wp:featuredmedia":[{"embeddable":true,"href":"https:\/\/kasskoer.ee\/en\/wp-json\/wp\/v2\/media\/13754"}],"wp:attachment":[{"href":"https:\/\/kasskoer.ee\/en\/wp-json\/wp\/v2\/media?parent=16829"}],"wp:term":[{"taxonomy":"product_cat","embeddable":true,"href":"https:\/\/kasskoer.ee\/en\/wp-json\/wp\/v2\/product_cat?post=16829"},{"taxonomy":"product_tag","embeddable":true,"href":"https:\/\/kasskoer.ee\/en\/wp-json\/wp\/v2\/product_tag?post=16829"}],"curies":[{"name":"wp","href":"https:\/\/api.w.org\/{rel}","templated":true}]}}