{"id":16832,"date":"2026-04-20T03:15:29","date_gmt":"2026-04-20T00:15:29","guid":{"rendered":"https:\/\/kasskoer.ee\/product\/brit-care-mini-puppy-lamb-teraviljavaba-koeratoit-2-kg-2\/"},"modified":"2026-04-20T03:15:30","modified_gmt":"2026-04-20T00:15:30","slug":"brit-care-mini-puppy-lamb-teraviljavaba-koeratoit-2-kg","status":"publish","type":"product","link":"https:\/\/kasskoer.ee\/en\/toode\/brit-care-mini-puppy-lamb-teraviljavaba-koeratoit-2-kg\/","title":{"rendered":"Brit Care Mini Puppy Lamb teraviljavaba koeratoit 2 kg"},"content":{"rendered":"<p><strong>Brit Care Mini teraviljavaba t\u00e4isv\u00e4\u00e4rtuslik toit lambalihaga v\u00e4ikest t\u00f5ugu kutsikatele(2 n\u00e4dala kuni 10 kuu vanustele) ja nende emadele.<\/strong><\/p>\n<p><strong>Koostis<\/strong><br \/> Lambalihajahu (35 %), v\u00e4rske lambavalk (20 %), kollased herned, kanarasv (konserveeritud tokoferoolidega), kikerhernes, seemned (5 %), l\u00f5he\u00f5li (3 %), tatar, kuivatatud \u00f5unad, \u00f5llep\u00e4rm, vetikad (0,5 %, <i>Ascophyllum nodosum<\/i>), h\u00fcdrol\u00fc\u00fcsitud koorikloomade kestad (gl\u00fckoosamiini allikas, 290&nbsp;mg\/kg), mustikad (250&nbsp;mg\/kg, pol\u00fcfenoolide&nbsp;75&nbsp;mg\/kg ja flavonoidide 35&nbsp;mg\/kg allikas), k\u00f5hreekstrakt (kondroitiini allikas, 180&nbsp;mg\/kg), mannoligosahhariidid (170&nbsp;mg\/kg), \u00fcrdid&nbsp;ja puuviljad (rosmariin, tsitrusviljad, kollajuur, 160&nbsp;mg\/kg), fruktooligosahhariidid (110&nbsp;mg\/kg),&nbsp;juka shidigera<i>&nbsp;<\/i>(110&nbsp;mg\/kg), inuliin (100&nbsp;mg\/kg), margaania seemend (80&nbsp;mg\/kg), astelpaju (80&nbsp;mg\/kg), kummel (35&nbsp;mg\/kg), nelk (35&nbsp;mg\/kg),&nbsp;salvei (30&nbsp;mg\/kg).<\/p>\n<p> <strong>Anal\u00fc\u00fctilised koostisosad&nbsp;<\/strong><br \/> Toorvalk 33,0%, rasvasisaldus 23,0%, niiskus 10,0%, toortuhk 8,5%, toorkiud 1,5%, kaltsium 1,6%, fosfor 1,3%, oomega-3 1,9%, oomega-6 3,2%, eikosapenaeenhape (EPA) 0,2%.<\/p>\n<p> <strong>Toitainelised lisandid 1 kg<\/strong><br \/> A-vitamiin (3a672a) 23 000 R\u00dc, D3-vitamiin (E671) 1 800 R\u00dc, E-vitamiin (\u03b1-tokoferool) (3a700) 650 mg, C-vitamiin (3a312) 350 mg, koliinkloriid (3a890) 700 mg, tauriin (3a370) 220 mg, biotiin (3a880) 3,5 mg, B1-vitamiin (3a821) 1,2 mg, B2-vitamiin 4,5 mg, niatsiinamiid (3a315) 15 mg, kaltsiumpantotenaat (3a841) 12 mg, B6-vitamiin (3a831) 1,2 mg, foolhape (3a316) 0,6 mg, B12-vitamiin 0,04 mg, aminohapete h\u00fcdraadi tsinkkelaat 110 mg, raud(II)sulfaat, monoh\u00fcdraat 90 mg, mangaanoksiid 45 mg, kaaliumjodiid 0,8 mg, aminohapete h\u00fcdraadi vaskkelaat 18 mg, Saccharomyces cerevisiae toodetud orgaaniline seleen CNCM I-3060 0,2 mg.<\/p>\n<p> <strong>Metaboliseeruv energia&nbsp;<\/strong><br \/> 4200 kcal\/kg<\/p>\n<p><strong>Toitmisjuhend<\/strong><\/p>\n<p>Terve ainevahetuse tagamiseks peavad kutsikad saama energiat mitmest toidukorrast p\u00e4evas. P\u00e4evane toiduhulk v\u00f5ib varieeruda s\u00f5ltuvalt \u00fcmbruse temperatuurist ja looma aktiivsusest ning see on soovitatav jagada 3\u20135 portsjoniks. Emapiimast v\u00f5\u00f5rutamisel andke kutsikale seitsme p\u00e4eva jooksul v\u00e4iksemas koguses graanuleid ja laske tal j\u00e4tkata imemist. J\u00e4lgige kutsika k\u00e4itumist ja v\u00e4ljaheidete konsistentsi. Graanuleid v\u00f5ib anda kuivalt v\u00f5i veega niisutatult.<\/p>\n<p> <strong>Soovituslik p\u00e4evane kogus<\/strong>&nbsp;<\/p>\n<figure class=\"table\">\n<table>\n<tbody>\n<tr>\n<th rowspan=\"2\">&nbsp;<\/th>\n<th rowspan=\"2\"><strong>Vanus (kuud)<\/strong><\/th>\n<th colspan=\"6\"><strong>Koera kehakaal(kg)<\/strong><\/th>\n<\/tr>\n<tr>\n<th><strong>1<\/strong><\/th>\n<th><strong>2<\/strong><\/th>\n<th><strong>4<\/strong><\/th>\n<th><strong>6<\/strong><\/th>\n<th><strong>8<\/strong><\/th>\n<th><strong>10<\/strong><\/th>\n<\/tr>\n<tr>\n<th rowspan=\"7\"><strong>P\u00e4evane annus (g)<\/strong><\/th>\n<th><strong>1-2<\/strong><\/th>\n<th>25<\/th>\n<th>45<\/th>\n<th>70<\/th>\n<th>90<\/th>\n<th>110<\/th>\n<th>140<\/th>\n<\/tr>\n<tr>\n<th><strong>2-3<\/strong><\/th>\n<th>30<\/th>\n<th>50<\/th>\n<th>80<\/th>\n<th>110<\/th>\n<th>130<\/th>\n<th>170<\/th>\n<\/tr>\n<tr>\n<th><strong>3-4<\/strong><\/th>\n<th>35<\/th>\n<th>55<\/th>\n<th>90<\/th>\n<th>120<\/th>\n<th>145<\/th>\n<th>175<\/th>\n<\/tr>\n<tr>\n<th><strong>4-6<\/strong><\/th>\n<th>30<\/th>\n<th>50<\/th>\n<th>85<\/th>\n<th>115<\/th>\n<th>140<\/th>\n<th>170<\/th>\n<\/tr>\n<tr>\n<th><strong>6-8<\/strong><\/th>\n<th>25<\/th>\n<th>40<\/th>\n<th>70<\/th>\n<th>105<\/th>\n<th>130<\/th>\n<th>150<\/th>\n<\/tr>\n<tr>\n<th><strong>8-10<\/strong><\/th>\n<th>20<\/th>\n<th>35<\/th>\n<th>60<\/th>\n<th>80<\/th>\n<th>110<\/th>\n<th>120<\/th>\n<\/tr>\n<tr>\n<th><strong>\u00fcle 10&lt;<\/strong><\/th>\n<th colspan=\"6\">Anda s\u00f6\u00f6ta Mini Adult<\/th>\n<\/tr>\n<\/tbody>\n<\/table>\n<\/figure>\n","protected":false},"excerpt":{"rendered":"<p>Brit Care Mini teraviljavaba t\u00e4istoit lambalihaga v\u00e4ikest t\u00f5ugu kutsikatele.<\/p>\n","protected":false},"featured_media":6427,"template":"","meta":[],"product_cat":[688,64],"product_tag":[],"class_list":{"0":"post-16832","1":"product","2":"type-product","3":"status-publish","4":"has-post-thumbnail","6":"product_cat-koerad","7":"product_cat-koeratoit","8":"pa_brand-brit-care","9":"pa_ean-135","10":"pa_kaal-2-000","11":"pa_tootjariik-tsehhi","13":"first","14":"instock","15":"taxable","16":"shipping-taxable","17":"purchasable","18":"product-type-simple"},"_links":{"self":[{"href":"https:\/\/kasskoer.ee\/en\/wp-json\/wp\/v2\/product\/16832","targetHints":{"allow":["GET"]}}],"collection":[{"href":"https:\/\/kasskoer.ee\/en\/wp-json\/wp\/v2\/product"}],"about":[{"href":"https:\/\/kasskoer.ee\/en\/wp-json\/wp\/v2\/types\/product"}],"wp:featuredmedia":[{"embeddable":true,"href":"https:\/\/kasskoer.ee\/en\/wp-json\/wp\/v2\/media\/6427"}],"wp:attachment":[{"href":"https:\/\/kasskoer.ee\/en\/wp-json\/wp\/v2\/media?parent=16832"}],"wp:term":[{"taxonomy":"product_cat","embeddable":true,"href":"https:\/\/kasskoer.ee\/en\/wp-json\/wp\/v2\/product_cat?post=16832"},{"taxonomy":"product_tag","embeddable":true,"href":"https:\/\/kasskoer.ee\/en\/wp-json\/wp\/v2\/product_tag?post=16832"}],"curies":[{"name":"wp","href":"https:\/\/api.w.org\/{rel}","templated":true}]}}