{"id":16834,"date":"2026-04-20T03:15:29","date_gmt":"2026-04-20T00:15:29","guid":{"rendered":"https:\/\/kasskoer.ee\/product\/brit-care-mini-yorkshire-teraviljavaba-koeratoit-7-kg-2\/"},"modified":"2026-04-20T03:15:30","modified_gmt":"2026-04-20T00:15:30","slug":"brit-care-mini-yorkshire-teraviljavaba-koeratoit-7-kg","status":"publish","type":"product","link":"https:\/\/kasskoer.ee\/en\/toode\/brit-care-mini-yorkshire-teraviljavaba-koeratoit-7-kg\/","title":{"rendered":"Brit Care Mini Yorkshire teraviljavaba koeratoit 7 kg"},"content":{"rendered":"<p><strong>Brit Care Mini teraviljavaba t\u00e4isv\u00e4\u00e4rtuslik toit Yorkshire terjeritele l\u00f5he ja tuunikalaga.<\/strong><\/p>\n<p> <strong>Koostis<\/strong><br \/> Kuivatatud l\u00f5he (20%), v\u00e4rske l\u00f5hevalk (15%), kuivatatud tuunikala (15%), kollased herned, kanarasv (s\u00e4ilitatud tokoferoolidega), kikerherned, linaseemned (5%), tatar, l\u00f5he\u00f5li (3%), kuivatatud \u00f5unad, \u00f5llep\u00e4rm, vetikad (0,5%, Ascophyllum nodosum), h\u00fcdrol\u00fc\u00fcsitud koorikloomad (gl\u00fckosamiini allikas 260mg\/kg), mustikad (230mg\/kg, pl\u00fcphenoolide allikas 70mg\/kg ja flavanoidide allikas 30mg\/kg), k\u00f5hre ekstrakt (kondroitiini allikas 160mg\/kg), mannanoligosahharriidid (150mg\/kg), \u00fcrdid ja puuviljad (rosmariin, nelk, tsitruselised, kurkum 150mg\/kg), fruktooligosahharriidid (100mg\/kg), t\u00e4\u00e4kliilia (100mg\/kg), inuliin (90mg\/kg), maarjaohakas (75mg\/kg), astelpaju (75mg\/kg), kummel (30mg\/kg), nelk (30mg\/kg), salvei (25mg\/kg).<\/p>\n<p> <strong>Anal\u00fc\u00fctiline koostis<\/strong><br \/> Toorvalk 30%, toorrasv 19%, niiskus 10%, toortuhk 8,4%, toorkiud 2,8%, kaltsium 1,4%, fosfor 1,1%, oomega-3 2,3%, oomega-6 2,7%.<\/p>\n<p> <strong>Toitainelised lisandid 1KG kohta<\/strong><br \/> Vitamiin A 20 000IU, vitamiin D3 1500IU, vitamiin E (alfa-tokoferool) 500 mg, vitamiin C 300mg, koliinkloriid 700 mg, tauriin 200mg, biotiin 3mg, vitamiin B1 1mg, vitamiin B2 4 mg, niatsiinamiid 12mg, kaltsium-D-pantotenaat 10mg, vitamiin B6 1mg, foolhape 0,5mg, vitamiin B12 0,04mg, tsink 100mg, raud 80mg, mangaan 40mg, jood 0,75mg, vask 15mg, seleen 0,2mg.<\/p>\n<p> <strong>Metaboliseeruv energia<\/strong><br \/> 3910kcal\/kg<\/p>\n<p> <strong>Toitmisteave&nbsp;<\/strong><br \/> Mini t\u00f5ugudel on k\u00f5rgemad energiavajadused ja suhteliselt v\u00e4ike seedeektrakt ja k\u00f5ht. Seet\u00f5ttu n\u00e4idatud soovituslik p\u00e4evane kogus jagada 2-3 v\u00f5rdsesse osasse. Serveeri kuivalt v\u00f5i leige veega. Esmakordsel toitmisel Brit Care toiduga on soovituslik segada&nbsp; see eelmise toiduga ja j\u00e4rkj\u00e4rgult suurendada Brit Care toidu kogust. Seitsme p\u00e4eva jooksul v\u00f5ib t\u00e4ielikult \u00fcle minna uuele toidule. P\u00e4eva toidukogus v\u00f5ib varieeruda s\u00f5ltuvalt teie koera keskkonnas, aktiivsuse tasemest ja vanusest. Veenduge, et teie koeral on alati saadaval v\u00e4rske joogivesi.<\/p>\n<p> <strong>Soovituslik p\u00e4evane kogus<\/strong>&nbsp;<\/p>\n<figure class=\"table\">\n<table>\n<tbody>\n<tr>\n<th rowspan=\"2\">&nbsp;<\/th>\n<th colspan=\"4\"><strong>Koera kehakaal (kg)<\/strong><\/th>\n<\/tr>\n<tr>\n<th><strong>1<\/strong><\/th>\n<th><strong>2<\/strong><\/th>\n<th><strong>4<\/strong><\/th>\n<th><strong>5<\/strong><\/th>\n<\/tr>\n<tr>\n<th rowspan=\"1\"><strong>P\u00e4evane annus (g)<\/strong><\/th>\n<th>30<\/th>\n<th>40<\/th>\n<th>55<\/th>\n<th>70<\/th>\n<\/tr>\n<\/tbody>\n<\/table>\n<\/figure>\n","protected":false},"excerpt":{"rendered":"<p>Brit Care Mini teraviljavaba t\u00e4isv\u00e4\u00e4rtuslik toit Yorkshire terjeritele l\u00f5he ja tuunikalaga.<\/p>\n","protected":false},"featured_media":6429,"template":"","meta":[],"product_cat":[688,64],"product_tag":[],"class_list":{"0":"post-16834","1":"product","2":"type-product","3":"status-publish","4":"has-post-thumbnail","6":"product_cat-koerad","7":"product_cat-koeratoit","8":"pa_brand-brit-care","9":"pa_ean-140","10":"pa_kaal-7-000","11":"pa_tootjariik-tsehhi","13":"first","14":"instock","15":"taxable","16":"shipping-taxable","17":"purchasable","18":"product-type-simple"},"_links":{"self":[{"href":"https:\/\/kasskoer.ee\/en\/wp-json\/wp\/v2\/product\/16834","targetHints":{"allow":["GET"]}}],"collection":[{"href":"https:\/\/kasskoer.ee\/en\/wp-json\/wp\/v2\/product"}],"about":[{"href":"https:\/\/kasskoer.ee\/en\/wp-json\/wp\/v2\/types\/product"}],"wp:featuredmedia":[{"embeddable":true,"href":"https:\/\/kasskoer.ee\/en\/wp-json\/wp\/v2\/media\/6429"}],"wp:attachment":[{"href":"https:\/\/kasskoer.ee\/en\/wp-json\/wp\/v2\/media?parent=16834"}],"wp:term":[{"taxonomy":"product_cat","embeddable":true,"href":"https:\/\/kasskoer.ee\/en\/wp-json\/wp\/v2\/product_cat?post=16834"},{"taxonomy":"product_tag","embeddable":true,"href":"https:\/\/kasskoer.ee\/en\/wp-json\/wp\/v2\/product_tag?post=16834"}],"curies":[{"name":"wp","href":"https:\/\/api.w.org\/{rel}","templated":true}]}}