{"id":16842,"date":"2026-04-20T03:15:29","date_gmt":"2026-04-20T00:15:29","guid":{"rendered":"https:\/\/kasskoer.ee\/product\/record-deodorant-kassiliivale-mand-12kg-2\/"},"modified":"2026-04-20T03:15:31","modified_gmt":"2026-04-20T00:15:31","slug":"record-deodorant-kassiliivale-mand-12kg","status":"publish","type":"product","link":"https:\/\/kasskoer.ee\/en\/toode\/record-deodorant-kassiliivale-mand-12kg\/","title":{"rendered":"Record deodorant kassiliivale M\u00e4nd 1,2kg"},"content":{"rendered":"<p>M\u00e4nni l\u00f5hnaline kassi liivakasti l\u00f5hnastaja neutraliseerib ebameeldivad l\u00f5hnad.&#13;<br \/>\n<br \/>&#13;<br \/>\n<br \/><b>Kasutamine<\/b><br \/>&#13;<br \/>\nSega 1-3 lusikat\u00e4it puudrit puhta kassiliivaga.<\/p>\n","protected":false},"excerpt":{"rendered":"<p>Record m\u00e4nni l\u00f5hnaline deodorant kassiliivale.<\/p>\n","protected":false},"featured_media":13762,"template":"","meta":[],"product_cat":[689,565],"product_tag":[],"class_list":{"0":"post-16842","1":"product","2":"type-product","3":"status-publish","4":"has-post-thumbnail","6":"product_cat-kassid","7":"product_cat-kassiliivad","8":"pa_brand-record","9":"pa_ean-1829","10":"pa_kaal-1-200","11":"pa_tootjariik-itaalia","13":"first","14":"instock","15":"taxable","16":"shipping-taxable","17":"purchasable","18":"product-type-simple"},"_links":{"self":[{"href":"https:\/\/kasskoer.ee\/en\/wp-json\/wp\/v2\/product\/16842","targetHints":{"allow":["GET"]}}],"collection":[{"href":"https:\/\/kasskoer.ee\/en\/wp-json\/wp\/v2\/product"}],"about":[{"href":"https:\/\/kasskoer.ee\/en\/wp-json\/wp\/v2\/types\/product"}],"wp:featuredmedia":[{"embeddable":true,"href":"https:\/\/kasskoer.ee\/en\/wp-json\/wp\/v2\/media\/13762"}],"wp:attachment":[{"href":"https:\/\/kasskoer.ee\/en\/wp-json\/wp\/v2\/media?parent=16842"}],"wp:term":[{"taxonomy":"product_cat","embeddable":true,"href":"https:\/\/kasskoer.ee\/en\/wp-json\/wp\/v2\/product_cat?post=16842"},{"taxonomy":"product_tag","embeddable":true,"href":"https:\/\/kasskoer.ee\/en\/wp-json\/wp\/v2\/product_tag?post=16842"}],"curies":[{"name":"wp","href":"https:\/\/api.w.org\/{rel}","templated":true}]}}