{"id":16843,"date":"2026-04-20T03:15:29","date_gmt":"2026-04-20T00:15:29","guid":{"rendered":"https:\/\/kasskoer.ee\/product\/record-linea-con-amore-soogi-ja-jooginou-kassile-15l-2\/"},"modified":"2026-04-20T03:15:31","modified_gmt":"2026-04-20T00:15:31","slug":"record-linea-con-amore-soogi-ja-jooginou-kassile-15l","status":"publish","type":"product","link":"https:\/\/kasskoer.ee\/en\/toode\/record-linea-con-amore-soogi-ja-jooginou-kassile-15l\/","title":{"rendered":"Record Linea Con Amore s\u00f6\u00f6gi- ja joogin\u00f5u kassile 1,5L"},"content":{"rendered":"<p>N\u00f5ul on libisemisvastane p\u00f5hi.<\/p>\n<p> <strong>M\u00f5\u00f5dud<\/strong><br \/> \u00f8 16cm x 5cm<\/p>\n","protected":false},"excerpt":{"rendered":"<p>Record Linea Con Amore dispenseriga s\u00f6\u00f6gi- ja joogin\u00f5u kassile.<\/p>\n","protected":false},"featured_media":13764,"template":"","meta":[],"product_cat":[1319],"product_tag":[],"class_list":{"0":"post-16843","1":"product","2":"type-product","3":"status-publish","4":"has-post-thumbnail","6":"product_cat-koerte-sooginoud","7":"pa_brand-record","8":"pa_ean-1049","9":"pa_kaal-0-200","10":"pa_tootjariik-itaalia","12":"first","13":"instock","14":"taxable","15":"shipping-taxable","16":"purchasable","17":"product-type-simple"},"_links":{"self":[{"href":"https:\/\/kasskoer.ee\/en\/wp-json\/wp\/v2\/product\/16843","targetHints":{"allow":["GET"]}}],"collection":[{"href":"https:\/\/kasskoer.ee\/en\/wp-json\/wp\/v2\/product"}],"about":[{"href":"https:\/\/kasskoer.ee\/en\/wp-json\/wp\/v2\/types\/product"}],"wp:featuredmedia":[{"embeddable":true,"href":"https:\/\/kasskoer.ee\/en\/wp-json\/wp\/v2\/media\/13764"}],"wp:attachment":[{"href":"https:\/\/kasskoer.ee\/en\/wp-json\/wp\/v2\/media?parent=16843"}],"wp:term":[{"taxonomy":"product_cat","embeddable":true,"href":"https:\/\/kasskoer.ee\/en\/wp-json\/wp\/v2\/product_cat?post=16843"},{"taxonomy":"product_tag","embeddable":true,"href":"https:\/\/kasskoer.ee\/en\/wp-json\/wp\/v2\/product_tag?post=16843"}],"curies":[{"name":"wp","href":"https:\/\/api.w.org\/{rel}","templated":true}]}}