{"id":16846,"date":"2026-04-20T03:15:29","date_gmt":"2026-04-20T00:15:29","guid":{"rendered":"https:\/\/kasskoer.ee\/product\/cazo-pet-carrier-oxford-transpordikott-50x27x26cm-2\/"},"modified":"2026-04-20T03:15:31","modified_gmt":"2026-04-20T00:15:31","slug":"cazo-pet-carrier-oxford-transpordikott-50x27x26cm","status":"publish","type":"product","link":"https:\/\/kasskoer.ee\/en\/toode\/cazo-pet-carrier-oxford-transpordikott-50x27x26cm\/","title":{"rendered":"Cazo Pet Carrier Oxford transpordikott 50x27x26cm"},"content":{"rendered":"<p>Imeilusa v\u00e4limusega kvaliteetne ja vastupidav transpordikott Sinu lemmikule. Hoiustamiseks on v\u00f5imalik kott v\u00e4ga kompaktselt kokku voltida.<\/p>\n<p> Transpordikoti m\u00f5\u00f5tmed: 50x27x26cm.<\/p>\n","protected":false},"excerpt":{"rendered":"<p>Cazo Oxford kollektsiooni kuuluv transpordikott lemmikloomale.<\/p>\n","protected":false},"featured_media":13772,"template":"","meta":[],"product_cat":[692,754],"product_tag":[],"class_list":{"0":"post-16846","1":"product","2":"type-product","3":"status-publish","4":"has-post-thumbnail","6":"product_cat-lemmikutele-lisaks","7":"product_cat-transpordikotid","8":"pa_brand-cazo","9":"pa_ean-791","10":"pa_kaal-1-000","11":"pa_tootjariik-poola","13":"first","14":"instock","15":"taxable","16":"shipping-taxable","17":"purchasable","18":"product-type-simple"},"_links":{"self":[{"href":"https:\/\/kasskoer.ee\/en\/wp-json\/wp\/v2\/product\/16846","targetHints":{"allow":["GET"]}}],"collection":[{"href":"https:\/\/kasskoer.ee\/en\/wp-json\/wp\/v2\/product"}],"about":[{"href":"https:\/\/kasskoer.ee\/en\/wp-json\/wp\/v2\/types\/product"}],"wp:featuredmedia":[{"embeddable":true,"href":"https:\/\/kasskoer.ee\/en\/wp-json\/wp\/v2\/media\/13772"}],"wp:attachment":[{"href":"https:\/\/kasskoer.ee\/en\/wp-json\/wp\/v2\/media?parent=16846"}],"wp:term":[{"taxonomy":"product_cat","embeddable":true,"href":"https:\/\/kasskoer.ee\/en\/wp-json\/wp\/v2\/product_cat?post=16846"},{"taxonomy":"product_tag","embeddable":true,"href":"https:\/\/kasskoer.ee\/en\/wp-json\/wp\/v2\/product_tag?post=16846"}],"curies":[{"name":"wp","href":"https:\/\/api.w.org\/{rel}","templated":true}]}}