{"id":16873,"date":"2026-04-20T03:15:32","date_gmt":"2026-04-20T00:15:32","guid":{"rendered":"https:\/\/kasskoer.ee\/product\/brit-care-mini-sensitive-teraviljavaba-koeratoit-2-kg-2\/"},"modified":"2026-04-20T03:15:33","modified_gmt":"2026-04-20T00:15:33","slug":"brit-care-mini-sensitive-teraviljavaba-koeratoit-2-kg","status":"publish","type":"product","link":"https:\/\/kasskoer.ee\/en\/toode\/brit-care-mini-sensitive-teraviljavaba-koeratoit-2-kg\/","title":{"rendered":"Brit Care Mini Sensitive teraviljavaba koeratoit 2 kg"},"content":{"rendered":"<p><b>Brit Care Mini teraviljavaba t\u00e4iss\u00f6\u00f6t tundliku seedimisega koertele hirvelihaga.<\/b><br \/>&#13;<br \/>\n<br \/>&#13;<br \/>\n<b>Koostis<\/b><br \/>&#13;<br \/>\nHirv (40%), kollane hernes, kanarasv (s\u00e4ilitatud tokoferoolidega), kikerherned, tatar, kuivatatud \u00f5unad, l\u00f5he\u00f5li (3%), linaseemned (3%), \u00f5llep\u00e4rm, vetikad (0,5%, Ascophyllum nodosum), h\u00fcdrol\u00fc\u00fcsitud koorikloomade kestad (gl\u00fckoosamiini allikas, 260 mg\/kg), mustikad (230 mg\/kg, pol\u00fcfenoolide allikas 70 mg\/kg ja flavonoidide allikas 30 mg\/kg), k\u00f5hre-ekstrakt (kondroitiini allikas, 160 mg\/kg), mannan-oligosahhariidid (150 mg\/kg), \u00fcrdid ja puuviljad (rosmariin, nelk, tsitrus, kurkum, 150 mg\/kg), frukto-oligosahhariidid (100 mg\/kg), yucca schidigera (100 mg\/kg), inuliin (90 mg\/kg), maarjaohakas (75 mg\/kg), astelpaju (75 mg\/kg), kummel (30 mg\/kg), nelk (30 mg\/kg), salvei (25 mg\/kg).<br \/>&#13;<br \/>\n<br \/>&#13;<br \/>\n<b>Anal\u00fc\u00fctiline koostis<\/b><br \/>&#13;<br \/>\nToorvalk 28%, toorrasv 17%, niiskus 10%, toortuhk 8,8%, toorkiud 2%, kaltsium 1,4%, fosfor 1%, oomega-3 1,1%, oomega-6 2,2%.<br \/>&#13;<br \/>\n<br \/>&#13;<br \/>\n<b>S\u00f6\u00f6dalisandid (1 kg kohta)<\/b><br \/>&#13;<br \/>\nToitainelised lisandid: vitamiin A (3a672a) 20 000 R\u00dc, vitamiin D\u2083 (E671) 1 500 R\u00dc, vitamiin E (\u03b1-tokoferool, 3a700) 500 mg, vitamiin C (3a312) 300 mg, koliinklorid (3a890) 700 mg, tauriin (3a370) 200 mg, biotiin (3a880) 3 mg, vitamiin B\u2081 (3a821) 1 mg, vitamiin B\u2082 4 mg, niatsiinamiid (3a315) 12 mg, kaltsium-D-pantotenaat (3a841) 10 mg, vitamiin B\u2086 (3a831) 1 mg, folaathape (3a316) 0,5 mg, vitamiin B\u2081\u2082 0,04 mg, L-karnitiin (3a910) 200 mg, tsink (3b606) 100 mg, raud (E1) 80 mg, mangaan (E5) 40 mg, jood (3b201) 0,75 mg, vask (E4) 15 mg, seleen (3b8.10) 0,2 mg. Sisaldab EL-i heakskiidetud antioks\u00fcdante.<br \/>&#13;<br \/>\n<br \/>&#13;<br \/>\n<b>Metaboliseeruv energia<\/b><br \/>&#13;<br \/>\n3860kcal\/kg<br \/>&#13;<br \/>\n<br \/>&#13;<br \/>\n<b>S\u00f6\u00f6tmisjuhend<\/b><br \/>&#13;<br \/>\nMinit\u00f5ugu koertel on suurem energiavajadus ning suhteliselt v\u00e4ikesed seedetrakt ja magu. Seet\u00f5ttu tuleb toitmistabelis olev soovitatav p\u00e4evane annus jagada p\u00e4eva peale 2\u20133 \u00fchesuuruseks portsjoniks. Andke kuivalt v\u00f5i kergelt sooja veega niisutatult. Brit Care\u2019i s\u00f6\u00f6da esmakordsel andmisel segage seda varasema s\u00f6\u00f6daga ning suurendage 7 p\u00e4eva jooksul j\u00e4rk-j\u00e4rgult Brit Care\u2019i s\u00f6\u00f6da kogust. P\u00e4evane annus v\u00f5ib varieeruda s\u00f5ltuvalt keskkonnast, koera aktiivsusest ja vanusest. Tagage koerale alati juurdep\u00e4\u00e4s v\u00e4rskele joogiveele.<br \/>&#13;<br \/>\n<br \/>&#13;<br \/>\n<b>P\u00e4evane soovituslik kogus<\/b><br \/>&#13;<\/p>\n<figure class=\"table\">\n<table>\n<tbody>\n<tr>\n<th rowspan=\"2\"> <\/th>\n<th colspan=\"7\"><strong>Koera kehakaal (kg)<\/strong><\/th>\n<\/tr>\n<tr>\n<th><strong>1<\/strong><\/th>\n<th><strong>2<\/strong><\/th>\n<th><strong>4<\/strong><\/th>\n<th><strong>6<\/strong><\/th>\n<th><strong>8<\/strong><\/th>\n<th><strong>10<\/strong><\/th>\n<th><strong>10<\/strong><\/th>\n<\/tr>\n<tr>\n<th rowspan=\"1\"><strong>P\u00e4evane annus (g)<\/strong><\/th>\n<th>30<\/th>\n<th>40<\/th>\n<th>60<\/th>\n<th>80<\/th>\n<th>110<\/th>\n<th>130<\/th>\n<th>Anda s\u00f6\u00f6ta Adult Medium Breed<\/th>\n<\/tr>\n<\/tbody>\n<\/table>\n<\/figure>\n","protected":false},"excerpt":{"rendered":"<p>Brit Care Mini teraviljavaba t\u00e4isv\u00e4\u00e4rtuslik toit tundliku seedimisega koertele hirvelihaga.<\/p>\n","protected":false},"featured_media":6466,"template":"","meta":[],"product_cat":[688,64],"product_tag":[],"class_list":{"0":"post-16873","1":"product","2":"type-product","3":"status-publish","4":"has-post-thumbnail","6":"product_cat-koerad","7":"product_cat-koeratoit","8":"pa_brand-brit-care","9":"pa_ean-137","10":"pa_kaal-2-000","11":"pa_tootjariik-tsehhi","13":"first","14":"instock","15":"taxable","16":"shipping-taxable","17":"purchasable","18":"product-type-simple"},"_links":{"self":[{"href":"https:\/\/kasskoer.ee\/en\/wp-json\/wp\/v2\/product\/16873","targetHints":{"allow":["GET"]}}],"collection":[{"href":"https:\/\/kasskoer.ee\/en\/wp-json\/wp\/v2\/product"}],"about":[{"href":"https:\/\/kasskoer.ee\/en\/wp-json\/wp\/v2\/types\/product"}],"wp:featuredmedia":[{"embeddable":true,"href":"https:\/\/kasskoer.ee\/en\/wp-json\/wp\/v2\/media\/6466"}],"wp:attachment":[{"href":"https:\/\/kasskoer.ee\/en\/wp-json\/wp\/v2\/media?parent=16873"}],"wp:term":[{"taxonomy":"product_cat","embeddable":true,"href":"https:\/\/kasskoer.ee\/en\/wp-json\/wp\/v2\/product_cat?post=16873"},{"taxonomy":"product_tag","embeddable":true,"href":"https:\/\/kasskoer.ee\/en\/wp-json\/wp\/v2\/product_tag?post=16873"}],"curies":[{"name":"wp","href":"https:\/\/api.w.org\/{rel}","templated":true}]}}