{"id":16874,"date":"2026-04-20T03:15:32","date_gmt":"2026-04-20T00:15:32","guid":{"rendered":"https:\/\/kasskoer.ee\/product\/brit-care-mini-light-sterilised-teraviljavaba-koeratoit-2-kg-2\/"},"modified":"2026-04-20T03:15:33","modified_gmt":"2026-04-20T00:15:33","slug":"brit-care-mini-light-sterilised-teraviljavaba-koeratoit-2-kg","status":"publish","type":"product","link":"https:\/\/kasskoer.ee\/en\/toode\/brit-care-mini-light-sterilised-teraviljavaba-koeratoit-2-kg\/","title":{"rendered":"Brit Care Mini Light &#038; Sterilised teraviljavaba koeratoit 2 kg"},"content":{"rendered":"<p><b>Brit Care Mini teraviljavaba t\u00e4iss\u00f6\u00f6t j\u00e4neseliha ja l\u00f5hega steriliseeritud ja \u00fclekaalulistele v\u00e4ikest t\u00f5ugu koertele.<\/b><br \/>&#13;<br \/>\n<br \/>&#13;<br \/>\n<b>Koostis<\/b><br \/>&#13;<br \/>\nJ\u00e4neselihajahu (25%), v\u00e4rske l\u00f5hevalk (15%), kollane hernes, kikerherned, bambusest lignotselluloos, kuivatatud \u00f5unad, tatar, linaseemned (4%), kanarasv (s\u00e4ilitatud tokoferoolidega), l\u00f5he\u00f5li (2%), ps\u00fclliumikestad ja -seemned (1%), \u00f5llep\u00e4rm, vetikad (0,5%, Ascophyllum nodosum), naatriumkloriid, h\u00fcdrol\u00fc\u00fcsitud koorikloomade kestad (gl\u00fckoosamiidi allikas 260 mg\/kg), mustikad (230 mg\/kg, pol\u00fcfenoolide allikas 70 mg\/kg ja flavonoidide allikas 30 mg\/kg), k\u00f5hrekstrakt (kondroitiini allikas 160 mg\/kg), mannanoligosahhariidid (150 mg\/kg), \u00fcrdid ja puuviljad (rosmariin, nelk, tsitrus, kurkum 150 mg\/kg), fruktooligosahhariidid (100 mg\/kg), t\u00e4\u00e4kliilia (Mojave yukka) (100 mg\/kg), j\u00f5hvikad (100 mg\/kg), inuliin (90 mg\/kg), maarjapiimohakas (75 mg\/kg), astelpaju (75 mg\/kg), kummel (30 mg\/kg), nelk (30 mg\/kg), salvei (25 mg\/kg).<br \/>&#13;<br \/>\n<br \/>&#13;<br \/>\n<b>Anal\u00fc\u00fctiline koostis<\/b><br \/>&#13;<br \/>\nToorvalk 26%, toorrasv 12%, niiskus 10%, toortuhk 5,5%, toorkiud 8,5%, kaltsium 1,3%, fosfor 0,9%, oomega-3 rasvhapped 1,5%, oomega-6 rasvhapped 1,3%.<br \/>&#13;<br \/>\n<br \/>&#13;<br \/>\n<b>S\u00f6\u00f6dalisandid (1 kg kohta)<\/b><br \/>&#13;<br \/>\nToitainelised lisandid: vitamiin A (3a672a) 20 000 R\u00dc, vitamiin D\u2083 (E671) 1 500 R\u00dc, vitamiin E (\u03b1-tokoferool, 3a700) 500 mg, vitamiin C (3a312) 300 mg, koliinkloriid (3a890) 700 mg, tauriin (3a370) 200 mg, biotiin (3a880) 3 mg, vitamiin B\u2081 (3a821) 1 mg, vitamiin B\u2082 4 mg, niatsiinamiid (3a315) 12 mg, kaltsium-D-pantotenaat (3a841) 10 mg, vitamiin B\u2086 (3a831) 1 mg, foolhape (3a316) 0,5 mg, vitamiin B\u2081\u2082 0,04 mg, L-karnitiin (3a910) 200 mg, tsink (3b606) 100 mg, raud (E1) 80 mg, mangaan (E5) 40 mg, jood (3b201) 0,75 mg, vask (E4) 15 mg, seleen (3b8.10) 0,2 mg. Sisaldab EL-i heakskiidetud antioks\u00fcdante.<br \/>&#13;<br \/>\n<br \/>&#13;<br \/>\n<b>Metaboliseeruv energia<\/b><br \/>&#13;<br \/>\n3800kcal\/kg<br \/>&#13;<br \/>\n<br \/>&#13;<br \/>\n<b>S\u00f6\u00f6tmisjuhend<\/b><br \/>&#13;<br \/>\nMini t\u00f5ugudel on k\u00f5rgendatud energiavajadus ja suhteliselt v\u00e4ike magu ja seedeelundkond. Seet\u00f5ttu tuleks pakendil olevas tabelis n\u00e4idatud p\u00e4evane soovituslik toidukogus jagada 2-3 v\u00f5rdseks osaks. Pakkuda kuivalt v\u00f5i niisutatuna k\u00e4esooja veega. P\u00e4evane annus v\u00f5ib erineda pakendil toodust vastavalt teie koera aktiivsusele, elukeskkonnale ja vanusele. Veendu, et v\u00e4rske vesi oleks alati saadaval.<br \/>&#13;<br \/>\n<br \/>&#13;<br \/>\n<b>P\u00e4evane soovituslik kogus<\/b><br \/>&#13;<\/p>\n<figure class=\"table\">\n<table>\n<tbody>\n<tr>\n<th rowspan=\"2\">&nbsp;<\/th>\n<th colspan=\"6\"><strong>Koera kehakaal (kg)<\/strong><\/th>\n<\/tr>\n<tr>\n<th><strong>1<\/strong><\/th>\n<th><strong>2<\/strong><\/th>\n<th><strong>4<\/strong><\/th>\n<th><strong>6<\/strong><\/th>\n<th><strong>8<\/strong><\/th>\n<th><strong>10<\/strong><\/th>\n<\/tr>\n<tr>\n<th rowspan=\"1\"><strong>P\u00e4evane kogus (g) kehakaalu hoidmiseks<\/strong><\/th>\n<th>40<\/th>\n<th>50<\/th>\n<th>60<\/th>\n<th>90<\/th>\n<th>120<\/th>\n<th>145<\/th>\n<\/tr>\n<tr>\n<th><strong>P\u00e4evane kogus (g) kehakaalu langetamiseks<\/strong><\/th>\n<th>30<\/th>\n<th>40<\/th>\n<th>55<\/th>\n<th>80<\/th>\n<th>100<\/th>\n<th>120<\/th>\n<\/tr>\n<\/tbody>\n<\/table>\n<\/figure>\n","protected":false},"excerpt":{"rendered":"<p>Brit Care Mini teraviljavaba t\u00e4isv\u00e4\u00e4rtuslik toit steriliseeritud ja \u00fclekaalulistele v\u00e4ikest t\u00f5ugu koertele j\u00e4neseliha ja l\u00f5hega.<\/p>\n","protected":false},"featured_media":6467,"template":"","meta":[],"product_cat":[688,64],"product_tag":[],"class_list":{"0":"post-16874","1":"product","2":"type-product","3":"status-publish","4":"has-post-thumbnail","6":"product_cat-koerad","7":"product_cat-koeratoit","8":"pa_brand-brit-care","9":"pa_ean-129","10":"pa_kaal-2-000","11":"pa_tootjariik-tsehhi","13":"first","14":"instock","15":"taxable","16":"shipping-taxable","17":"purchasable","18":"product-type-simple"},"_links":{"self":[{"href":"https:\/\/kasskoer.ee\/en\/wp-json\/wp\/v2\/product\/16874","targetHints":{"allow":["GET"]}}],"collection":[{"href":"https:\/\/kasskoer.ee\/en\/wp-json\/wp\/v2\/product"}],"about":[{"href":"https:\/\/kasskoer.ee\/en\/wp-json\/wp\/v2\/types\/product"}],"wp:featuredmedia":[{"embeddable":true,"href":"https:\/\/kasskoer.ee\/en\/wp-json\/wp\/v2\/media\/6467"}],"wp:attachment":[{"href":"https:\/\/kasskoer.ee\/en\/wp-json\/wp\/v2\/media?parent=16874"}],"wp:term":[{"taxonomy":"product_cat","embeddable":true,"href":"https:\/\/kasskoer.ee\/en\/wp-json\/wp\/v2\/product_cat?post=16874"},{"taxonomy":"product_tag","embeddable":true,"href":"https:\/\/kasskoer.ee\/en\/wp-json\/wp\/v2\/product_tag?post=16874"}],"curies":[{"name":"wp","href":"https:\/\/api.w.org\/{rel}","templated":true}]}}