{"id":16877,"date":"2026-04-20T03:15:32","date_gmt":"2026-04-20T00:15:32","guid":{"rendered":"https:\/\/kasskoer.ee\/product\/brit-care-mini-adult-lamb-teraviljavaba-koeratoit-2-kg-2\/"},"modified":"2026-04-20T03:15:33","modified_gmt":"2026-04-20T00:15:33","slug":"brit-care-mini-adult-lamb-teraviljavaba-koeratoit-2-kg","status":"publish","type":"product","link":"https:\/\/kasskoer.ee\/en\/toode\/brit-care-mini-adult-lamb-teraviljavaba-koeratoit-2-kg\/","title":{"rendered":"Brit Care Mini Adult Lamb teraviljavaba koeratoit 2 kg"},"content":{"rendered":"<p><b>Brit Care Mini teraviljavaba t\u00e4iss\u00f6\u00f6t v\u00e4ikest t\u00f5ugu koertele lambalihaga.<\/b><br \/>&#13;<br \/>\n<br \/>&#13;<br \/>\n<b>Koostis<\/b><br \/>&#13;<br \/>\nLambalihajahu (30%), v\u00e4rske lambavalk (15%), kollane hernes, kanarasv (s\u00e4ilitatud tokoferoolidega), kikerherned, tatar, kuivatatud \u00f5unad, linaseemned (3%), l\u00f5he\u00f5li (2%), \u00f5llep\u00e4rm, vetikad (0,5%, Ascophyllum nodosum), h\u00fcdrol\u00fc\u00fcsitud koorikloomade kestad (gl\u00fckoosamiini allikas, 260 mg\/kg), mustikad (230 mg\/kg, pol\u00fcfenoolide allikas 70 mg\/kg ja flavonoidide 30 mg\/kg), k\u00f5hreekstrakt (kondroitiini allikas, 160 mg\/kg), mannan-oligosahhariidid (150 mg\/kg), \u00fcrdid ja puuviljad (rosmariin, nelk, tsitrus, kurkum, 150 mg\/kg), frukto-oligosahhariidid (100 mg\/kg), t\u00e4\u00e4kliilia (Yucca schidigera, 100 mg\/kg), inuliin (90 mg\/kg), maarjaohakas (75 mg\/kg), astelpaju (75 mg\/kg), kummel (30 mg\/kg), nelk (30 mg\/kg), salvei (25 mg\/kg).<br \/>&#13;<br \/>\n<br \/>&#13;<br \/>\n<b>Anal\u00fc\u00fctiline koostis<\/b><br \/>&#13;<br \/>\nToorvalk 29,0%, toorrasv 18,0%, niiskus 10,0%, toortuhk 8,4%, toorkiud 2,5%, kaltsium 1,6%, fosfor 1,3%, oomega-3 rasvhapped 1,1%, oomega-6 rasvhapped 2,3%.<br \/>&#13;<br \/>\n<br \/>&#13;<br \/>\n<b>S\u00f6\u00f6dalisandid (1 kg kohta)<\/b><br \/>&#13;<br \/>\nToitainelised lisandid: vitamiin A (3a672a) 20 000 R\u00dc, vitamiin D\u2083 (E671) 1 500 R\u00dc, vitamiin E (\u03b1-tokoferool) (3a700) 500 mg, vitamiin C (3a312) 300 mg, koliinkloriid (3a890) 700 mg, tauriin (3a370) 200 mg, biotiin (3a880) 3 mg, vitamiin B\u2081 (3a821) 1 mg, vitamiin B\u2082 4 mg, niatsiinamiid (3a315) 12 mg, kaltsium-D-pantotenaat (3a841) 10 mg, vitamiin B\u2086 (3a831) 1 mg, foolhape (3a316) 0,5 mg, vitamiin B\u2081\u2082 0,04 mg, tsink (3b606) 100 mg, raud (3b106) 80 mg, mangaan (E5) 40 mg, jood (3b201) 0,75 mg, vask (E4) 15 mg, seleen (3b8.10) 0,2 mg. Sisaldab EL-i heakskiidetud antioks\u00fcdante.<br \/>&#13;<br \/>\n<br \/>&#13;<br \/>\n<b>Metaboliseeruv energia<\/b><br \/>&#13;<br \/>\n3880 kcal\/kg<br \/>&#13;<br \/>\n<br \/>&#13;<br \/>\n<b>S\u00f6\u00f6tmissoovitus<\/b><br \/>&#13;<br \/>\nMini t\u00f5ugudel on k\u00f5rgemad energiavajadused ja suhteliselt v\u00e4ike seedeektrakt ja k\u00f5ht. Seet\u00f5ttu n\u00e4idatud soovituslik p\u00e4evane kogus jagada 2-3 v\u00f5rdsesse osasse. Serveeri kuivalt v\u00f5i leige veega. Esmakordsel toitmisel Brit Care toiduga on soovituslik segada  see eelmise toiduga ja j\u00e4rkj\u00e4rgult suurendada Brit Care toidu kogust. Seitsme p\u00e4eva jooksul v\u00f5ib t\u00e4ielikult \u00fcle minna uuele toidule. P\u00e4eva toidukogus v\u00f5ib varieeruda s\u00f5ltuvalt teie koera keskkonnas, aktiivsuse tasemest ja vanusest. Veenduge, et teie koeral on alati saadaval v\u00e4rske joogivesi.<br \/>&#13;<br \/>\n<br \/>&#13;<br \/>\n<b>Soovituslik p\u00e4evane kogus<\/b><br \/>&#13;\n<\/p>\n<figure class=\"table\">\n<table>\n<tbody>\n<tr>\n<td rowspan=\"2\"> <\/td>\n<td colspan=\"12\"><strong>Koera kaal (kg)<\/strong><\/td>\n<\/tr>\n<tr>\n<td><strong>1<\/strong><\/td>\n<td><strong>2<\/strong><\/td>\n<td><strong>4<\/strong><\/td>\n<td><strong>6<\/strong><\/td>\n<td><strong>8<\/strong><\/td>\n<td><strong>10<\/strong><\/td>\n<td><strong>10<\/strong><\/td>\n<td> <\/td>\n<td> <\/td>\n<td> <\/td>\n<td> <\/td>\n<td> <\/td>\n<\/tr>\n<tr>\n<td><strong>P\u00e4evane soovituslik kogus (g\/p\u00e4evas)<\/strong><\/td>\n<td>30<\/td>\n<td>40<\/td>\n<td>55<\/td>\n<td>75<\/td>\n<td>105<\/td>\n<td>120<\/td>\n<td>Adult Medium Breed<\/td>\n<td> <\/td>\n<td> <\/td>\n<td> <\/td>\n<td> <\/td>\n<td> <\/td>\n<\/tr>\n<\/tbody>\n<\/table>\n<\/figure>\n","protected":false},"excerpt":{"rendered":"<p>Brit Care Mini t\u00e4istoit v\u00e4ikest t\u00f5ugu t\u00e4iskasvanud koertele lambalihaga.<\/p>\n","protected":false},"featured_media":6470,"template":"","meta":[],"product_cat":[688,64],"product_tag":[],"class_list":{"0":"post-16877","1":"product","2":"type-product","3":"status-publish","4":"has-post-thumbnail","6":"product_cat-koerad","7":"product_cat-koeratoit","8":"pa_brand-brit-care","9":"pa_ean-125","10":"pa_kaal-2-000","11":"pa_tootjariik-tsehhi","13":"first","14":"instock","15":"taxable","16":"shipping-taxable","17":"purchasable","18":"product-type-simple"},"_links":{"self":[{"href":"https:\/\/kasskoer.ee\/en\/wp-json\/wp\/v2\/product\/16877","targetHints":{"allow":["GET"]}}],"collection":[{"href":"https:\/\/kasskoer.ee\/en\/wp-json\/wp\/v2\/product"}],"about":[{"href":"https:\/\/kasskoer.ee\/en\/wp-json\/wp\/v2\/types\/product"}],"wp:featuredmedia":[{"embeddable":true,"href":"https:\/\/kasskoer.ee\/en\/wp-json\/wp\/v2\/media\/6470"}],"wp:attachment":[{"href":"https:\/\/kasskoer.ee\/en\/wp-json\/wp\/v2\/media?parent=16877"}],"wp:term":[{"taxonomy":"product_cat","embeddable":true,"href":"https:\/\/kasskoer.ee\/en\/wp-json\/wp\/v2\/product_cat?post=16877"},{"taxonomy":"product_tag","embeddable":true,"href":"https:\/\/kasskoer.ee\/en\/wp-json\/wp\/v2\/product_tag?post=16877"}],"curies":[{"name":"wp","href":"https:\/\/api.w.org\/{rel}","templated":true}]}}