{"id":16878,"date":"2026-04-20T03:15:32","date_gmt":"2026-04-20T00:15:32","guid":{"rendered":"https:\/\/kasskoer.ee\/product\/lolo-pets-smakers-3in1-maiusepulgad-narilistele-pahklite-metsmarjade-ja-popcorniga-3tk-135g-2\/"},"modified":"2026-04-20T03:15:33","modified_gmt":"2026-04-20T00:15:33","slug":"lolo-pets-smakers-3in1-maiusepulgad-narilistele-pahklite-metsmarjade-ja-popcorniga-3tk-135g","status":"publish","type":"product","link":"https:\/\/kasskoer.ee\/en\/toode\/lolo-pets-smakers-3in1-maiusepulgad-narilistele-pahklite-metsmarjade-ja-popcorniga-3tk-135g\/","title":{"rendered":"LoLo Pets Smakers 3in1 maiusepulgad n\u00e4rilistele p\u00e4hklite, metsmarjade ja popcorniga 3tk 135g"},"content":{"rendered":"<p>Pakis 3 eri sorti pulkasid: p\u00e4hklitega, metsmarjadega ja popcorniga.<br \/>&#13;<br \/>\n<br \/>&#13;<br \/>\n<b>Koostis<\/b><br \/>&#13;<br \/>\nP\u00e4hklipulk: nisu, nisujahu, kooritud kaer, maap\u00e4hkel (11,5%), kookosp\u00e4hkel, p\u00e4rm.<br \/>&#13;<br \/>\nMetsmarjapulk: nisu, nisujahu, kooritud kaer, kibuvits (4%), aroonia, kadakamarjad, pihlakad (4%), leedrimarjad (4%), s\u00f5strad.<br \/>&#13;<br \/>\nPopcornipulk: nisujahu, nisu, maisijahu,r\u00f6stitud porgand, p\u00e4rm.<br \/>&#13;<br \/>\nLisandid: v\u00e4rvained.<br \/>&#13;<br \/>\n<br \/>&#13;<br \/>\n<b>Anal\u00fc\u00fctilised koostisosad<\/b><br \/>&#13;<br \/>\nToorvalk (min) 9,7%, toorrasv (min) 5,2%, toorkiud (maks) 6,2%, toortuhk (maks) 4,1%, niiskus (maks) 12,0%.<\/p>\n","protected":false},"excerpt":{"rendered":"<p>LoLo Pets maiused &#8220;Smakers&#8221; n\u00e4rilistele ja j\u00e4nestele.<\/p>\n","protected":false},"featured_media":13804,"template":"","meta":[],"product_cat":[693,3078,994],"product_tag":[],"class_list":{"0":"post-16878","1":"product","2":"type-product","3":"status-publish","4":"has-post-thumbnail","6":"product_cat-muud-loomad","7":"product_cat-narilised","8":"product_cat-nariliste-maiused","9":"pa_brand-lolo-pets","10":"pa_ean-1254","11":"pa_kaal-0-135","12":"pa_tootjariik-poola","14":"first","15":"instock","16":"taxable","17":"shipping-taxable","18":"purchasable","19":"product-type-simple"},"_links":{"self":[{"href":"https:\/\/kasskoer.ee\/en\/wp-json\/wp\/v2\/product\/16878","targetHints":{"allow":["GET"]}}],"collection":[{"href":"https:\/\/kasskoer.ee\/en\/wp-json\/wp\/v2\/product"}],"about":[{"href":"https:\/\/kasskoer.ee\/en\/wp-json\/wp\/v2\/types\/product"}],"wp:featuredmedia":[{"embeddable":true,"href":"https:\/\/kasskoer.ee\/en\/wp-json\/wp\/v2\/media\/13804"}],"wp:attachment":[{"href":"https:\/\/kasskoer.ee\/en\/wp-json\/wp\/v2\/media?parent=16878"}],"wp:term":[{"taxonomy":"product_cat","embeddable":true,"href":"https:\/\/kasskoer.ee\/en\/wp-json\/wp\/v2\/product_cat?post=16878"},{"taxonomy":"product_tag","embeddable":true,"href":"https:\/\/kasskoer.ee\/en\/wp-json\/wp\/v2\/product_tag?post=16878"}],"curies":[{"name":"wp","href":"https:\/\/api.w.org\/{rel}","templated":true}]}}