{"id":16879,"date":"2026-04-20T03:15:32","date_gmt":"2026-04-20T00:15:32","guid":{"rendered":"https:\/\/kasskoer.ee\/product\/record-narimiskont-presskont-31cm-2\/"},"modified":"2026-04-20T03:15:33","modified_gmt":"2026-04-20T00:15:33","slug":"record-narimiskont-presskont-31cm","status":"publish","type":"product","link":"https:\/\/kasskoer.ee\/en\/toode\/record-narimiskont-presskont-31cm\/","title":{"rendered":"Record n\u00e4rimiskont presskont 31cm"},"content":{"rendered":"<li>Kondid rahuldavad koera loomulikku n\u00e4rimisvajadust, stimuleerivad ja tugevdavad koera igemelihaseid ning leevendavad \u00e4revus- ja \u00fcksindustunnet.<\/li>\n<p>&#13;<\/p>\n<li>N\u00e4rimine aitab v\u00e4hendada ka hambakattu ja hambakivi.<\/li>\n<p>&#13;<\/p>\n<li>Need ei sisalda v\u00e4rvaineid ega maitseaineid ning on kauakestvad.<\/li>\n<p>&#13;<\/p>\n<li>Suur kont sobib ideaalselt keskmistele ja suurtele t\u00f5ugudele.<\/li>\n<p>&#13;<br \/>\n&#13;<br \/>\n<br \/><b>Koostis<\/b><br \/>&#13;<br \/>\nToornahk 99%, tapioki t\u00e4rklis 1%.&#13;<br \/>\n<br \/>&#13;<br \/>\n<br \/><b>Anal\u00fc\u00fctilised koostisosad<\/b><br \/>&#13;<br \/>\nToorproteiin 82%, toor\u00f5lid ja -rasvad 1.0%, toorkiud 0.8%, niiskus 16.0%, toortuhk 1.0%.<\/p>\n","protected":false},"excerpt":{"rendered":"<p>Record suur toornahast n\u00e4rimiskont koertele.<\/p>\n","protected":false},"featured_media":13806,"template":"","meta":[],"product_cat":[1332,688],"product_tag":[],"class_list":{"0":"post-16879","1":"product","2":"type-product","3":"status-publish","4":"has-post-thumbnail","6":"product_cat-koerte-narimiskondid","7":"product_cat-koerad","8":"pa_brand-record","9":"pa_ean-1802","10":"pa_kaal-0-450","11":"pa_tootjariik-hiina","13":"first","14":"instock","15":"taxable","16":"shipping-taxable","17":"purchasable","18":"product-type-simple"},"_links":{"self":[{"href":"https:\/\/kasskoer.ee\/en\/wp-json\/wp\/v2\/product\/16879","targetHints":{"allow":["GET"]}}],"collection":[{"href":"https:\/\/kasskoer.ee\/en\/wp-json\/wp\/v2\/product"}],"about":[{"href":"https:\/\/kasskoer.ee\/en\/wp-json\/wp\/v2\/types\/product"}],"wp:featuredmedia":[{"embeddable":true,"href":"https:\/\/kasskoer.ee\/en\/wp-json\/wp\/v2\/media\/13806"}],"wp:attachment":[{"href":"https:\/\/kasskoer.ee\/en\/wp-json\/wp\/v2\/media?parent=16879"}],"wp:term":[{"taxonomy":"product_cat","embeddable":true,"href":"https:\/\/kasskoer.ee\/en\/wp-json\/wp\/v2\/product_cat?post=16879"},{"taxonomy":"product_tag","embeddable":true,"href":"https:\/\/kasskoer.ee\/en\/wp-json\/wp\/v2\/product_tag?post=16879"}],"curies":[{"name":"wp","href":"https:\/\/api.w.org\/{rel}","templated":true}]}}