{"id":16880,"date":"2026-04-20T03:15:32","date_gmt":"2026-04-20T00:15:32","guid":{"rendered":"https:\/\/kasskoer.ee\/product\/record-con-amore-kassitualett-51x39x19cm-2\/"},"modified":"2026-04-20T03:15:33","modified_gmt":"2026-04-20T00:15:33","slug":"record-con-amore-kassitualett-51x39x19cm","status":"publish","type":"product","link":"https:\/\/kasskoer.ee\/en\/toode\/record-con-amore-kassitualett-51x39x19cm\/","title":{"rendered":"Record Con Amore kassitualett 51x39x19cm"},"content":{"rendered":"<p>\u00c4\u00e4risega kassitualett. \u00c4\u00e4rise alla on mugav kinnitada liivakastile m\u00f5eldud kilekotti ning samuti aitab v\u00e4ltida pritsimist v\u00e4ljapoole kasti.<br \/> \u00c4\u00e4ris on eemaldatav mugavaks puhastamiseks.<\/p>\n<p> <strong>M\u00f5\u00f5tmed<\/strong><br \/> 51x39x19cm<\/p>\n","protected":false},"excerpt":{"rendered":"<p>Record Con Amore seeria liivakast kassile.<\/p>\n","protected":false},"featured_media":13810,"template":"","meta":[],"product_cat":[692,1001],"product_tag":[],"class_list":{"0":"post-16880","1":"product","2":"type-product","3":"status-publish","4":"has-post-thumbnail","6":"product_cat-lemmikutele-lisaks","7":"product_cat-tualetid","8":"pa_brand-record","9":"pa_ean-1017","10":"pa_kaal-1-000","11":"pa_tootjariik-itaalia","13":"first","14":"instock","15":"taxable","16":"shipping-taxable","17":"purchasable","18":"product-type-simple"},"_links":{"self":[{"href":"https:\/\/kasskoer.ee\/en\/wp-json\/wp\/v2\/product\/16880","targetHints":{"allow":["GET"]}}],"collection":[{"href":"https:\/\/kasskoer.ee\/en\/wp-json\/wp\/v2\/product"}],"about":[{"href":"https:\/\/kasskoer.ee\/en\/wp-json\/wp\/v2\/types\/product"}],"wp:featuredmedia":[{"embeddable":true,"href":"https:\/\/kasskoer.ee\/en\/wp-json\/wp\/v2\/media\/13810"}],"wp:attachment":[{"href":"https:\/\/kasskoer.ee\/en\/wp-json\/wp\/v2\/media?parent=16880"}],"wp:term":[{"taxonomy":"product_cat","embeddable":true,"href":"https:\/\/kasskoer.ee\/en\/wp-json\/wp\/v2\/product_cat?post=16880"},{"taxonomy":"product_tag","embeddable":true,"href":"https:\/\/kasskoer.ee\/en\/wp-json\/wp\/v2\/product_tag?post=16880"}],"curies":[{"name":"wp","href":"https:\/\/api.w.org\/{rel}","templated":true}]}}