{"id":16881,"date":"2026-04-20T03:15:32","date_gmt":"2026-04-20T00:15:32","guid":{"rendered":"https:\/\/kasskoer.ee\/product\/record-puuvillane-noorilelu-koertele-38cm-2\/"},"modified":"2026-04-20T03:15:33","modified_gmt":"2026-04-20T00:15:33","slug":"record-puuvillane-noorilelu-koertele-38cm","status":"publish","type":"product","link":"https:\/\/kasskoer.ee\/en\/toode\/record-puuvillane-noorilelu-koertele-38cm\/","title":{"rendered":"Record puuvillane n\u00f6\u00f6rilelu koertele 38cm"},"content":{"rendered":"<p>N\u00f6\u00f6rim\u00e4nguasja v\u00e4limine osa on valmistatud puuvillast ja looduslikust kiust.<br \/> N\u00f6\u00f6ri sisemus on valmistatud 70% puuvillast ja 30% pol\u00fcesterist.<\/p>\n","protected":false},"excerpt":{"rendered":"<p>Record vastupidav puuvillane n\u00f6\u00f6rilelu koertele 38cm.<\/p>\n","protected":false},"featured_media":6475,"template":"","meta":[],"product_cat":[1326,688],"product_tag":[],"class_list":{"0":"post-16881","1":"product","2":"type-product","3":"status-publish","4":"has-post-thumbnail","6":"product_cat-koerte-manguasjad","7":"product_cat-koerad","8":"pa_brand-record","9":"pa_ean-545","10":"pa_kaal-0-270","11":"pa_tootjariik-itaalia","13":"first","14":"instock","15":"taxable","16":"shipping-taxable","17":"purchasable","18":"product-type-simple"},"_links":{"self":[{"href":"https:\/\/kasskoer.ee\/en\/wp-json\/wp\/v2\/product\/16881","targetHints":{"allow":["GET"]}}],"collection":[{"href":"https:\/\/kasskoer.ee\/en\/wp-json\/wp\/v2\/product"}],"about":[{"href":"https:\/\/kasskoer.ee\/en\/wp-json\/wp\/v2\/types\/product"}],"wp:featuredmedia":[{"embeddable":true,"href":"https:\/\/kasskoer.ee\/en\/wp-json\/wp\/v2\/media\/6475"}],"wp:attachment":[{"href":"https:\/\/kasskoer.ee\/en\/wp-json\/wp\/v2\/media?parent=16881"}],"wp:term":[{"taxonomy":"product_cat","embeddable":true,"href":"https:\/\/kasskoer.ee\/en\/wp-json\/wp\/v2\/product_cat?post=16881"},{"taxonomy":"product_tag","embeddable":true,"href":"https:\/\/kasskoer.ee\/en\/wp-json\/wp\/v2\/product_tag?post=16881"}],"curies":[{"name":"wp","href":"https:\/\/api.w.org\/{rel}","templated":true}]}}