{"id":16883,"date":"2026-04-20T03:15:32","date_gmt":"2026-04-20T00:15:32","guid":{"rendered":"https:\/\/kasskoer.ee\/product\/record-koeralelu-pall-6cm-2\/"},"modified":"2026-04-20T03:15:33","modified_gmt":"2026-04-20T00:15:33","slug":"record-koeralelu-pall-6cm","status":"publish","type":"product","link":"https:\/\/kasskoer.ee\/en\/toode\/record-koeralelu-pall-6cm\/","title":{"rendered":"Record koeralelu pall 6cm"},"content":{"rendered":"<p>Pehme ja r\u00f5\u00f5msates toonides sf\u00e4\u00e4rilise kujuga pall koerale.<\/p>\n","protected":false},"excerpt":{"rendered":"<p>TPR-st valmistatud v\u00e4rviline sf\u00e4\u00e4rilise kujuga koeram\u00e4nguasi.<\/p>\n","protected":false},"featured_media":13816,"template":"","meta":[],"product_cat":[1326,688],"product_tag":[],"class_list":{"0":"post-16883","1":"product","2":"type-product","3":"status-publish","4":"has-post-thumbnail","6":"product_cat-koerte-manguasjad","7":"product_cat-koerad","8":"pa_brand-record","9":"pa_ean-1667","10":"pa_kaal-0-060","11":"pa_tootjariik-hiina","13":"first","14":"instock","15":"taxable","16":"shipping-taxable","17":"purchasable","18":"product-type-simple"},"_links":{"self":[{"href":"https:\/\/kasskoer.ee\/en\/wp-json\/wp\/v2\/product\/16883","targetHints":{"allow":["GET"]}}],"collection":[{"href":"https:\/\/kasskoer.ee\/en\/wp-json\/wp\/v2\/product"}],"about":[{"href":"https:\/\/kasskoer.ee\/en\/wp-json\/wp\/v2\/types\/product"}],"wp:featuredmedia":[{"embeddable":true,"href":"https:\/\/kasskoer.ee\/en\/wp-json\/wp\/v2\/media\/13816"}],"wp:attachment":[{"href":"https:\/\/kasskoer.ee\/en\/wp-json\/wp\/v2\/media?parent=16883"}],"wp:term":[{"taxonomy":"product_cat","embeddable":true,"href":"https:\/\/kasskoer.ee\/en\/wp-json\/wp\/v2\/product_cat?post=16883"},{"taxonomy":"product_tag","embeddable":true,"href":"https:\/\/kasskoer.ee\/en\/wp-json\/wp\/v2\/product_tag?post=16883"}],"curies":[{"name":"wp","href":"https:\/\/api.w.org\/{rel}","templated":true}]}}